{"id":9084,"date":"2023-06-06T21:37:11","date_gmt":"2023-06-06T21:37:11","guid":{"rendered":"https:\/\/site.astrofoto.com.pt\/welcome\/?post_type=product&#038;p=9084"},"modified":"2026-01-21T17:05:27","modified_gmt":"2026-01-21T17:05:27","slug":"bijuteria-galaxys-relogio-solar-hipatia-de-alexandria","status":"publish","type":"product","link":"https:\/\/site.astrofoto.com.pt\/welcome\/produto\/bijuteria-galaxys-relogio-solar-hipatia-de-alexandria\/","title":{"rendered":"Bijuteria Galaxys Rel\u00f3gio Solar Hip\u00e1tia de Alexandria,"},"content":{"rendered":"<p><strong>Bijuteria Galaxys Rel\u00f5gio Solar Hip\u00e1tia de Alexandria<\/strong><\/p>\n<p><em>\u25baPara aquisi\u00e7\u00e3o contactar:<\/em><br \/>\n<em>Centro Ci\u00eancia Viva de Const\u00e2ncia<\/em><br \/>\n<em>249 739 066 (chamada rede fixa nacional) <\/em><br \/>\n<em>911588984 (chamada rede m\u00f3vel nacional)<\/em><\/p>\n<p>\u25ba Belo design de Rel\u00f3gio Solar inspirado em Hip\u00e1tia de Alexandria, a primeira astr\u00f3noma feminina.<\/p>\n<p>\u2022 Cord\u00e3o de couro 46cm<br \/>\n\u2022 Pingente Rel\u00f3gio 3 x 3 x 0,9cm.<\/p>\n<p>Belo desenho de Rel\u00f3gio Solar equatorial, inspirado na figura de Hip\u00e1tia de Alexandria, a primeira mulher astr\u00f3noma que se destacou nas ci\u00eancias da astronomia e da matem\u00e1tica no final do s\u00e9culo IV.<\/p>\n<p><strong>\u25baComo funciona<\/strong>: Fique em um local ensolarado e voltado para o sul, incline o rel\u00f3gio at\u00e9 que um raio de luz apare\u00e7a atrav\u00e9s da bola de cristal que iluminar\u00e1 a hora solar.<\/p>\n","protected":false},"excerpt":{"rendered":"<p>Bijuteria Galaxys Rel\u00f5gio Solar Hip\u00e1tia de Alexandria \u25baPara aquisi\u00e7\u00e3o contactar: Centro Ci\u00eancia Viva de Const\u00e2ncia 249 739 066 (chamada rede fixa nacional) 911588984 (chamada rede m\u00f3vel nacional) \u25ba Belo design de Rel\u00f3gio Solar inspirado em Hip\u00e1tia de Alexandria, a primeira astr\u00f3noma feminina. \u2022 Cord\u00e3o de couro 46cm \u2022 Pingente Rel\u00f3gio 3 x 3 x 0,9cm.<\/p>\n<div class=\"more-link\">\n\t\t\t\t <a href=\"https:\/\/site.astrofoto.com.pt\/welcome\/produto\/bijuteria-galaxys-relogio-solar-hipatia-de-alexandria\/\" class=\"btn theme-btn inverted\"><span>Continuar a Ler <\/span><\/a>\n\t\t\t<\/div>\n","protected":false},"featured_media":9062,"comment_status":"closed","ping_status":"closed","template":"","meta":[],"product_brand":[],"product_cat":[88],"product_tag":[],"class_list":{"0":"post-9084","1":"product","2":"type-product","3":"status-publish","4":"has-post-thumbnail","6":"product_cat-bijuteria-galatica","8":"first","9":"outofstock","10":"shipping-taxable","11":"purchasable","12":"product-type-simple"},"_links":{"self":[{"href":"https:\/\/site.astrofoto.com.pt\/welcome\/wp-json\/wp\/v2\/product\/9084","targetHints":{"allow":["GET"]}}],"collection":[{"href":"https:\/\/site.astrofoto.com.pt\/welcome\/wp-json\/wp\/v2\/product"}],"about":[{"href":"https:\/\/site.astrofoto.com.pt\/welcome\/wp-json\/wp\/v2\/types\/product"}],"replies":[{"embeddable":true,"href":"https:\/\/site.astrofoto.com.pt\/welcome\/wp-json\/wp\/v2\/comments?post=9084"}],"wp:featuredmedia":[{"embeddable":true,"href":"https:\/\/site.astrofoto.com.pt\/welcome\/wp-json\/wp\/v2\/media\/9062"}],"wp:attachment":[{"href":"https:\/\/site.astrofoto.com.pt\/welcome\/wp-json\/wp\/v2\/media?parent=9084"}],"wp:term":[{"taxonomy":"product_brand","embeddable":true,"href":"https:\/\/site.astrofoto.com.pt\/welcome\/wp-json\/wp\/v2\/product_brand?post=9084"},{"taxonomy":"product_cat","embeddable":true,"href":"https:\/\/site.astrofoto.com.pt\/welcome\/wp-json\/wp\/v2\/product_cat?post=9084"},{"taxonomy":"product_tag","embeddable":true,"href":"https:\/\/site.astrofoto.com.pt\/welcome\/wp-json\/wp\/v2\/product_tag?post=9084"}],"curies":[{"name":"wp","href":"https:\/\/api.w.org\/{rel}","templated":true}]}}