{"id":9082,"date":"2023-06-06T21:25:56","date_gmt":"2023-06-06T21:25:56","guid":{"rendered":"https:\/\/site.astrofoto.com.pt\/welcome\/?post_type=product&#038;p=9082"},"modified":"2025-01-30T23:37:29","modified_gmt":"2025-01-30T23:37:29","slug":"bijuteria-galaxys-relogio-solar-nilo","status":"publish","type":"product","link":"https:\/\/site.astrofoto.com.pt\/welcome\/produto\/bijuteria-galaxys-relogio-solar-nilo\/","title":{"rendered":"Bijuteria Galaxys Rel\u00f3gio Solar Nilo"},"content":{"rendered":"<p><strong>Rel\u00f3gio Solar Nilo<\/strong><\/p>\n<p><em>\u25baPara aquisi\u00e7\u00e3o contactar:<\/em><br \/>\n<em>Centro Ci\u00eancia Viva de Const\u00e2ncia<\/em><br \/>\n<em>249 739 066 (chamada rede fixa nacional) <\/em><br \/>\n<em>911588984 (chamada rede m\u00f3vel nacional)<\/em><\/p>\n<p>\u25baPingente de rel\u00f3gio de sol atraente e jovem, \u00e9 inspirado no rio Nilo.<\/p>\n<p>\u2022 Cord\u00e3o de algod\u00e3o extens\u00edvel entre 45 &#8211; 62cm.<br \/>\n\u2022 Rel\u00f3gio Pingente 4 x 2,6 x 0,7cm.<\/p>\n<p>Nilo<br \/>\nEste rel\u00f3gio de sol \u00e9 uma homenagem ao rio Nilo que banha as terras do Egipto, a primeira cidade que projetou um rel\u00f3gio de sol regulado.<br \/>\nA base de tempo \u00e9 feita de banho de prata e sua forma elegante torna um design muito atraente.<br \/>\n\u25ba<strong>Como funciona:<\/strong> De p\u00e9 em um local ensolarado e voltado para o sul, incline o rel\u00f3gio at\u00e9 que apare\u00e7a um raio de luz que iluminar\u00e1 a hora solar.<\/p>\n","protected":false},"excerpt":{"rendered":"<p>Rel\u00f3gio Solar Nilo \u25baPara aquisi\u00e7\u00e3o contactar: Centro Ci\u00eancia Viva de Const\u00e2ncia 249 739 066 (chamada rede fixa nacional) 911588984 (chamada rede m\u00f3vel nacional) \u25baPingente de rel\u00f3gio de sol atraente e jovem, \u00e9 inspirado no rio Nilo. \u2022 Cord\u00e3o de algod\u00e3o extens\u00edvel entre 45 &#8211; 62cm. \u2022 Rel\u00f3gio Pingente 4 x 2,6 x 0,7cm. Nilo Este<\/p>\n<div class=\"more-link\">\n\t\t\t\t <a href=\"https:\/\/site.astrofoto.com.pt\/welcome\/produto\/bijuteria-galaxys-relogio-solar-nilo\/\" class=\"btn theme-btn inverted\"><span>Continuar a Ler <\/span><\/a>\n\t\t\t<\/div>\n","protected":false},"featured_media":9064,"comment_status":"closed","ping_status":"closed","template":"","meta":[],"product_brand":[],"product_cat":[88],"product_tag":[],"class_list":{"0":"post-9082","1":"product","2":"type-product","3":"status-publish","4":"has-post-thumbnail","6":"product_cat-bijuteria-galatica","8":"first","9":"outofstock","10":"shipping-taxable","11":"purchasable","12":"product-type-simple"},"_links":{"self":[{"href":"https:\/\/site.astrofoto.com.pt\/welcome\/wp-json\/wp\/v2\/product\/9082","targetHints":{"allow":["GET"]}}],"collection":[{"href":"https:\/\/site.astrofoto.com.pt\/welcome\/wp-json\/wp\/v2\/product"}],"about":[{"href":"https:\/\/site.astrofoto.com.pt\/welcome\/wp-json\/wp\/v2\/types\/product"}],"replies":[{"embeddable":true,"href":"https:\/\/site.astrofoto.com.pt\/welcome\/wp-json\/wp\/v2\/comments?post=9082"}],"wp:featuredmedia":[{"embeddable":true,"href":"https:\/\/site.astrofoto.com.pt\/welcome\/wp-json\/wp\/v2\/media\/9064"}],"wp:attachment":[{"href":"https:\/\/site.astrofoto.com.pt\/welcome\/wp-json\/wp\/v2\/media?parent=9082"}],"wp:term":[{"taxonomy":"product_brand","embeddable":true,"href":"https:\/\/site.astrofoto.com.pt\/welcome\/wp-json\/wp\/v2\/product_brand?post=9082"},{"taxonomy":"product_cat","embeddable":true,"href":"https:\/\/site.astrofoto.com.pt\/welcome\/wp-json\/wp\/v2\/product_cat?post=9082"},{"taxonomy":"product_tag","embeddable":true,"href":"https:\/\/site.astrofoto.com.pt\/welcome\/wp-json\/wp\/v2\/product_tag?post=9082"}],"curies":[{"name":"wp","href":"https:\/\/api.w.org\/{rel}","templated":true}]}}