{"id":9081,"date":"2023-06-06T21:21:09","date_gmt":"2023-06-06T21:21:09","guid":{"rendered":"https:\/\/site.astrofoto.com.pt\/welcome\/?post_type=product&#038;p=9081"},"modified":"2025-01-30T23:38:10","modified_gmt":"2025-01-30T23:38:10","slug":"bijuteria-galaxys-relogio-de-sol-de-saturno","status":"publish","type":"product","link":"https:\/\/site.astrofoto.com.pt\/welcome\/produto\/bijuteria-galaxys-relogio-de-sol-de-saturno\/","title":{"rendered":"Bijuteria Galaxys Rel\u00f3gio de Sol de Saturno"},"content":{"rendered":"<p>&nbsp;<\/p>\n<p><strong>Pingente Rel\u00f3gio de Sol de Saturno<\/strong><\/p>\n<p><em>\u25baPara aquisi\u00e7\u00e3o contactar:<\/em><br \/>\n<em>Centro Ci\u00eancia Viva de Const\u00e2ncia<\/em><br \/>\n<em>249 739 066 (chamada rede fixa nacional) <\/em><br \/>\n<em>911588984 (chamada rede m\u00f3vel nacional)<\/em><\/p>\n<p>\u25baAtraente e jovem pingente de Rel\u00f3gio Solar, \u00e9 inspirado por Saturno nos mostrando as horas com a ajuda do Sol.<\/p>\n<p>\u2022 Cord\u00e3o de algod\u00e3o extens\u00edvel entre 45 &#8211; 62 cm.<\/p>\n<p>\u2022 Pingente de rel\u00f3gio 2,6 x 3,3 x 0,8 cm.<\/p>\n<p>\u25ba<strong>Como funciona:<\/strong>\u00a0Fique em um local ensolarado e voltado para o sul, incline o rel\u00f3gio at\u00e9 que um raio de luz apare\u00e7a atrav\u00e9s da bola de cristal que iluminar\u00e1 a hora solar.<\/p>\n","protected":false},"excerpt":{"rendered":"<p>&nbsp; Pingente Rel\u00f3gio de Sol de Saturno \u25baPara aquisi\u00e7\u00e3o contactar: Centro Ci\u00eancia Viva de Const\u00e2ncia 249 739 066 (chamada rede fixa nacional) 911588984 (chamada rede m\u00f3vel nacional) \u25baAtraente e jovem pingente de Rel\u00f3gio Solar, \u00e9 inspirado por Saturno nos mostrando as horas com a ajuda do Sol. \u2022 Cord\u00e3o de algod\u00e3o extens\u00edvel entre 45 &#8211;<\/p>\n<div class=\"more-link\">\n\t\t\t\t <a href=\"https:\/\/site.astrofoto.com.pt\/welcome\/produto\/bijuteria-galaxys-relogio-de-sol-de-saturno\/\" class=\"btn theme-btn inverted\"><span>Continuar a Ler <\/span><\/a>\n\t\t\t<\/div>\n","protected":false},"featured_media":9065,"comment_status":"closed","ping_status":"closed","template":"","meta":[],"product_brand":[],"product_cat":[88],"product_tag":[],"class_list":{"0":"post-9081","1":"product","2":"type-product","3":"status-publish","4":"has-post-thumbnail","6":"product_cat-bijuteria-galatica","8":"first","9":"outofstock","10":"shipping-taxable","11":"purchasable","12":"product-type-simple"},"_links":{"self":[{"href":"https:\/\/site.astrofoto.com.pt\/welcome\/wp-json\/wp\/v2\/product\/9081","targetHints":{"allow":["GET"]}}],"collection":[{"href":"https:\/\/site.astrofoto.com.pt\/welcome\/wp-json\/wp\/v2\/product"}],"about":[{"href":"https:\/\/site.astrofoto.com.pt\/welcome\/wp-json\/wp\/v2\/types\/product"}],"replies":[{"embeddable":true,"href":"https:\/\/site.astrofoto.com.pt\/welcome\/wp-json\/wp\/v2\/comments?post=9081"}],"wp:featuredmedia":[{"embeddable":true,"href":"https:\/\/site.astrofoto.com.pt\/welcome\/wp-json\/wp\/v2\/media\/9065"}],"wp:attachment":[{"href":"https:\/\/site.astrofoto.com.pt\/welcome\/wp-json\/wp\/v2\/media?parent=9081"}],"wp:term":[{"taxonomy":"product_brand","embeddable":true,"href":"https:\/\/site.astrofoto.com.pt\/welcome\/wp-json\/wp\/v2\/product_brand?post=9081"},{"taxonomy":"product_cat","embeddable":true,"href":"https:\/\/site.astrofoto.com.pt\/welcome\/wp-json\/wp\/v2\/product_cat?post=9081"},{"taxonomy":"product_tag","embeddable":true,"href":"https:\/\/site.astrofoto.com.pt\/welcome\/wp-json\/wp\/v2\/product_tag?post=9081"}],"curies":[{"name":"wp","href":"https:\/\/api.w.org\/{rel}","templated":true}]}}