{"id":9080,"date":"2023-06-06T21:13:12","date_gmt":"2023-06-06T21:13:12","guid":{"rendered":"https:\/\/site.astrofoto.com.pt\/welcome\/?post_type=product&#038;p=9080"},"modified":"2025-01-30T23:38:52","modified_gmt":"2025-01-30T23:38:52","slug":"bijuteria-galaxys-relogio-de-sol-saturno-chaveiro","status":"publish","type":"product","link":"https:\/\/site.astrofoto.com.pt\/welcome\/produto\/bijuteria-galaxys-relogio-de-sol-saturno-chaveiro\/","title":{"rendered":"Bijuteria Galaxys Relogio de Sol Saturno Chaveiro"},"content":{"rendered":"<p><strong>Chaveiro Rel\u00f3gio de Sol de Saturno<\/strong><\/p>\n<p><em>\u25baPara aquisi\u00e7\u00e3o contactar:<\/em><br \/>\n<em>Centro Ci\u00eancia Viva de Const\u00e2ncia<\/em><br \/>\n<em>249 739 066 (chamada rede fixa nacional) <\/em><br \/>\n<em>911588984 (chamada rede m\u00f3vel nacional)<\/em><\/p>\n<p>\u25baRel\u00f3gio de sol atraente e jovem, \u00e9 inspirado por Saturno, mostrando-nos as horas com a ajuda do Sol.<\/p>\n<p>\u2022 Chaveiro Rel\u00f3gio de Sol 2,8 x 2,8 x 0,8cm.<br \/>\n\u2022 Dimens\u00f5es totais 6 x 3 x 0,8cm.<\/p>\n<p>\u25ba<strong>Como funciona<\/strong>: De p\u00e9 em um local ensolarado e voltado para o sul, incline o rel\u00f3gio at\u00e9 que apare\u00e7a um raio de luz que iluminar\u00e1 a hora solar.<\/p>\n","protected":false},"excerpt":{"rendered":"<p>Chaveiro Rel\u00f3gio de Sol de Saturno \u25baPara aquisi\u00e7\u00e3o contactar: Centro Ci\u00eancia Viva de Const\u00e2ncia 249 739 066 (chamada rede fixa nacional) 911588984 (chamada rede m\u00f3vel nacional) \u25baRel\u00f3gio de sol atraente e jovem, \u00e9 inspirado por Saturno, mostrando-nos as horas com a ajuda do Sol. \u2022 Chaveiro Rel\u00f3gio de Sol 2,8 x 2,8 x 0,8cm. \u2022<\/p>\n<div class=\"more-link\">\n\t\t\t\t <a href=\"https:\/\/site.astrofoto.com.pt\/welcome\/produto\/bijuteria-galaxys-relogio-de-sol-saturno-chaveiro\/\" class=\"btn theme-btn inverted\"><span>Continuar a Ler <\/span><\/a>\n\t\t\t<\/div>\n","protected":false},"featured_media":9066,"comment_status":"closed","ping_status":"closed","template":"","meta":[],"product_brand":[],"product_cat":[88],"product_tag":[],"class_list":{"0":"post-9080","1":"product","2":"type-product","3":"status-publish","4":"has-post-thumbnail","6":"product_cat-bijuteria-galatica","8":"first","9":"outofstock","10":"shipping-taxable","11":"purchasable","12":"product-type-simple"},"_links":{"self":[{"href":"https:\/\/site.astrofoto.com.pt\/welcome\/wp-json\/wp\/v2\/product\/9080","targetHints":{"allow":["GET"]}}],"collection":[{"href":"https:\/\/site.astrofoto.com.pt\/welcome\/wp-json\/wp\/v2\/product"}],"about":[{"href":"https:\/\/site.astrofoto.com.pt\/welcome\/wp-json\/wp\/v2\/types\/product"}],"replies":[{"embeddable":true,"href":"https:\/\/site.astrofoto.com.pt\/welcome\/wp-json\/wp\/v2\/comments?post=9080"}],"wp:featuredmedia":[{"embeddable":true,"href":"https:\/\/site.astrofoto.com.pt\/welcome\/wp-json\/wp\/v2\/media\/9066"}],"wp:attachment":[{"href":"https:\/\/site.astrofoto.com.pt\/welcome\/wp-json\/wp\/v2\/media?parent=9080"}],"wp:term":[{"taxonomy":"product_brand","embeddable":true,"href":"https:\/\/site.astrofoto.com.pt\/welcome\/wp-json\/wp\/v2\/product_brand?post=9080"},{"taxonomy":"product_cat","embeddable":true,"href":"https:\/\/site.astrofoto.com.pt\/welcome\/wp-json\/wp\/v2\/product_cat?post=9080"},{"taxonomy":"product_tag","embeddable":true,"href":"https:\/\/site.astrofoto.com.pt\/welcome\/wp-json\/wp\/v2\/product_tag?post=9080"}],"curies":[{"name":"wp","href":"https:\/\/api.w.org\/{rel}","templated":true}]}}