{"id":9078,"date":"2023-06-06T21:07:26","date_gmt":"2023-06-06T21:07:26","guid":{"rendered":"https:\/\/site.astrofoto.com.pt\/welcome\/?post_type=product&#038;p=9078"},"modified":"2024-11-21T20:14:21","modified_gmt":"2024-11-21T20:14:21","slug":"relogio-solar-sirius","status":"publish","type":"product","link":"https:\/\/site.astrofoto.com.pt\/welcome\/produto\/relogio-solar-sirius\/","title":{"rendered":"Rel\u00f3gio Solar Sirius"},"content":{"rendered":"<p><strong>Rel\u00f3gio Solar Sirius<\/strong><\/p>\n<p>\u25baRel\u00f3gio Solar Radiante inspirado em Sirius, a estrela mais brilhante do c\u00e9u noturno.<\/p>\n<p>\u2022 Cord\u00e3o de couro de 46cm.<br \/>\n\u2022 Pingente 3,5 x 4,3 x 0,9cm.<\/p>\n<p>\u25ba<strong>Como funciona:<\/strong> De p\u00e9 em um local ensolarado e voltado para o sul, incline o rel\u00f3gio at\u00e9 que apare\u00e7a um raio de luz que iluminar\u00e1 a hora solar.<\/p>\n","protected":false},"excerpt":{"rendered":"<p>Rel\u00f3gio Solar Sirius \u25baRel\u00f3gio Solar Radiante inspirado em Sirius, a estrela mais brilhante do c\u00e9u noturno. \u2022 Cord\u00e3o de couro de 46cm. \u2022 Pingente 3,5 x 4,3 x 0,9cm. \u25baComo funciona: De p\u00e9 em um local ensolarado e voltado para o sul, incline o rel\u00f3gio at\u00e9 que apare\u00e7a um raio de luz que iluminar\u00e1 a<\/p>\n<div class=\"more-link\">\n\t\t\t\t <a href=\"https:\/\/site.astrofoto.com.pt\/welcome\/produto\/relogio-solar-sirius\/\" class=\"btn theme-btn inverted\"><span>Continuar a Ler <\/span><\/a>\n\t\t\t<\/div>\n","protected":false},"featured_media":9079,"comment_status":"closed","ping_status":"closed","template":"","meta":[],"product_brand":[],"product_cat":[88],"product_tag":[],"class_list":{"0":"post-9078","1":"product","2":"type-product","3":"status-publish","4":"has-post-thumbnail","6":"product_cat-bijuteria-galatica","8":"first","9":"outofstock","10":"shipping-taxable","11":"purchasable","12":"product-type-simple"},"_links":{"self":[{"href":"https:\/\/site.astrofoto.com.pt\/welcome\/wp-json\/wp\/v2\/product\/9078","targetHints":{"allow":["GET"]}}],"collection":[{"href":"https:\/\/site.astrofoto.com.pt\/welcome\/wp-json\/wp\/v2\/product"}],"about":[{"href":"https:\/\/site.astrofoto.com.pt\/welcome\/wp-json\/wp\/v2\/types\/product"}],"replies":[{"embeddable":true,"href":"https:\/\/site.astrofoto.com.pt\/welcome\/wp-json\/wp\/v2\/comments?post=9078"}],"wp:featuredmedia":[{"embeddable":true,"href":"https:\/\/site.astrofoto.com.pt\/welcome\/wp-json\/wp\/v2\/media\/9079"}],"wp:attachment":[{"href":"https:\/\/site.astrofoto.com.pt\/welcome\/wp-json\/wp\/v2\/media?parent=9078"}],"wp:term":[{"taxonomy":"product_brand","embeddable":true,"href":"https:\/\/site.astrofoto.com.pt\/welcome\/wp-json\/wp\/v2\/product_brand?post=9078"},{"taxonomy":"product_cat","embeddable":true,"href":"https:\/\/site.astrofoto.com.pt\/welcome\/wp-json\/wp\/v2\/product_cat?post=9078"},{"taxonomy":"product_tag","embeddable":true,"href":"https:\/\/site.astrofoto.com.pt\/welcome\/wp-json\/wp\/v2\/product_tag?post=9078"}],"curies":[{"name":"wp","href":"https:\/\/api.w.org\/{rel}","templated":true}]}}