{"id":9054,"date":"2023-06-06T20:38:06","date_gmt":"2023-06-06T20:38:06","guid":{"rendered":"https:\/\/site.astrofoto.com.pt\/welcome\/?post_type=product&#038;p=9054"},"modified":"2025-01-30T23:41:42","modified_gmt":"2025-01-30T23:41:42","slug":"bijuteria-galaxys-tua-estrela","status":"publish","type":"product","link":"https:\/\/site.astrofoto.com.pt\/welcome\/produto\/bijuteria-galaxys-tua-estrela\/","title":{"rendered":"Bijuteria Galaxys Tua Estrela"},"content":{"rendered":"<p><strong>Bijuteria Galaxys Tua Estrela<\/strong><\/p>\n<p><em>\u25baPara aquisi\u00e7\u00e3o contactar:<\/em><br \/>\n<em>Centro Ci\u00eancia Viva de Const\u00e2ncia<\/em><br \/>\n<em>249 739 066 (chamada rede fixa nacional) <\/em><br \/>\n<em>911588984 (chamada rede m\u00f3vel nacional)<\/em><\/p>\n<p>\u25baNo c\u00e9u h\u00e1 uma estrela, \u00e9 de uma cor, encontre a sua.<\/p>\n<p>\u2022 Cord\u00e3o de algod\u00e3o extens\u00edvel entre 45 &#8211; 62 cm.<br \/>\n\u2022 Pingente de 2,9 x 2,4 x 0,6 cm.<\/p>\n","protected":false},"excerpt":{"rendered":"<p>Bijuteria Galaxys Tua Estrela \u25baPara aquisi\u00e7\u00e3o contactar: Centro Ci\u00eancia Viva de Const\u00e2ncia 249 739 066 (chamada rede fixa nacional) 911588984 (chamada rede m\u00f3vel nacional) \u25baNo c\u00e9u h\u00e1 uma estrela, \u00e9 de uma cor, encontre a sua. \u2022 Cord\u00e3o de algod\u00e3o extens\u00edvel entre 45 &#8211; 62 cm. \u2022 Pingente de 2,9 x 2,4 x 0,6 cm.<\/p>\n","protected":false},"featured_media":9072,"comment_status":"closed","ping_status":"closed","template":"","meta":[],"product_brand":[],"product_cat":[88],"product_tag":[],"class_list":{"0":"post-9054","1":"product","2":"type-product","3":"status-publish","4":"has-post-thumbnail","6":"product_cat-bijuteria-galatica","8":"first","9":"outofstock","10":"shipping-taxable","11":"purchasable","12":"product-type-simple"},"_links":{"self":[{"href":"https:\/\/site.astrofoto.com.pt\/welcome\/wp-json\/wp\/v2\/product\/9054","targetHints":{"allow":["GET"]}}],"collection":[{"href":"https:\/\/site.astrofoto.com.pt\/welcome\/wp-json\/wp\/v2\/product"}],"about":[{"href":"https:\/\/site.astrofoto.com.pt\/welcome\/wp-json\/wp\/v2\/types\/product"}],"replies":[{"embeddable":true,"href":"https:\/\/site.astrofoto.com.pt\/welcome\/wp-json\/wp\/v2\/comments?post=9054"}],"wp:featuredmedia":[{"embeddable":true,"href":"https:\/\/site.astrofoto.com.pt\/welcome\/wp-json\/wp\/v2\/media\/9072"}],"wp:attachment":[{"href":"https:\/\/site.astrofoto.com.pt\/welcome\/wp-json\/wp\/v2\/media?parent=9054"}],"wp:term":[{"taxonomy":"product_brand","embeddable":true,"href":"https:\/\/site.astrofoto.com.pt\/welcome\/wp-json\/wp\/v2\/product_brand?post=9054"},{"taxonomy":"product_cat","embeddable":true,"href":"https:\/\/site.astrofoto.com.pt\/welcome\/wp-json\/wp\/v2\/product_cat?post=9054"},{"taxonomy":"product_tag","embeddable":true,"href":"https:\/\/site.astrofoto.com.pt\/welcome\/wp-json\/wp\/v2\/product_tag?post=9054"}],"curies":[{"name":"wp","href":"https:\/\/api.w.org\/{rel}","templated":true}]}}