{"id":9034,"date":"2023-06-01T19:55:44","date_gmt":"2023-06-01T19:55:44","guid":{"rendered":"https:\/\/site.astrofoto.com.pt\/welcome\/?post_type=product&#038;p=9034"},"modified":"2023-06-01T22:36:05","modified_gmt":"2023-06-01T22:36:05","slug":"placa-mae-para-azgti","status":"publish","type":"product","link":"https:\/\/site.astrofoto.com.pt\/welcome\/produto\/placa-mae-para-azgti\/","title":{"rendered":"Placa m\u00e3e para AZGTI"},"content":{"rendered":"<p><strong>Placa m\u00e3e (MotherBoard) para AZGti\/AZGo2\/StarDiscovery Sky-Watcher<\/strong><\/p>\n<p>\u2022 Antes de proceder a qualquer troca da placa m\u00e3e, \u00e9 recomend\u00e1vel identificar a origem do problema, caso contr\u00e1rio, a nova placa tamb\u00e9m poder\u00e1 ser danificada.<br \/>\n\u25baNenhuma garantia pode ser aplicada se for voc\u00ea mesmo a substituir placa-m\u00e3e e ela for danificada no processo.<br \/>\n\u2022 Por favor, informe-nos o modelo da sua montagem para que possamos ajustar o micro-switch contido na placa.<br \/>\n\u2022 Aconselhamos tirar uma foto das liga\u00e7\u00f5es para n\u00e3o cometer erros na hora de trocar a placa.<br \/>\n\u2022 As repara\u00e7\u00f5es efectuadas por iniciativa do comprador n\u00e3o est\u00e3o cobertas pela garantia.<\/p>\n<p>\u2022 Esta pe\u00e7a de reposi\u00e7\u00e3o \u00e9 vendida sem instru\u00e7\u00f5es, procedimento de instala\u00e7\u00e3o ou diagrama de montagem<\/p>\n","protected":false},"excerpt":{"rendered":"<p>Placa m\u00e3e (MotherBoard) para AZGti\/AZGo2\/StarDiscovery Sky-Watcher \u2022 Antes de proceder a qualquer troca da placa m\u00e3e, \u00e9 recomend\u00e1vel identificar a origem do problema, caso contr\u00e1rio, a nova placa tamb\u00e9m poder\u00e1 ser danificada. \u25baNenhuma garantia pode ser aplicada se for voc\u00ea mesmo a substituir placa-m\u00e3e e ela for danificada no processo. \u2022 Por favor, informe-nos o<\/p>\n<div class=\"more-link\">\n\t\t\t\t <a href=\"https:\/\/site.astrofoto.com.pt\/welcome\/produto\/placa-mae-para-azgti\/\" class=\"btn theme-btn inverted\"><span>Continuar a Ler <\/span><\/a>\n\t\t\t<\/div>\n","protected":false},"featured_media":9038,"comment_status":"closed","ping_status":"closed","template":"","meta":[],"product_brand":[],"product_cat":[69],"product_tag":[],"class_list":{"0":"post-9034","1":"product","2":"type-product","3":"status-publish","4":"has-post-thumbnail","6":"product_cat-at-assistencia-tecnica","8":"first","9":"onbackorder","10":"shipping-taxable","11":"purchasable","12":"product-type-simple"},"_links":{"self":[{"href":"https:\/\/site.astrofoto.com.pt\/welcome\/wp-json\/wp\/v2\/product\/9034","targetHints":{"allow":["GET"]}}],"collection":[{"href":"https:\/\/site.astrofoto.com.pt\/welcome\/wp-json\/wp\/v2\/product"}],"about":[{"href":"https:\/\/site.astrofoto.com.pt\/welcome\/wp-json\/wp\/v2\/types\/product"}],"replies":[{"embeddable":true,"href":"https:\/\/site.astrofoto.com.pt\/welcome\/wp-json\/wp\/v2\/comments?post=9034"}],"wp:featuredmedia":[{"embeddable":true,"href":"https:\/\/site.astrofoto.com.pt\/welcome\/wp-json\/wp\/v2\/media\/9038"}],"wp:attachment":[{"href":"https:\/\/site.astrofoto.com.pt\/welcome\/wp-json\/wp\/v2\/media?parent=9034"}],"wp:term":[{"taxonomy":"product_brand","embeddable":true,"href":"https:\/\/site.astrofoto.com.pt\/welcome\/wp-json\/wp\/v2\/product_brand?post=9034"},{"taxonomy":"product_cat","embeddable":true,"href":"https:\/\/site.astrofoto.com.pt\/welcome\/wp-json\/wp\/v2\/product_cat?post=9034"},{"taxonomy":"product_tag","embeddable":true,"href":"https:\/\/site.astrofoto.com.pt\/welcome\/wp-json\/wp\/v2\/product_tag?post=9034"}],"curies":[{"name":"wp","href":"https:\/\/api.w.org\/{rel}","templated":true}]}}