{"id":9021,"date":"2023-05-18T16:50:23","date_gmt":"2023-05-18T16:50:23","guid":{"rendered":"https:\/\/site.astrofoto.com.pt\/welcome\/?post_type=product&#038;p=9021"},"modified":"2023-05-18T16:50:28","modified_gmt":"2023-05-18T16:50:28","slug":"oag-zwo-42-48mm","status":"publish","type":"product","link":"https:\/\/site.astrofoto.com.pt\/welcome\/produto\/oag-zwo-42-48mm\/","title":{"rendered":"OAG Zwo 42\/48mm"},"content":{"rendered":"<p><strong>Divisor otico OAG Zwo 42\/48mm<\/strong><\/p>\n<p>Totalmente em metal<br \/>\nprisma 8x8mm<br \/>\nentrada M48<br \/>\nSa\u00edda M42 ou M48 (adaptador intermut\u00e1vel)<br \/>\nEntrada da c\u00e2mera Coulant 31,75 mm ou M42 macho<br \/>\nEspessura 16,5 mm<br \/>\nPeso 197g<\/p>\n<p>entregue:<\/p>\n<p>1 divisor \u00f3ptico ZWO<br \/>\n1 anel M42 5mm<br \/>\n1 adaptador de sa\u00edda M42<br \/>\n1 adaptador de sa\u00edda M48<br \/>\n1 x redutor de entrada M48\/M42<br \/>\n1 chave Allen<\/p>\n<p>&nbsp;<\/p>\n","protected":false},"excerpt":{"rendered":"<p>Divisor otico OAG Zwo 42\/48mm Totalmente em metal prisma 8x8mm entrada M48 Sa\u00edda M42 ou M48 (adaptador intermut\u00e1vel) Entrada da c\u00e2mera Coulant 31,75 mm ou M42 macho Espessura 16,5 mm Peso 197g entregue: 1 divisor \u00f3ptico ZWO 1 anel M42 5mm 1 adaptador de sa\u00edda M42 1 adaptador de sa\u00edda M48 1 x redutor de<\/p>\n<div class=\"more-link\">\n\t\t\t\t <a href=\"https:\/\/site.astrofoto.com.pt\/welcome\/produto\/oag-zwo-42-48mm\/\" class=\"btn theme-btn inverted\"><span>Continuar a Ler <\/span><\/a>\n\t\t\t<\/div>\n","protected":false},"featured_media":9022,"comment_status":"closed","ping_status":"closed","template":"","meta":[],"product_brand":[],"product_cat":[34],"product_tag":[],"class_list":{"0":"post-9021","1":"product","2":"type-product","3":"status-publish","4":"has-post-thumbnail","6":"product_cat-acessoriosfotografia","8":"first","9":"onbackorder","10":"shipping-taxable","11":"purchasable","12":"product-type-simple"},"_links":{"self":[{"href":"https:\/\/site.astrofoto.com.pt\/welcome\/wp-json\/wp\/v2\/product\/9021","targetHints":{"allow":["GET"]}}],"collection":[{"href":"https:\/\/site.astrofoto.com.pt\/welcome\/wp-json\/wp\/v2\/product"}],"about":[{"href":"https:\/\/site.astrofoto.com.pt\/welcome\/wp-json\/wp\/v2\/types\/product"}],"replies":[{"embeddable":true,"href":"https:\/\/site.astrofoto.com.pt\/welcome\/wp-json\/wp\/v2\/comments?post=9021"}],"wp:featuredmedia":[{"embeddable":true,"href":"https:\/\/site.astrofoto.com.pt\/welcome\/wp-json\/wp\/v2\/media\/9022"}],"wp:attachment":[{"href":"https:\/\/site.astrofoto.com.pt\/welcome\/wp-json\/wp\/v2\/media?parent=9021"}],"wp:term":[{"taxonomy":"product_brand","embeddable":true,"href":"https:\/\/site.astrofoto.com.pt\/welcome\/wp-json\/wp\/v2\/product_brand?post=9021"},{"taxonomy":"product_cat","embeddable":true,"href":"https:\/\/site.astrofoto.com.pt\/welcome\/wp-json\/wp\/v2\/product_cat?post=9021"},{"taxonomy":"product_tag","embeddable":true,"href":"https:\/\/site.astrofoto.com.pt\/welcome\/wp-json\/wp\/v2\/product_tag?post=9021"}],"curies":[{"name":"wp","href":"https:\/\/api.w.org\/{rel}","templated":true}]}}