{"id":900,"date":"2015-09-14T15:14:03","date_gmt":"2015-09-14T15:14:03","guid":{"rendered":"http:\/\/site.astrofoto.com.pt\/welcome\/?post_type=product&#038;p=900"},"modified":"2021-03-28T17:41:35","modified_gmt":"2021-03-28T17:41:35","slug":"anel-t2-minolta-af-sony","status":"publish","type":"product","link":"https:\/\/site.astrofoto.com.pt\/welcome\/produto\/anel-t2-minolta-af-sony\/","title":{"rendered":"Anel T2 Minolta AF \/ SONY"},"content":{"rendered":"<p>&nbsp;<\/p>\n<p><strong>Anel T2 Minolta AF \/ SONY<br \/>\n<\/strong>\u2022 Adapta os acess\u00f3rios de rosca T ao corpo da c\u00e2mara MINOLTA AF (foco autom\u00e1tico) e da Sony A<br \/>\n\u2022 Permite que o telescopio funcione como lente manual da c\u00e2mara<br \/>\n\u2022 Para fotografia em foco prim\u00e1rio<\/p>\n","protected":false},"excerpt":{"rendered":"<p>&nbsp; Anel T2 Minolta AF \/ SONY \u2022 Adapta os acess\u00f3rios de rosca T ao corpo da c\u00e2mara MINOLTA AF (foco autom\u00e1tico) e da Sony A \u2022 Permite que o telescopio funcione como lente manual da c\u00e2mara \u2022 Para fotografia em foco prim\u00e1rio<\/p>\n","protected":false},"featured_media":6466,"comment_status":"open","ping_status":"closed","template":"","meta":[],"product_brand":[],"product_cat":[34],"product_tag":[],"class_list":{"0":"post-900","1":"product","2":"type-product","3":"status-publish","4":"has-post-thumbnail","6":"product_cat-acessoriosfotografia","8":"first","9":"onbackorder","10":"shipping-taxable","11":"purchasable","12":"product-type-simple"},"_links":{"self":[{"href":"https:\/\/site.astrofoto.com.pt\/welcome\/wp-json\/wp\/v2\/product\/900","targetHints":{"allow":["GET"]}}],"collection":[{"href":"https:\/\/site.astrofoto.com.pt\/welcome\/wp-json\/wp\/v2\/product"}],"about":[{"href":"https:\/\/site.astrofoto.com.pt\/welcome\/wp-json\/wp\/v2\/types\/product"}],"replies":[{"embeddable":true,"href":"https:\/\/site.astrofoto.com.pt\/welcome\/wp-json\/wp\/v2\/comments?post=900"}],"wp:featuredmedia":[{"embeddable":true,"href":"https:\/\/site.astrofoto.com.pt\/welcome\/wp-json\/wp\/v2\/media\/6466"}],"wp:attachment":[{"href":"https:\/\/site.astrofoto.com.pt\/welcome\/wp-json\/wp\/v2\/media?parent=900"}],"wp:term":[{"taxonomy":"product_brand","embeddable":true,"href":"https:\/\/site.astrofoto.com.pt\/welcome\/wp-json\/wp\/v2\/product_brand?post=900"},{"taxonomy":"product_cat","embeddable":true,"href":"https:\/\/site.astrofoto.com.pt\/welcome\/wp-json\/wp\/v2\/product_cat?post=900"},{"taxonomy":"product_tag","embeddable":true,"href":"https:\/\/site.astrofoto.com.pt\/welcome\/wp-json\/wp\/v2\/product_tag?post=900"}],"curies":[{"name":"wp","href":"https:\/\/api.w.org\/{rel}","templated":true}]}}