{"id":8996,"date":"2023-05-04T10:51:45","date_gmt":"2023-05-04T10:51:45","guid":{"rendered":"https:\/\/site.astrofoto.com.pt\/welcome\/?post_type=product&#038;p=8996"},"modified":"2024-08-07T11:55:42","modified_gmt":"2024-08-07T11:55:42","slug":"baader-hyperion-asferica-31mm","status":"publish","type":"product","link":"https:\/\/site.astrofoto.com.pt\/welcome\/produto\/baader-hyperion-asferica-31mm\/","title":{"rendered":"Baader Hyperion Asf\u00e9rica 31mm"},"content":{"rendered":"<p><strong>Baader Hyperion Asf\u00e9rica 31mm<\/strong><\/p>\n<p>\u25bacorre\u00e7\u00e3o de aberra\u00e7\u00f5es esf\u00e9ricas<\/p>\n<p>\u2022 Distancia focal 31mm<br \/>\n\u2022 Campo de vista aparente 72\u00ba<br \/>\n\u2022 Eye relief 20mm<br \/>\n\u2022 Para porta oculares 2\u2033 &amp; 1.25\u2033 (com adaptador)<br \/>\n\u2022 Coating of optical system multiplo<br \/>\n\u2022 Tipo de constru\u00e7\u00e3o SWA<\/p>\n<p>acabamento de alta qualidade<br \/>\nvisualiza\u00e7\u00e3o descontra\u00edda<br \/>\ngrande campo de vis\u00e3o<br \/>\nnitidez perfeita<br \/>\nexcelente fidelidade de cores<br \/>\nuso duplo com barris de 1,25&#8243; e 2&#8243;<br \/>\nbaixa distor\u00e7\u00e3o<br \/>\nbaixo astigmatismo<\/p>\n","protected":false},"excerpt":{"rendered":"<p>Baader Hyperion Asf\u00e9rica 31mm \u25bacorre\u00e7\u00e3o de aberra\u00e7\u00f5es esf\u00e9ricas \u2022 Distancia focal 31mm \u2022 Campo de vista aparente 72\u00ba \u2022 Eye relief 20mm \u2022 Para porta oculares 2\u2033 &amp; 1.25\u2033 (com adaptador) \u2022 Coating of optical system multiplo \u2022 Tipo de constru\u00e7\u00e3o SWA acabamento de alta qualidade visualiza\u00e7\u00e3o descontra\u00edda grande campo de vis\u00e3o nitidez perfeita excelente<\/p>\n<div class=\"more-link\">\n\t\t\t\t <a href=\"https:\/\/site.astrofoto.com.pt\/welcome\/produto\/baader-hyperion-asferica-31mm\/\" class=\"btn theme-btn inverted\"><span>Continuar a Ler <\/span><\/a>\n\t\t\t<\/div>\n","protected":false},"featured_media":8994,"comment_status":"closed","ping_status":"closed","template":"","meta":[],"product_brand":[],"product_cat":[23],"product_tag":[],"class_list":{"0":"post-8996","1":"product","2":"type-product","3":"status-publish","4":"has-post-thumbnail","6":"product_cat-oculares","8":"first","9":"onbackorder","10":"shipping-taxable","11":"purchasable","12":"product-type-simple"},"_links":{"self":[{"href":"https:\/\/site.astrofoto.com.pt\/welcome\/wp-json\/wp\/v2\/product\/8996","targetHints":{"allow":["GET"]}}],"collection":[{"href":"https:\/\/site.astrofoto.com.pt\/welcome\/wp-json\/wp\/v2\/product"}],"about":[{"href":"https:\/\/site.astrofoto.com.pt\/welcome\/wp-json\/wp\/v2\/types\/product"}],"replies":[{"embeddable":true,"href":"https:\/\/site.astrofoto.com.pt\/welcome\/wp-json\/wp\/v2\/comments?post=8996"}],"wp:featuredmedia":[{"embeddable":true,"href":"https:\/\/site.astrofoto.com.pt\/welcome\/wp-json\/wp\/v2\/media\/8994"}],"wp:attachment":[{"href":"https:\/\/site.astrofoto.com.pt\/welcome\/wp-json\/wp\/v2\/media?parent=8996"}],"wp:term":[{"taxonomy":"product_brand","embeddable":true,"href":"https:\/\/site.astrofoto.com.pt\/welcome\/wp-json\/wp\/v2\/product_brand?post=8996"},{"taxonomy":"product_cat","embeddable":true,"href":"https:\/\/site.astrofoto.com.pt\/welcome\/wp-json\/wp\/v2\/product_cat?post=8996"},{"taxonomy":"product_tag","embeddable":true,"href":"https:\/\/site.astrofoto.com.pt\/welcome\/wp-json\/wp\/v2\/product_tag?post=8996"}],"curies":[{"name":"wp","href":"https:\/\/api.w.org\/{rel}","templated":true}]}}