{"id":8957,"date":"2023-04-25T20:57:21","date_gmt":"2023-04-25T20:57:21","guid":{"rendered":"https:\/\/site.astrofoto.com.pt\/welcome\/?post_type=product&#038;p=8957"},"modified":"2025-09-18T18:33:03","modified_gmt":"2025-09-18T18:33:03","slug":"camara-zwo-asi2600mc-duo","status":"publish","type":"product","link":"https:\/\/site.astrofoto.com.pt\/welcome\/produto\/camara-zwo-asi2600mc-duo\/","title":{"rendered":"C\u00e2mara ZWO ASI2600MC-DUO COR"},"content":{"rendered":"<p><strong>C\u00e2mara ZWO ASI2600MC-DUO COLOR<\/strong><\/p>\n<p><strong>\u2022<\/strong> Sensor principal: IMX571 &#8211; APS-C (24 Megapixeis)<br \/>\n<strong>\u2022<\/strong> Sensor de guiagem: SC2210 (2,07 megapixeis)<\/p>\n<p>A ASI2600MC Duo combina sensores de imagem e guiagem num s\u00f3 corpo compacto.<br \/>\nO sensor principal \u00e9 o Sony IMX571 que vem com um ADC nativo de 16 bits, faixa din\u00e2mica de 14 pontos e uma matriz de pixels quadrados de 3,76um. O&#8221;readout noise&#8221; \u00e9 t\u00e3o baixo quanto 1,0e, e o &#8220;full well capacity&#8221; atinge um n\u00edvel incr\u00edvel de 80ke. E n\u00e3o tem brilho de amplificador!<\/p>\n<p>O sensor guia \u00e9 o tipo 1\/1.8 SC2210 com excelente sensibilidade NIR. O tamanho do sensor \u00e9 de 7,68 mm x 4,32 mm. Tem 4umx4um pixels com uma matriz de 1920\u00d71080 e full depthl de 8780e.<\/p>\n<p>Sensor: CMOS Chip Sony IMX571<br \/>\nTamanho do Chip: 23,5 x 15,7<br \/>\nMegapixel 26Mp<br \/>\nPixel size 3.76\u00b5<br \/>\nResolution Photograph 6248 x 4176 pixeis<br \/>\nArrefecimento activo<br \/>\nInterfaces USB 3.0 &amp; USB 2.0<br \/>\nLiga\u00e7\u00e3o ao Telescopio: M54<br \/>\nSensor de guiagem: SC2210<br \/>\nDimens\u00f5es: 7.68 mm x 4.32 mm<br \/>\nTamanho do pixel: 4 \u00b5m x 4 \u00b5m<br \/>\nResolu\u00e7\u00e3o: 1920\u00d71080 pixels<br \/>\nCamara a cores<br \/>\nTemperatura de opera\u00e7\u00e3o -5\u00ba a 45\u00ba<br \/>\nMax. arrefecimento em rela\u00e7\u00e3o ao ambiente: 35\u00ba<br \/>\nExposi\u00e7\u00e3o Maxima: 30m<br \/>\nExposi\u00e7\u00e3o minima:0,000032s<br \/>\nImagens por Segundo 15<br \/>\nReading noise 1,0 &#8211; 3,3<br \/>\nFull Well Capacity 8780<br \/>\nFlange focal distance 17,5mm<br \/>\nAlimenta\u00e7\u00e3o: 12 (3A)<br \/>\nChip \u2013 Diagonal 28,3mm<br \/>\nbuffer da memoria: 256MB<br \/>\nMemoria interna: DDR3 RAM<br \/>\nPeso 800g<br \/>\nDiametro: 90mm<br \/>\nComprimento: 97mm<\/p>\n<p>&nbsp;<\/p>\n<p>\u25ba<a href=\"https:\/\/pedroreastrophotography.com\/ASI2600MM_MC_DUO_POSEIDON_C_PRO_WIDEFIELD_IMAGING_20250918.pdf\">Recens\u00e3o<\/a> Pedro R\u00e9<\/p>\n<p>&nbsp;<\/p>\n","protected":false},"excerpt":{"rendered":"<p>C\u00e2mara ZWO ASI2600MC-DUO COLOR \u2022 Sensor principal: IMX571 &#8211; APS-C (24 Megapixeis) \u2022 Sensor de guiagem: SC2210 (2,07 megapixeis) A ASI2600MC Duo combina sensores de imagem e guiagem num s\u00f3 corpo compacto. O sensor principal \u00e9 o Sony IMX571 que vem com um ADC nativo de 16 bits, faixa din\u00e2mica de 14 pontos e uma<\/p>\n<div class=\"more-link\">\n\t\t\t\t <a href=\"https:\/\/site.astrofoto.com.pt\/welcome\/produto\/camara-zwo-asi2600mc-duo\/\" class=\"btn theme-btn inverted\"><span>Continuar a Ler <\/span><\/a>\n\t\t\t<\/div>\n","protected":false},"featured_media":8962,"comment_status":"closed","ping_status":"closed","template":"","meta":[],"product_brand":[],"product_cat":[24,67],"product_tag":[],"class_list":{"0":"post-8957","1":"product","2":"type-product","3":"status-publish","4":"has-post-thumbnail","6":"product_cat-fotografia-astronomica","7":"product_cat-https-site-astrofoto-com-pt-welcome-categoria-produto-novidade","9":"first","10":"onbackorder","11":"sale","12":"shipping-taxable","13":"purchasable","14":"product-type-simple"},"_links":{"self":[{"href":"https:\/\/site.astrofoto.com.pt\/welcome\/wp-json\/wp\/v2\/product\/8957","targetHints":{"allow":["GET"]}}],"collection":[{"href":"https:\/\/site.astrofoto.com.pt\/welcome\/wp-json\/wp\/v2\/product"}],"about":[{"href":"https:\/\/site.astrofoto.com.pt\/welcome\/wp-json\/wp\/v2\/types\/product"}],"replies":[{"embeddable":true,"href":"https:\/\/site.astrofoto.com.pt\/welcome\/wp-json\/wp\/v2\/comments?post=8957"}],"wp:featuredmedia":[{"embeddable":true,"href":"https:\/\/site.astrofoto.com.pt\/welcome\/wp-json\/wp\/v2\/media\/8962"}],"wp:attachment":[{"href":"https:\/\/site.astrofoto.com.pt\/welcome\/wp-json\/wp\/v2\/media?parent=8957"}],"wp:term":[{"taxonomy":"product_brand","embeddable":true,"href":"https:\/\/site.astrofoto.com.pt\/welcome\/wp-json\/wp\/v2\/product_brand?post=8957"},{"taxonomy":"product_cat","embeddable":true,"href":"https:\/\/site.astrofoto.com.pt\/welcome\/wp-json\/wp\/v2\/product_cat?post=8957"},{"taxonomy":"product_tag","embeddable":true,"href":"https:\/\/site.astrofoto.com.pt\/welcome\/wp-json\/wp\/v2\/product_tag?post=8957"}],"curies":[{"name":"wp","href":"https:\/\/api.w.org\/{rel}","templated":true}]}}