{"id":8926,"date":"2023-04-21T10:40:40","date_gmt":"2023-04-21T10:40:40","guid":{"rendered":"https:\/\/site.astrofoto.com.pt\/welcome\/?post_type=product&#038;p=8926"},"modified":"2025-04-15T14:44:15","modified_gmt":"2025-04-15T14:44:15","slug":"filtro-solar-em-vidro-meade-5","status":"publish","type":"product","link":"https:\/\/site.astrofoto.com.pt\/welcome\/produto\/filtro-solar-em-vidro-meade-5\/","title":{"rendered":"Filtro Solar em vidro Meade 5&#8243;"},"content":{"rendered":"<p><strong>Filtro Solar em vidro Meade 5&#8243;<\/strong><\/p>\n<div class=\" pad-2v clearfix\">\n<div class=\"fix-2c float-left\"><\/div>\n<\/div>\n<p>\u2022 em vidro com caixilho em aluminio<br \/>\n\u2022 di\u00e2metro interno: 137mm a 143mm<br \/>\n\u2022 bloqueia os raios UV e IR<br \/>\n\u25ba \u00e9 seguro para observa\u00e7\u00e3o solar (manchas solares)<\/p>\n<p>&nbsp;<\/p>\n<p>&nbsp;<\/p>\n<p>59493<\/p>\n","protected":false},"excerpt":{"rendered":"<p>Filtro Solar em vidro Meade 5&#8243; \u2022 em vidro com caixilho em aluminio \u2022 di\u00e2metro interno: 137mm a 143mm \u2022 bloqueia os raios UV e IR \u25ba \u00e9 seguro para observa\u00e7\u00e3o solar (manchas solares) &nbsp; &nbsp; 59493<\/p>\n","protected":false},"featured_media":8927,"comment_status":"closed","ping_status":"closed","template":"","meta":[],"product_brand":[],"product_cat":[20],"product_tag":[],"class_list":{"0":"post-8926","1":"product","2":"type-product","3":"status-publish","4":"has-post-thumbnail","6":"product_cat-filtros-solares","8":"first","9":"onbackorder","10":"shipping-taxable","11":"purchasable","12":"product-type-simple"},"_links":{"self":[{"href":"https:\/\/site.astrofoto.com.pt\/welcome\/wp-json\/wp\/v2\/product\/8926","targetHints":{"allow":["GET"]}}],"collection":[{"href":"https:\/\/site.astrofoto.com.pt\/welcome\/wp-json\/wp\/v2\/product"}],"about":[{"href":"https:\/\/site.astrofoto.com.pt\/welcome\/wp-json\/wp\/v2\/types\/product"}],"replies":[{"embeddable":true,"href":"https:\/\/site.astrofoto.com.pt\/welcome\/wp-json\/wp\/v2\/comments?post=8926"}],"wp:featuredmedia":[{"embeddable":true,"href":"https:\/\/site.astrofoto.com.pt\/welcome\/wp-json\/wp\/v2\/media\/8927"}],"wp:attachment":[{"href":"https:\/\/site.astrofoto.com.pt\/welcome\/wp-json\/wp\/v2\/media?parent=8926"}],"wp:term":[{"taxonomy":"product_brand","embeddable":true,"href":"https:\/\/site.astrofoto.com.pt\/welcome\/wp-json\/wp\/v2\/product_brand?post=8926"},{"taxonomy":"product_cat","embeddable":true,"href":"https:\/\/site.astrofoto.com.pt\/welcome\/wp-json\/wp\/v2\/product_cat?post=8926"},{"taxonomy":"product_tag","embeddable":true,"href":"https:\/\/site.astrofoto.com.pt\/welcome\/wp-json\/wp\/v2\/product_tag?post=8926"}],"curies":[{"name":"wp","href":"https:\/\/api.w.org\/{rel}","templated":true}]}}