{"id":890,"date":"2015-09-11T18:12:15","date_gmt":"2015-09-11T18:12:15","guid":{"rendered":"http:\/\/site.astrofoto.com.pt\/welcome\/?post_type=product&#038;p=890"},"modified":"2025-10-07T15:12:34","modified_gmt":"2025-10-07T15:12:34","slug":"anel-t2-canon-eos","status":"publish","type":"product","link":"https:\/\/site.astrofoto.com.pt\/welcome\/produto\/anel-t2-canon-eos\/","title":{"rendered":"Anel T2 Canon EOS"},"content":{"rendered":"<p>&nbsp;<\/p>\n<p><strong><span style=\"font-size: small;\">Anel T2 Canon EOS<\/span><\/strong><\/p>\n<p><span style=\"font-size: small;\">\u2022 adapta os acess\u00f3rios de rosca T ao corpo da c\u00e2mara CANON EOS (foco autom\u00e1tico e digitais SLR)<br \/>\n<\/span><span style=\"font-size: small;\">\u2022 permite fazer do telesc\u00f3pio a lente da c\u00e2mara<br \/>\n\u2022 fotografia em foco prim\u00e1rio<br \/>\n<\/span><\/p>\n","protected":false},"excerpt":{"rendered":"<p>&nbsp; Anel T2 Canon EOS \u2022 adapta os acess\u00f3rios de rosca T ao corpo da c\u00e2mara CANON EOS (foco autom\u00e1tico e digitais SLR) \u2022 permite fazer do telesc\u00f3pio a lente da c\u00e2mara \u2022 fotografia em foco prim\u00e1rio<\/p>\n","protected":false},"featured_media":1763,"comment_status":"open","ping_status":"closed","template":"","meta":[],"product_brand":[],"product_cat":[34],"product_tag":[],"class_list":{"0":"post-890","1":"product","2":"type-product","3":"status-publish","4":"has-post-thumbnail","6":"product_cat-acessoriosfotografia","8":"first","9":"instock","10":"shipping-taxable","11":"purchasable","12":"product-type-simple"},"_links":{"self":[{"href":"https:\/\/site.astrofoto.com.pt\/welcome\/wp-json\/wp\/v2\/product\/890","targetHints":{"allow":["GET"]}}],"collection":[{"href":"https:\/\/site.astrofoto.com.pt\/welcome\/wp-json\/wp\/v2\/product"}],"about":[{"href":"https:\/\/site.astrofoto.com.pt\/welcome\/wp-json\/wp\/v2\/types\/product"}],"replies":[{"embeddable":true,"href":"https:\/\/site.astrofoto.com.pt\/welcome\/wp-json\/wp\/v2\/comments?post=890"}],"wp:featuredmedia":[{"embeddable":true,"href":"https:\/\/site.astrofoto.com.pt\/welcome\/wp-json\/wp\/v2\/media\/1763"}],"wp:attachment":[{"href":"https:\/\/site.astrofoto.com.pt\/welcome\/wp-json\/wp\/v2\/media?parent=890"}],"wp:term":[{"taxonomy":"product_brand","embeddable":true,"href":"https:\/\/site.astrofoto.com.pt\/welcome\/wp-json\/wp\/v2\/product_brand?post=890"},{"taxonomy":"product_cat","embeddable":true,"href":"https:\/\/site.astrofoto.com.pt\/welcome\/wp-json\/wp\/v2\/product_cat?post=890"},{"taxonomy":"product_tag","embeddable":true,"href":"https:\/\/site.astrofoto.com.pt\/welcome\/wp-json\/wp\/v2\/product_tag?post=890"}],"curies":[{"name":"wp","href":"https:\/\/api.w.org\/{rel}","templated":true}]}}