{"id":8838,"date":"2023-02-10T16:37:36","date_gmt":"2023-02-10T16:37:36","guid":{"rendered":"https:\/\/site.astrofoto.com.pt\/welcome\/?post_type=product&#038;p=8838"},"modified":"2025-01-15T18:14:50","modified_gmt":"2025-01-15T18:14:50","slug":"tripe-first-horizon-8115","status":"publish","type":"product","link":"https:\/\/site.astrofoto.com.pt\/welcome\/produto\/tripe-first-horizon-8115\/","title":{"rendered":"Trip\u00e9 First Horizon 8115"},"content":{"rendered":"<p><strong>Trip\u00e9 First Horizon 8115<\/strong><\/p>\n<p>Cabe\u00e7a de 2 movimentos fluidos (oleo)<br \/>\nPress\u00e3o ajust\u00e1vel<br \/>\nPeso suportado: <strong>10kg<\/strong><br \/>\nSapata destac\u00e1vel com parafuso 1\/4\u2033<br \/>\nAltura Maxima: 180cm<br \/>\nAltura fechado: 78cm<br \/>\nDiametro das pernas: 29mm<br \/>\nElevador central com manivela<br \/>\n360\u00b0 em rota\u00e7\u00e3o -90\u00b0 a+60\u00b0 em ajuste vertical<br \/>\nBolha de nivel<br \/>\nP\u00e9s de borracha e ajust\u00e1veis a terreno duro<br \/>\nPeso: 3,6Kg<\/p>\n<p>&nbsp;<\/p>\n<p><em>Extends to an impressive height\u2026The tripod remains stable even when extended, due to a bracket that locked the legs into place\u2026We especially liked the way in which the adaptor plate was fitted into the mount, which is held in place by a sprung locking mechanism. Telescopes are expensive, so it\u2019s worth making sure they are securely attached.\u201d<\/em><\/p>\n<p><em>BBC Sky At Night Magazine<\/em><\/p>\n","protected":false},"excerpt":{"rendered":"<p>Trip\u00e9 First Horizon 8115 Cabe\u00e7a de 2 movimentos fluidos (oleo) Press\u00e3o ajust\u00e1vel Peso suportado: 10kg Sapata destac\u00e1vel com parafuso 1\/4\u2033 Altura Maxima: 180cm Altura fechado: 78cm Diametro das pernas: 29mm Elevador central com manivela 360\u00b0 em rota\u00e7\u00e3o -90\u00b0 a+60\u00b0 em ajuste vertical Bolha de nivel P\u00e9s de borracha e ajust\u00e1veis a terreno duro Peso: 3,6Kg<\/p>\n<div class=\"more-link\">\n\t\t\t\t <a href=\"https:\/\/site.astrofoto.com.pt\/welcome\/produto\/tripe-first-horizon-8115\/\" class=\"btn theme-btn inverted\"><span>Continuar a Ler <\/span><\/a>\n\t\t\t<\/div>\n","protected":false},"featured_media":8839,"comment_status":"closed","ping_status":"closed","template":"","meta":[],"product_brand":[],"product_cat":[25],"product_tag":[],"class_list":{"0":"post-8838","1":"product","2":"type-product","3":"status-publish","4":"has-post-thumbnail","6":"product_cat-tripes","8":"first","9":"outofstock","10":"sale","11":"shipping-taxable","12":"purchasable","13":"product-type-simple"},"_links":{"self":[{"href":"https:\/\/site.astrofoto.com.pt\/welcome\/wp-json\/wp\/v2\/product\/8838","targetHints":{"allow":["GET"]}}],"collection":[{"href":"https:\/\/site.astrofoto.com.pt\/welcome\/wp-json\/wp\/v2\/product"}],"about":[{"href":"https:\/\/site.astrofoto.com.pt\/welcome\/wp-json\/wp\/v2\/types\/product"}],"replies":[{"embeddable":true,"href":"https:\/\/site.astrofoto.com.pt\/welcome\/wp-json\/wp\/v2\/comments?post=8838"}],"wp:featuredmedia":[{"embeddable":true,"href":"https:\/\/site.astrofoto.com.pt\/welcome\/wp-json\/wp\/v2\/media\/8839"}],"wp:attachment":[{"href":"https:\/\/site.astrofoto.com.pt\/welcome\/wp-json\/wp\/v2\/media?parent=8838"}],"wp:term":[{"taxonomy":"product_brand","embeddable":true,"href":"https:\/\/site.astrofoto.com.pt\/welcome\/wp-json\/wp\/v2\/product_brand?post=8838"},{"taxonomy":"product_cat","embeddable":true,"href":"https:\/\/site.astrofoto.com.pt\/welcome\/wp-json\/wp\/v2\/product_cat?post=8838"},{"taxonomy":"product_tag","embeddable":true,"href":"https:\/\/site.astrofoto.com.pt\/welcome\/wp-json\/wp\/v2\/product_tag?post=8838"}],"curies":[{"name":"wp","href":"https:\/\/api.w.org\/{rel}","templated":true}]}}