{"id":8804,"date":"2023-01-19T14:02:02","date_gmt":"2023-01-19T14:02:02","guid":{"rendered":"https:\/\/site.astrofoto.com.pt\/welcome\/?post_type=product&#038;p=8804"},"modified":"2023-01-19T14:11:31","modified_gmt":"2023-01-19T14:11:31","slug":"fita-aquecedora-usb-30cm","status":"publish","type":"product","link":"https:\/\/site.astrofoto.com.pt\/welcome\/produto\/fita-aquecedora-usb-30cm\/","title":{"rendered":"Cinta Aquecedora USB 30cm"},"content":{"rendered":"<p><strong>Cinta Aquecedora USB 30cm<\/strong><\/p>\n<p>Alimenta\u00e7\u00e3o: 5V 2A (powerbank, transformador 5V 2A)<br \/>\nPot\u00eancia m\u00e1xima: &lt;10W<br \/>\nRegulador manual<br \/>\nComprimento: 30cm<br \/>\nLargura: 50 mm<br \/>\n\u25bapara Refratores e Objectivas at\u00e9 80mm<\/p>\n<p>&nbsp;<\/p>\n<p>&nbsp;<\/p>\n","protected":false},"excerpt":{"rendered":"<p>Cinta Aquecedora USB 30cm Alimenta\u00e7\u00e3o: 5V 2A (powerbank, transformador 5V 2A) Pot\u00eancia m\u00e1xima: &lt;10W Regulador manual Comprimento: 30cm Largura: 50 mm \u25bapara Refratores e Objectivas at\u00e9 80mm &nbsp; &nbsp;<\/p>\n","protected":false},"featured_media":8805,"comment_status":"closed","ping_status":"closed","template":"","meta":[],"product_brand":[],"product_cat":[51,34],"product_tag":[],"class_list":{"0":"post-8804","1":"product","2":"type-product","3":"status-publish","4":"has-post-thumbnail","6":"product_cat-acessorios-para-telescopios","7":"product_cat-acessoriosfotografia","9":"first","10":"instock","11":"shipping-taxable","12":"purchasable","13":"product-type-simple"},"_links":{"self":[{"href":"https:\/\/site.astrofoto.com.pt\/welcome\/wp-json\/wp\/v2\/product\/8804","targetHints":{"allow":["GET"]}}],"collection":[{"href":"https:\/\/site.astrofoto.com.pt\/welcome\/wp-json\/wp\/v2\/product"}],"about":[{"href":"https:\/\/site.astrofoto.com.pt\/welcome\/wp-json\/wp\/v2\/types\/product"}],"replies":[{"embeddable":true,"href":"https:\/\/site.astrofoto.com.pt\/welcome\/wp-json\/wp\/v2\/comments?post=8804"}],"wp:featuredmedia":[{"embeddable":true,"href":"https:\/\/site.astrofoto.com.pt\/welcome\/wp-json\/wp\/v2\/media\/8805"}],"wp:attachment":[{"href":"https:\/\/site.astrofoto.com.pt\/welcome\/wp-json\/wp\/v2\/media?parent=8804"}],"wp:term":[{"taxonomy":"product_brand","embeddable":true,"href":"https:\/\/site.astrofoto.com.pt\/welcome\/wp-json\/wp\/v2\/product_brand?post=8804"},{"taxonomy":"product_cat","embeddable":true,"href":"https:\/\/site.astrofoto.com.pt\/welcome\/wp-json\/wp\/v2\/product_cat?post=8804"},{"taxonomy":"product_tag","embeddable":true,"href":"https:\/\/site.astrofoto.com.pt\/welcome\/wp-json\/wp\/v2\/product_tag?post=8804"}],"curies":[{"name":"wp","href":"https:\/\/api.w.org\/{rel}","templated":true}]}}