{"id":8793,"date":"2023-01-18T22:25:56","date_gmt":"2023-01-18T22:25:56","guid":{"rendered":"https:\/\/site.astrofoto.com.pt\/welcome\/?post_type=product&#038;p=8793"},"modified":"2024-03-20T15:29:35","modified_gmt":"2024-03-20T15:29:35","slug":"cinta-aquecedora-zerodew-usb-para-5-127mm","status":"publish","type":"product","link":"https:\/\/site.astrofoto.com.pt\/welcome\/produto\/cinta-aquecedora-zerodew-usb-para-5-127mm\/","title":{"rendered":"Cinta aquecedora ZeroDew USB para 5&#8243; (127mm)"},"content":{"rendered":"<p><strong>Cinta aquecedora ZeroDew USB 5&#8243; (127mm)<br \/>\n<\/strong><\/p>\n<p>\u2022 Comprimento do cabo: 1m<br \/>\n\u2022 Fabricada com circuito impresso flexivel e resistencias SMD.<br \/>\n\u2022 Isolada no exterior para evitar a perda de calor para o exterior e concentrar a funcionalidade no lado do telesc\u00f3pio.<br \/>\n\u2022 Sa\u00edda do cabo perpendicular \u00e0 fita para facilitar a fixa\u00e7\u00e3o.<br \/>\n\u2022 Refor\u00e7o interior para melhor durabilidade.<br \/>\n\u2022 Fixa\u00e7\u00e3o por velcro e el\u00e1stico com presilha.<br \/>\n\u25ba n\u00e3o precisa de controlador<br \/>\n\u25ba cumpre a diretiva RoHS<br \/>\n\u25ba 12 Ohm, 1A, 12W 47 cm<\/p>\n<p>&nbsp;<\/p>\n","protected":false},"excerpt":{"rendered":"<p>Cinta aquecedora ZeroDew USB 5&#8243; (127mm) \u2022 Comprimento do cabo: 1m \u2022 Fabricada com circuito impresso flexivel e resistencias SMD. \u2022 Isolada no exterior para evitar a perda de calor para o exterior e concentrar a funcionalidade no lado do telesc\u00f3pio. \u2022 Sa\u00edda do cabo perpendicular \u00e0 fita para facilitar a fixa\u00e7\u00e3o. \u2022 Refor\u00e7o interior<\/p>\n<div class=\"more-link\">\n\t\t\t\t <a href=\"https:\/\/site.astrofoto.com.pt\/welcome\/produto\/cinta-aquecedora-zerodew-usb-para-5-127mm\/\" class=\"btn theme-btn inverted\"><span>Continuar a Ler <\/span><\/a>\n\t\t\t<\/div>\n","protected":false},"featured_media":8795,"comment_status":"closed","ping_status":"closed","template":"","meta":[],"product_brand":[],"product_cat":[91],"product_tag":[],"class_list":{"0":"post-8793","1":"product","2":"type-product","3":"status-publish","4":"has-post-thumbnail","6":"product_cat-humidade","8":"first","9":"onbackorder","10":"shipping-taxable","11":"purchasable","12":"product-type-simple"},"_links":{"self":[{"href":"https:\/\/site.astrofoto.com.pt\/welcome\/wp-json\/wp\/v2\/product\/8793","targetHints":{"allow":["GET"]}}],"collection":[{"href":"https:\/\/site.astrofoto.com.pt\/welcome\/wp-json\/wp\/v2\/product"}],"about":[{"href":"https:\/\/site.astrofoto.com.pt\/welcome\/wp-json\/wp\/v2\/types\/product"}],"replies":[{"embeddable":true,"href":"https:\/\/site.astrofoto.com.pt\/welcome\/wp-json\/wp\/v2\/comments?post=8793"}],"wp:featuredmedia":[{"embeddable":true,"href":"https:\/\/site.astrofoto.com.pt\/welcome\/wp-json\/wp\/v2\/media\/8795"}],"wp:attachment":[{"href":"https:\/\/site.astrofoto.com.pt\/welcome\/wp-json\/wp\/v2\/media?parent=8793"}],"wp:term":[{"taxonomy":"product_brand","embeddable":true,"href":"https:\/\/site.astrofoto.com.pt\/welcome\/wp-json\/wp\/v2\/product_brand?post=8793"},{"taxonomy":"product_cat","embeddable":true,"href":"https:\/\/site.astrofoto.com.pt\/welcome\/wp-json\/wp\/v2\/product_cat?post=8793"},{"taxonomy":"product_tag","embeddable":true,"href":"https:\/\/site.astrofoto.com.pt\/welcome\/wp-json\/wp\/v2\/product_tag?post=8793"}],"curies":[{"name":"wp","href":"https:\/\/api.w.org\/{rel}","templated":true}]}}