{"id":879,"date":"2015-09-11T17:39:27","date_gmt":"2015-09-11T17:39:27","guid":{"rendered":"http:\/\/site.astrofoto.com.pt\/welcome\/?post_type=product&#038;p=879"},"modified":"2022-10-24T12:38:29","modified_gmt":"2022-10-24T12:38:29","slug":"adaptador-variavel","status":"publish","type":"product","link":"https:\/\/site.astrofoto.com.pt\/welcome\/produto\/adaptador-variavel\/","title":{"rendered":"Adaptador vari\u00e1vel Omegon"},"content":{"rendered":"<p><a href=\"http:\/\/site.astrofoto.com.pt\/welcome\/wp-content\/uploads\/2015\/09\/ft9.jpg\"><img fetchpriority=\"high\" decoding=\"async\" class=\"alignleft size-full wp-image-880\" src=\"http:\/\/site.astrofoto.com.pt\/welcome\/wp-content\/uploads\/2015\/09\/ft9.jpg\" alt=\"ft9\" width=\"300\" height=\"300\" srcset=\"https:\/\/site.astrofoto.com.pt\/welcome\/wp-content\/uploads\/2015\/09\/ft9.jpg 300w, https:\/\/site.astrofoto.com.pt\/welcome\/wp-content\/uploads\/2015\/09\/ft9-100x100.jpg 100w, https:\/\/site.astrofoto.com.pt\/welcome\/wp-content\/uploads\/2015\/09\/ft9-150x150.jpg 150w\" sizes=\"(max-width: 300px) 100vw, 300px\" \/><\/a><strong>Adaptador vari\u00e1vel Omegon<\/strong><\/p>\n<p><span style=\"font-size: xx-small;\"><span style=\"font-family: Verdana;\">\u2022 Adaptador extensivel p\/ Camara Fotogr\u00e1fica (2 elementos)<br \/>\n\u2022 permite adaptar 1,25&#8243; a T2 com varia\u00e7\u00e3o da dist\u00e2ncia<br \/>\n\u2022 permite colocar ocular no interior para foto por projec\u00e7\u00e3o com varia\u00e7\u00e3o da dist\u00e2ncia<\/span><\/span><\/p>\n","protected":false},"excerpt":{"rendered":"<p>Adaptador vari\u00e1vel Omegon \u2022 Adaptador extensivel p\/ Camara Fotogr\u00e1fica (2 elementos) \u2022 permite adaptar 1,25&#8243; a T2 com varia\u00e7\u00e3o da dist\u00e2ncia \u2022 permite colocar ocular no interior para foto por projec\u00e7\u00e3o com varia\u00e7\u00e3o da dist\u00e2ncia<\/p>\n","protected":false},"featured_media":880,"comment_status":"open","ping_status":"closed","template":"","meta":[],"product_brand":[],"product_cat":[34],"product_tag":[],"class_list":{"0":"post-879","1":"product","2":"type-product","3":"status-publish","4":"has-post-thumbnail","6":"product_cat-acessoriosfotografia","8":"first","9":"onbackorder","10":"shipping-taxable","11":"purchasable","12":"product-type-simple"},"_links":{"self":[{"href":"https:\/\/site.astrofoto.com.pt\/welcome\/wp-json\/wp\/v2\/product\/879","targetHints":{"allow":["GET"]}}],"collection":[{"href":"https:\/\/site.astrofoto.com.pt\/welcome\/wp-json\/wp\/v2\/product"}],"about":[{"href":"https:\/\/site.astrofoto.com.pt\/welcome\/wp-json\/wp\/v2\/types\/product"}],"replies":[{"embeddable":true,"href":"https:\/\/site.astrofoto.com.pt\/welcome\/wp-json\/wp\/v2\/comments?post=879"}],"wp:featuredmedia":[{"embeddable":true,"href":"https:\/\/site.astrofoto.com.pt\/welcome\/wp-json\/wp\/v2\/media\/880"}],"wp:attachment":[{"href":"https:\/\/site.astrofoto.com.pt\/welcome\/wp-json\/wp\/v2\/media?parent=879"}],"wp:term":[{"taxonomy":"product_brand","embeddable":true,"href":"https:\/\/site.astrofoto.com.pt\/welcome\/wp-json\/wp\/v2\/product_brand?post=879"},{"taxonomy":"product_cat","embeddable":true,"href":"https:\/\/site.astrofoto.com.pt\/welcome\/wp-json\/wp\/v2\/product_cat?post=879"},{"taxonomy":"product_tag","embeddable":true,"href":"https:\/\/site.astrofoto.com.pt\/welcome\/wp-json\/wp\/v2\/product_tag?post=879"}],"curies":[{"name":"wp","href":"https:\/\/api.w.org\/{rel}","templated":true}]}}