{"id":8787,"date":"2023-01-17T13:26:10","date_gmt":"2023-01-17T13:26:10","guid":{"rendered":"https:\/\/site.astrofoto.com.pt\/welcome\/?post_type=product&#038;p=8787"},"modified":"2024-02-06T14:17:42","modified_gmt":"2024-02-06T14:17:42","slug":"filtro-optolong-l-pro-2","status":"publish","type":"product","link":"https:\/\/site.astrofoto.com.pt\/welcome\/produto\/filtro-optolong-l-pro-2\/","title":{"rendered":"Filtro Optolong  L-Pro 2&#8221;"},"content":{"rendered":"<p><strong>Filtro Optolong L-Pro 2&#8221;<\/strong><\/p>\n<p>Este filtro serve para melhorar o contraste de objetos de c\u00e9u profundo.<br \/>\nIsso \u00e9 obtido permitindo a passagem das bandas de objetos do c\u00e9u profundo, mas suprimindo as muitas fontes de polui\u00e7\u00e3o luminosa como lampadas de merc\u00fario e s\u00f3dio.<br \/>\nAl\u00e9m disso \u00e9 reduzido o &#8220;skyglow&#8221; presente na atmosfera.<br \/>\n\u25baeficaz tanto em visual como fotograficamente.<\/p>\n<p>Ao contr\u00e1rio de outros filtros que devem atenuar a polui\u00e7\u00e3o luminosa, como os filtros UHC ou CLS, este filtro \u00e9 multibanda que tem apenas um impacto m\u00ednimo na reprodu\u00e7\u00e3o de cores, portanto, este filtro tamb\u00e9m \u00e9 adequado para fotografar fontes cont\u00ednuas como gal\u00e1xias, aglomerados globulares e nebulosas de reflex\u00e3o .<\/p>\n","protected":false},"excerpt":{"rendered":"<p>Filtro Optolong L-Pro 2&#8221; Este filtro serve para melhorar o contraste de objetos de c\u00e9u profundo. Isso \u00e9 obtido permitindo a passagem das bandas de objetos do c\u00e9u profundo, mas suprimindo as muitas fontes de polui\u00e7\u00e3o luminosa como lampadas de merc\u00fario e s\u00f3dio. Al\u00e9m disso \u00e9 reduzido o &#8220;skyglow&#8221; presente na atmosfera. \u25baeficaz tanto em<\/p>\n<div class=\"more-link\">\n\t\t\t\t <a href=\"https:\/\/site.astrofoto.com.pt\/welcome\/produto\/filtro-optolong-l-pro-2\/\" class=\"btn theme-btn inverted\"><span>Continuar a Ler <\/span><\/a>\n\t\t\t<\/div>\n","protected":false},"featured_media":8788,"comment_status":"closed","ping_status":"closed","template":"","meta":[],"product_brand":[],"product_cat":[32,24],"product_tag":[],"class_list":{"0":"post-8787","1":"product","2":"type-product","3":"status-publish","4":"has-post-thumbnail","6":"product_cat-filtros-ceu-profundo","7":"product_cat-fotografia-astronomica","9":"first","10":"onbackorder","11":"sale","12":"shipping-taxable","13":"purchasable","14":"product-type-simple"},"_links":{"self":[{"href":"https:\/\/site.astrofoto.com.pt\/welcome\/wp-json\/wp\/v2\/product\/8787","targetHints":{"allow":["GET"]}}],"collection":[{"href":"https:\/\/site.astrofoto.com.pt\/welcome\/wp-json\/wp\/v2\/product"}],"about":[{"href":"https:\/\/site.astrofoto.com.pt\/welcome\/wp-json\/wp\/v2\/types\/product"}],"replies":[{"embeddable":true,"href":"https:\/\/site.astrofoto.com.pt\/welcome\/wp-json\/wp\/v2\/comments?post=8787"}],"wp:featuredmedia":[{"embeddable":true,"href":"https:\/\/site.astrofoto.com.pt\/welcome\/wp-json\/wp\/v2\/media\/8788"}],"wp:attachment":[{"href":"https:\/\/site.astrofoto.com.pt\/welcome\/wp-json\/wp\/v2\/media?parent=8787"}],"wp:term":[{"taxonomy":"product_brand","embeddable":true,"href":"https:\/\/site.astrofoto.com.pt\/welcome\/wp-json\/wp\/v2\/product_brand?post=8787"},{"taxonomy":"product_cat","embeddable":true,"href":"https:\/\/site.astrofoto.com.pt\/welcome\/wp-json\/wp\/v2\/product_cat?post=8787"},{"taxonomy":"product_tag","embeddable":true,"href":"https:\/\/site.astrofoto.com.pt\/welcome\/wp-json\/wp\/v2\/product_tag?post=8787"}],"curies":[{"name":"wp","href":"https:\/\/api.w.org\/{rel}","templated":true}]}}