{"id":8750,"date":"2022-12-31T13:02:57","date_gmt":"2022-12-31T13:02:57","guid":{"rendered":"https:\/\/site.astrofoto.com.pt\/welcome\/?post_type=product&#038;p=8750"},"modified":"2023-07-13T09:54:55","modified_gmt":"2023-07-13T09:54:55","slug":"baader-rgb-50-8mm-2-unmounted-usados","status":"publish","type":"product","link":"https:\/\/site.astrofoto.com.pt\/welcome\/produto\/baader-rgb-50-8mm-2-unmounted-usados\/","title":{"rendered":"Baader RGB 50.8mm 2&#8243; unmounted usados"},"content":{"rendered":"<p><strong>Baader RGB 50.8mm 2&#8243; unmounted usados<br \/>\n<\/strong><\/p>\n<p><em>\u25baAs negocia\u00e7\u00f5es ser\u00e3o diretas entre vendedor e comprador<br \/>\nApenas garantimos o estado do equipamento e, em alguns casos, a idoneidade do vendedor.<br \/>\n\u25baN\u00e3o\u00a0 efetue pagamentos antes da conclus\u00e3o das negocia\u00e7\u00f5es.<\/em><\/p>\n<p>Conjunto dos Filtros RGB da Baader n\u00e3o montados<\/p>\n<p>\u25ba como novos<\/p>\n<p>&nbsp;<\/p>\n<p>*CM<\/p>\n","protected":false},"excerpt":{"rendered":"<p>Baader RGB 50.8mm 2&#8243; unmounted usados \u25baAs negocia\u00e7\u00f5es ser\u00e3o diretas entre vendedor e comprador Apenas garantimos o estado do equipamento e, em alguns casos, a idoneidade do vendedor. \u25baN\u00e3o\u00a0 efetue pagamentos antes da conclus\u00e3o das negocia\u00e7\u00f5es. Conjunto dos Filtros RGB da Baader n\u00e3o montados \u25ba como novos &nbsp; *CM<\/p>\n","protected":false},"featured_media":8759,"comment_status":"closed","ping_status":"closed","template":"","meta":[],"product_brand":[],"product_cat":[80,24,46],"product_tag":[],"class_list":{"0":"post-8750","1":"product","2":"type-product","3":"status-publish","4":"has-post-thumbnail","6":"product_cat-filtros","7":"product_cat-fotografia-astronomica","8":"product_cat-usados","10":"first","11":"instock","12":"sale","13":"shipping-taxable","14":"purchasable","15":"product-type-simple"},"_links":{"self":[{"href":"https:\/\/site.astrofoto.com.pt\/welcome\/wp-json\/wp\/v2\/product\/8750","targetHints":{"allow":["GET"]}}],"collection":[{"href":"https:\/\/site.astrofoto.com.pt\/welcome\/wp-json\/wp\/v2\/product"}],"about":[{"href":"https:\/\/site.astrofoto.com.pt\/welcome\/wp-json\/wp\/v2\/types\/product"}],"replies":[{"embeddable":true,"href":"https:\/\/site.astrofoto.com.pt\/welcome\/wp-json\/wp\/v2\/comments?post=8750"}],"wp:featuredmedia":[{"embeddable":true,"href":"https:\/\/site.astrofoto.com.pt\/welcome\/wp-json\/wp\/v2\/media\/8759"}],"wp:attachment":[{"href":"https:\/\/site.astrofoto.com.pt\/welcome\/wp-json\/wp\/v2\/media?parent=8750"}],"wp:term":[{"taxonomy":"product_brand","embeddable":true,"href":"https:\/\/site.astrofoto.com.pt\/welcome\/wp-json\/wp\/v2\/product_brand?post=8750"},{"taxonomy":"product_cat","embeddable":true,"href":"https:\/\/site.astrofoto.com.pt\/welcome\/wp-json\/wp\/v2\/product_cat?post=8750"},{"taxonomy":"product_tag","embeddable":true,"href":"https:\/\/site.astrofoto.com.pt\/welcome\/wp-json\/wp\/v2\/product_tag?post=8750"}],"curies":[{"name":"wp","href":"https:\/\/api.w.org\/{rel}","templated":true}]}}