{"id":8748,"date":"2022-12-27T13:53:50","date_gmt":"2022-12-27T13:53:50","guid":{"rendered":"https:\/\/site.astrofoto.com.pt\/welcome\/?post_type=product&#038;p=8748"},"modified":"2024-08-06T13:29:08","modified_gmt":"2024-08-06T13:29:08","slug":"bresser-spotting-scope-zoom-20-60x60-jr-usado","status":"publish","type":"product","link":"https:\/\/site.astrofoto.com.pt\/welcome\/produto\/bresser-spotting-scope-zoom-20-60x60-jr-usado\/","title":{"rendered":"Bresser spotting scope zoom 20-60&#215;60 Jr usado"},"content":{"rendered":"<p><strong>Bresser spotting scope zoom 20-60&#215;60 Jr<\/strong><\/p>\n<p>\u2022 Abertura da Objectiva: 60mm<br \/>\n\u2022 Amplia\u00e7\u00e3o: 20-60x em zoom<br \/>\n\u2022 Angulo da ocular: 45\u00b0<br \/>\n\u2022 Campo de Vis\u00e3o: 32m (20x) a 1000 metros<br \/>\n\u2022 Focagem a partir de 5 metros<br \/>\n\u2022 Trip\u00e9 de mesa<br \/>\n\u2022 Saco de Transporte<br \/>\n\u2022 Liga\u00e7\u00e3o a trip\u00e9: 1\/4\u2033<br \/>\n\u2022 Comprimento: 355mm<br \/>\n\u2022 Largura: 100mm<br \/>\n\u2022 Altura: 110mm<br \/>\n\u2022 Peso: 880g<\/p>\n<p>\u25ba possibilidade ligar a um <a href=\"https:\/\/site.astrofoto.com.pt\/welcome\/produto\/tripe-fotomate-106\/\">trip\u00e9 alto<\/a> (qualquer tripe de fotografia)<\/p>\n","protected":false},"excerpt":{"rendered":"<p>Bresser spotting scope zoom 20-60&#215;60 Jr \u2022 Abertura da Objectiva: 60mm \u2022 Amplia\u00e7\u00e3o: 20-60x em zoom \u2022 Angulo da ocular: 45\u00b0 \u2022 Campo de Vis\u00e3o: 32m (20x) a 1000 metros \u2022 Focagem a partir de 5 metros \u2022 Trip\u00e9 de mesa \u2022 Saco de Transporte \u2022 Liga\u00e7\u00e3o a trip\u00e9: 1\/4\u2033 \u2022 Comprimento: 355mm \u2022 Largura:<\/p>\n<div class=\"more-link\">\n\t\t\t\t <a href=\"https:\/\/site.astrofoto.com.pt\/welcome\/produto\/bresser-spotting-scope-zoom-20-60x60-jr-usado\/\" class=\"btn theme-btn inverted\"><span>Continuar a Ler <\/span><\/a>\n\t\t\t<\/div>\n","protected":false},"featured_media":6664,"comment_status":"closed","ping_status":"closed","template":"","meta":[],"product_brand":[],"product_cat":[22,46],"product_tag":[],"class_list":{"0":"post-8748","1":"product","2":"type-product","3":"status-publish","4":"has-post-thumbnail","6":"product_cat-spotting-scopes","7":"product_cat-usados","9":"first","10":"outofstock","11":"sale","12":"shipping-taxable","13":"purchasable","14":"product-type-simple"},"_links":{"self":[{"href":"https:\/\/site.astrofoto.com.pt\/welcome\/wp-json\/wp\/v2\/product\/8748","targetHints":{"allow":["GET"]}}],"collection":[{"href":"https:\/\/site.astrofoto.com.pt\/welcome\/wp-json\/wp\/v2\/product"}],"about":[{"href":"https:\/\/site.astrofoto.com.pt\/welcome\/wp-json\/wp\/v2\/types\/product"}],"replies":[{"embeddable":true,"href":"https:\/\/site.astrofoto.com.pt\/welcome\/wp-json\/wp\/v2\/comments?post=8748"}],"wp:featuredmedia":[{"embeddable":true,"href":"https:\/\/site.astrofoto.com.pt\/welcome\/wp-json\/wp\/v2\/media\/6664"}],"wp:attachment":[{"href":"https:\/\/site.astrofoto.com.pt\/welcome\/wp-json\/wp\/v2\/media?parent=8748"}],"wp:term":[{"taxonomy":"product_brand","embeddable":true,"href":"https:\/\/site.astrofoto.com.pt\/welcome\/wp-json\/wp\/v2\/product_brand?post=8748"},{"taxonomy":"product_cat","embeddable":true,"href":"https:\/\/site.astrofoto.com.pt\/welcome\/wp-json\/wp\/v2\/product_cat?post=8748"},{"taxonomy":"product_tag","embeddable":true,"href":"https:\/\/site.astrofoto.com.pt\/welcome\/wp-json\/wp\/v2\/product_tag?post=8748"}],"curies":[{"name":"wp","href":"https:\/\/api.w.org\/{rel}","templated":true}]}}