{"id":8740,"date":"2022-12-22T16:05:12","date_gmt":"2022-12-22T16:05:12","guid":{"rendered":"https:\/\/site.astrofoto.com.pt\/welcome\/?post_type=product&#038;p=8740"},"modified":"2025-09-19T15:07:46","modified_gmt":"2025-09-19T15:07:46","slug":"asiair-mini","status":"publish","type":"product","link":"https:\/\/site.astrofoto.com.pt\/welcome\/produto\/asiair-mini\/","title":{"rendered":"ASIAIR MINI"},"content":{"rendered":"<p><strong>ZWO ASIAIR MINI<\/strong><\/p>\n<p>\u2022 Vers\u00e3o ultra compacta e simplificada do ASIAIR<br \/>\n\u2022 Controla por Smartphone ou Tablet<br \/>\n\u2022 Armazenamento eMMC integrado de 32Gb<br \/>\n\u2022 Controle das montagens, de c\u00e2maras ASI, do EAF, de c\u00e2maras fotogr\u00e1ficas (Nikon Canon etc&#8230;).<\/p>\n<p>\u25baO ASIAIR Mini da ZWO \u00e9 uma caixa de controle remoto para toda a sua instala\u00e7\u00e3o astron\u00f3mica.<br \/>\nVoc\u00ea pode ligar seu equipamento e control\u00e1-lo a partir de um \u00fanico aplicativo de um smartphone ou tablet.<br \/>\nEste dispositivo simplifica as liga\u00e7\u00f5es entre os v\u00e1rios perif\u00e9ricos da sua configura\u00e7\u00e3o e centraliza o seu controlo.<br \/>\nO aplicativo, intimamente associado \u00e0 caixa e dispon\u00edvel gratuitamente, oferece um grande n\u00famero de recursos para<br \/>\npr\u00e9-processamento e automatiza\u00e7\u00e3o de fotos, sejam planet\u00e1rias ou de c\u00e9u profundo, al\u00e9m de recursos inteligentes<br \/>\npara configurar e monitorar acess\u00f3rios.<\/p>\n<p>\u25baO ASIAIR Mini \u00e9 uma ferramenta de integra\u00e7\u00e3o incompar\u00e1vel para astr\u00f4nomos amadores que desejam simplificar uma configura\u00e7\u00e3o heterog\u00eanea<br \/>\ne desejam controlar facilmente os seus equipamentos, especialmente para uso m\u00f3vel. A caixa gera o seu pr\u00f3prio ponto de acesso Wi-Fi\u00a0 e, portanto, n\u00e3o precisa ser integrada a uma rede existente.<br \/>\nEle tamb\u00e9m pode armazenar todos os seus dados at\u00e9 voc\u00ea voltar para casa; um laptop \u00e9, portanto, desnecess\u00e1rio.<\/p>\n<p>\u25baO ASIAIR Mini da ZWO \u00e9 uma vers\u00e3o simplificada da caixa ASIAIR Plus, que mant\u00e9m apenas as fun\u00e7\u00f5es essenciais para a gest\u00e3odo seu equipamento, o que resulta em ser compacto.<\/p>\n<p>\u25ba revis\u00e3o de Pedro Re: <a href=\"https:\/\/pedroreastrophotography.com\/ZWO_ASIAIR_MINI_SW_Gti_WIDE-FIELD_ASTROPHOTOGRAPHY_20250919.pdf\">VER<\/a><\/p>\n","protected":false},"excerpt":{"rendered":"<p>ZWO ASIAIR MINI \u2022 Vers\u00e3o ultra compacta e simplificada do ASIAIR \u2022 Controla por Smartphone ou Tablet \u2022 Armazenamento eMMC integrado de 32Gb \u2022 Controle das montagens, de c\u00e2maras ASI, do EAF, de c\u00e2maras fotogr\u00e1ficas (Nikon Canon etc&#8230;). \u25baO ASIAIR Mini da ZWO \u00e9 uma caixa de controle remoto para toda a sua instala\u00e7\u00e3o astron\u00f3mica.<\/p>\n<div class=\"more-link\">\n\t\t\t\t <a href=\"https:\/\/site.astrofoto.com.pt\/welcome\/produto\/asiair-mini\/\" class=\"btn theme-btn inverted\"><span>Continuar a Ler <\/span><\/a>\n\t\t\t<\/div>\n","protected":false},"featured_media":8741,"comment_status":"closed","ping_status":"closed","template":"","meta":[],"product_brand":[],"product_cat":[34,48,67,68],"product_tag":[],"class_list":{"0":"post-8740","1":"product","2":"type-product","3":"status-publish","4":"has-post-thumbnail","6":"product_cat-acessoriosfotografia","7":"product_cat-natal","8":"product_cat-https-site-astrofoto-com-pt-welcome-categoria-produto-novidade","9":"product_cat-wi-fi","11":"first","12":"onbackorder","13":"sale","14":"shipping-taxable","15":"purchasable","16":"product-type-simple"},"_links":{"self":[{"href":"https:\/\/site.astrofoto.com.pt\/welcome\/wp-json\/wp\/v2\/product\/8740","targetHints":{"allow":["GET"]}}],"collection":[{"href":"https:\/\/site.astrofoto.com.pt\/welcome\/wp-json\/wp\/v2\/product"}],"about":[{"href":"https:\/\/site.astrofoto.com.pt\/welcome\/wp-json\/wp\/v2\/types\/product"}],"replies":[{"embeddable":true,"href":"https:\/\/site.astrofoto.com.pt\/welcome\/wp-json\/wp\/v2\/comments?post=8740"}],"wp:featuredmedia":[{"embeddable":true,"href":"https:\/\/site.astrofoto.com.pt\/welcome\/wp-json\/wp\/v2\/media\/8741"}],"wp:attachment":[{"href":"https:\/\/site.astrofoto.com.pt\/welcome\/wp-json\/wp\/v2\/media?parent=8740"}],"wp:term":[{"taxonomy":"product_brand","embeddable":true,"href":"https:\/\/site.astrofoto.com.pt\/welcome\/wp-json\/wp\/v2\/product_brand?post=8740"},{"taxonomy":"product_cat","embeddable":true,"href":"https:\/\/site.astrofoto.com.pt\/welcome\/wp-json\/wp\/v2\/product_cat?post=8740"},{"taxonomy":"product_tag","embeddable":true,"href":"https:\/\/site.astrofoto.com.pt\/welcome\/wp-json\/wp\/v2\/product_tag?post=8740"}],"curies":[{"name":"wp","href":"https:\/\/api.w.org\/{rel}","templated":true}]}}