{"id":8692,"date":"2022-12-02T13:43:51","date_gmt":"2022-12-02T13:43:51","guid":{"rendered":"https:\/\/site.astrofoto.com.pt\/welcome\/?post_type=product&#038;p=8692"},"modified":"2025-01-04T16:01:04","modified_gmt":"2025-01-04T16:01:04","slug":"telescopio-skywatcher-mak102-synscan-go2","status":"publish","type":"product","link":"https:\/\/site.astrofoto.com.pt\/welcome\/produto\/telescopio-skywatcher-mak102-synscan-go2\/","title":{"rendered":"*** NOVO Telescopio SkyWatcher Mak102 synscan GO2 Wi-Fi"},"content":{"rendered":"<p>&nbsp;<\/p>\n<p><strong>Telescopio SkyWatcher Mak102 synscan GO2 WiFi<br \/>\n<\/strong><\/p>\n<p>\u25baSistema GOTO:<br \/>\n\u2022Permite automaticamente a busca e seguimento dos objectos no C\u00e9u<br \/>\n\u2022Sugere o &#8220;tour&#8221; do que pode ver a essa hora nesse local<\/p>\n<p><span class=\"style10\">\u2022 diametro: 102mm<br \/>\n<\/span><span class=\"style10\">\u2022 focal:1300mmF\/12.7<br \/>\n\u2022 montagem: AZ\/GT Synscan GOTO<br \/>\n\u2022 Montagem Azimutal motorizada em ambos os eixos controlada por Wi-Fi (sem comando)<br \/>\n\u25ba<span class=\"VIiyi\" lang=\"pt\"><span class=\"JLqJ4b\" data-language-for-alternatives=\"pt\" data-language-to-translate-into=\"auto\" data-phrase-index=\"0\"> Isso \u00e9 feito por meio da WLAN (WiFi) integrada. A montagem gera um sinal Wi-Fi que permite a liga\u00e7\u00e3o ao seu smartphone ou tablet. Pode controlar o telesc\u00f3pio via aplicativo SynScan do Skywatcher para Android ou via iOS.<\/span><\/span><br \/>\n\u2022 controlador gratuito Synscan app (android e IOS)<br \/>\n\u2022 linguagem multipla (portugues incluido)<br \/>\n\u2022 diagonal 90\u00ba<br \/>\n\u2022 oculares: S25mm e S10mm<br \/>\n\u2022 buscador: Ponto Vermelho<br \/>\n\u2022 \u00f3ptimo em planetas<br \/>\n\u2022 aceit\u00e1vel em C\u00e9u Profundo (estrelas duplas, etc)<br \/>\n\u2022 liga\u00e7\u00e3o directa a c\u00e2mara DSLR (ao anel T2)<br \/>\n\u2022 tubo com rosca de trip\u00e9 (pode ser colocado em trip\u00e9 fotogr\u00e1fico)<br \/>\n<\/span><span class=\"style10\">\u2022 Alimenta\u00e7\u00e3o: Caixa para pilhas (n\u00e3o incluidas)<br \/>\n\u2022 Alimenta\u00e7\u00e3o possivel a 12V &#8211;<a href=\"http:\/\/site.astrofoto.com.pt\/welcome\/produto\/adaptador-12v-3a\/\">opcional<\/a><\/span><\/p>\n<p>\u25ba Ver no <a href=\"https:\/\/www.youtube.com\/watch?v=FO3Vq_xsnhg\">Youtube<\/a><br \/>\n\u25ba Ver no <a href=\"https:\/\/www.youtube.com\/watch?v=jeG7Rj60d7A\">youtube<\/a><br \/>\n\u25ba Ver no <a href=\"https:\/\/www.youtube.com\/watch?v=4zPn39vrTw8\">youtube<\/a><\/p>\n<p>\u25ba <a href=\"http:\/\/www.skywatcher.com\/download\/software\/\">Downloads<\/a><\/p>\n","protected":false},"excerpt":{"rendered":"<p>&nbsp; Telescopio SkyWatcher Mak102 synscan GO2 WiFi \u25baSistema GOTO: \u2022Permite automaticamente a busca e seguimento dos objectos no C\u00e9u \u2022Sugere o &#8220;tour&#8221; do que pode ver a essa hora nesse local \u2022 diametro: 102mm \u2022 focal:1300mmF\/12.7 \u2022 montagem: AZ\/GT Synscan GOTO \u2022 Montagem Azimutal motorizada em ambos os eixos controlada por Wi-Fi (sem comando) \u25ba<\/p>\n<div class=\"more-link\">\n\t\t\t\t <a href=\"https:\/\/site.astrofoto.com.pt\/welcome\/produto\/telescopio-skywatcher-mak102-synscan-go2\/\" class=\"btn theme-btn inverted\"><span>Continuar a Ler <\/span><\/a>\n\t\t\t<\/div>\n","protected":false},"featured_media":8693,"comment_status":"closed","ping_status":"closed","template":"","meta":[],"product_brand":[],"product_cat":[48,67,17,68],"product_tag":[],"class_list":{"0":"post-8692","1":"product","2":"type-product","3":"status-publish","4":"has-post-thumbnail","6":"product_cat-natal","7":"product_cat-https-site-astrofoto-com-pt-welcome-categoria-produto-novidade","8":"product_cat-telescopios-catadioptricos","9":"product_cat-wi-fi","11":"first","12":"onbackorder","13":"sale","14":"shipping-taxable","15":"purchasable","16":"product-type-simple"},"_links":{"self":[{"href":"https:\/\/site.astrofoto.com.pt\/welcome\/wp-json\/wp\/v2\/product\/8692","targetHints":{"allow":["GET"]}}],"collection":[{"href":"https:\/\/site.astrofoto.com.pt\/welcome\/wp-json\/wp\/v2\/product"}],"about":[{"href":"https:\/\/site.astrofoto.com.pt\/welcome\/wp-json\/wp\/v2\/types\/product"}],"replies":[{"embeddable":true,"href":"https:\/\/site.astrofoto.com.pt\/welcome\/wp-json\/wp\/v2\/comments?post=8692"}],"wp:featuredmedia":[{"embeddable":true,"href":"https:\/\/site.astrofoto.com.pt\/welcome\/wp-json\/wp\/v2\/media\/8693"}],"wp:attachment":[{"href":"https:\/\/site.astrofoto.com.pt\/welcome\/wp-json\/wp\/v2\/media?parent=8692"}],"wp:term":[{"taxonomy":"product_brand","embeddable":true,"href":"https:\/\/site.astrofoto.com.pt\/welcome\/wp-json\/wp\/v2\/product_brand?post=8692"},{"taxonomy":"product_cat","embeddable":true,"href":"https:\/\/site.astrofoto.com.pt\/welcome\/wp-json\/wp\/v2\/product_cat?post=8692"},{"taxonomy":"product_tag","embeddable":true,"href":"https:\/\/site.astrofoto.com.pt\/welcome\/wp-json\/wp\/v2\/product_tag?post=8692"}],"curies":[{"name":"wp","href":"https:\/\/api.w.org\/{rel}","templated":true}]}}