{"id":8622,"date":"2022-10-29T10:59:18","date_gmt":"2022-10-29T10:59:18","guid":{"rendered":"https:\/\/site.astrofoto.com.pt\/welcome\/?post_type=product&#038;p=8622"},"modified":"2025-01-31T14:40:28","modified_gmt":"2025-01-31T14:40:28","slug":"telescopio-sky-watcher-mak-127-az-synscan-go2-wi-fi","status":"publish","type":"product","link":"https:\/\/site.astrofoto.com.pt\/welcome\/produto\/telescopio-sky-watcher-mak-127-az-synscan-go2-wi-fi\/","title":{"rendered":"***NOVO Telesc\u00f3pio Sky-Watcher Mak 127 AZ SynScan Go2 Wi-Fi"},"content":{"rendered":"<p><strong>\u00a0 Telesc\u00f3pio SkyWatcher Mak127 AZ SynScan Go2 Wi-Fi<br \/>\n<\/strong><\/p>\n<p>\u25baPara oferecer mais conforto ao utilizador, a SkyWatcher decidiu equipar parte de sua linha de instrumentos com uma montagem azimutal computorizada de eixo duplo e um controlador manual capaz de apontar e fazer seguimento.<\/p>\n<p>\u25baA montagem SkyWatcher AZ SynScan GOTO\u00a0 encarrega-se de mover o instrumento em dire\u00e7\u00e3o ao alvo que voc\u00ea deseja observar e at\u00e9 vai sugerindo objetos disponiveis na sua zona de observa\u00e7\u00e3o e na data em que est\u00e1.<\/p>\n<p>&nbsp;<\/p>\n<p><em>Caracter\u00edsticas<br \/>\n<\/em>\u2022 Tubo Optico em Alum\u00ednio<br \/>\n\u2022 Dovetail integrada<br \/>\n\u2022 Dist\u00e2ncia Focal: 1500mm<br \/>\n\u2022 Porta-Oculares 31,75mm (1.25&#8243;)<br \/>\n\u2022 Oculares: Super 20mm e 10mm 1,25&#8243;<br \/>\n\u2022 Buscador: Red Dot<br \/>\n\u2022 Rosca T no porta-oculares<br \/>\n\u2022 Poder de resolu\u00e7\u00e3o: 0.95&#8243;<br \/>\n\u2022 Magnitude limite: 13.2<br \/>\n\u2022 Dimens\u00f5es: 140mm x 330mm<br \/>\n\u2022 Peso do Tubo Optico: 3.6kg<br \/>\n\u2022 Trip\u00e9 de a\u00e7o regul\u00e1vel em altura (71cm a 123cm)<br \/>\n\u2022 Condu\u00e7\u00e3o por app Synscan<br \/>\n\u2022 Adaptador a smartphone<\/p>\n<p>\u25ba Montagem:<br \/>\n\u2022 capacidade: 5 Kg<br \/>\n\u2022 altazimutal com GOTO<br \/>\n\u2022 alimenta\u00e7\u00e3o: 12V cx baterias (AA, LR6)<br \/>\n\u2022 base de dados Synscan com 10.000 objectos<br \/>\n\u2022 controlada por Wi-Fi (sem comando)<br \/>\n\u25ba<span class=\"VIiyi\" lang=\"pt\"><span class=\"JLqJ4b\" data-language-for-alternatives=\"pt\" data-language-to-translate-into=\"auto\" data-phrase-index=\"0\"> Isso \u00e9 feito por meio da WLAN (WiFi) integrada. A montagem gera um sinal Wi-Fi que permite a liga\u00e7\u00e3o ao seu smartphone ou tablet. Pode controlar o telesc\u00f3pio via aplicativo SynScan do Skywatcher para Android ou via iOS.<\/span><\/span><br \/>\n\u2022 controlador gratuito Synscan app (android e IOS)<br \/>\n\u2022 linguagem multipla (portugues incluido)<br \/>\n\u2022 peso total: 8,5Kg<br \/>\n\u2022 Caixa de pilhas (pilhas n\u00e3o inclu\u00eddas)<br \/>\n\u2022 Alimenta\u00e7\u00e3o 12V DC <a href=\"http:\/\/site.astrofoto.com.pt\/welcome\/produto\/adaptador-12v-3a\/\"><strong>em op\u00e7\u00e3o<\/strong><\/a><\/p>\n<p>\u25ba Ver no <a href=\"https:\/\/www.youtube.com\/watch?v=xCKq-S9udfs\">Youtube<\/a>\u00a0 (a partir do minuto 5)<br \/>\n\u25ba Ver no <a href=\"https:\/\/www.youtube.com\/watch?v=4zPn39vrTw8\">youtube<\/a><br \/>\n\u25ba Ver no <a href=\"https:\/\/www.youtube.com\/watch?v=P1fAjWI_dNc\">Youtube<\/a><\/p>\n<p>\u25ba <a href=\"http:\/\/www.skywatcher.com\/download\/software\/\">Downloads<\/a><\/p>\n<p>&nbsp;<\/p>\n","protected":false},"excerpt":{"rendered":"<p>\u00a0 Telesc\u00f3pio SkyWatcher Mak127 AZ SynScan Go2 Wi-Fi \u25baPara oferecer mais conforto ao utilizador, a SkyWatcher decidiu equipar parte de sua linha de instrumentos com uma montagem azimutal computorizada de eixo duplo e um controlador manual capaz de apontar e fazer seguimento. \u25baA montagem SkyWatcher AZ SynScan GOTO\u00a0 encarrega-se de mover o instrumento em dire\u00e7\u00e3o<\/p>\n<div class=\"more-link\">\n\t\t\t\t <a href=\"https:\/\/site.astrofoto.com.pt\/welcome\/produto\/telescopio-sky-watcher-mak-127-az-synscan-go2-wi-fi\/\" class=\"btn theme-btn inverted\"><span>Continuar a Ler <\/span><\/a>\n\t\t\t<\/div>\n","protected":false},"featured_media":8630,"comment_status":"open","ping_status":"closed","template":"","meta":[],"product_brand":[],"product_cat":[48,67,17,68],"product_tag":[],"class_list":{"0":"post-8622","1":"product","2":"type-product","3":"status-publish","4":"has-post-thumbnail","6":"product_cat-natal","7":"product_cat-https-site-astrofoto-com-pt-welcome-categoria-produto-novidade","8":"product_cat-telescopios-catadioptricos","9":"product_cat-wi-fi","11":"first","12":"onbackorder","13":"sale","14":"shipping-taxable","15":"purchasable","16":"product-type-simple"},"_links":{"self":[{"href":"https:\/\/site.astrofoto.com.pt\/welcome\/wp-json\/wp\/v2\/product\/8622","targetHints":{"allow":["GET"]}}],"collection":[{"href":"https:\/\/site.astrofoto.com.pt\/welcome\/wp-json\/wp\/v2\/product"}],"about":[{"href":"https:\/\/site.astrofoto.com.pt\/welcome\/wp-json\/wp\/v2\/types\/product"}],"replies":[{"embeddable":true,"href":"https:\/\/site.astrofoto.com.pt\/welcome\/wp-json\/wp\/v2\/comments?post=8622"}],"wp:featuredmedia":[{"embeddable":true,"href":"https:\/\/site.astrofoto.com.pt\/welcome\/wp-json\/wp\/v2\/media\/8630"}],"wp:attachment":[{"href":"https:\/\/site.astrofoto.com.pt\/welcome\/wp-json\/wp\/v2\/media?parent=8622"}],"wp:term":[{"taxonomy":"product_brand","embeddable":true,"href":"https:\/\/site.astrofoto.com.pt\/welcome\/wp-json\/wp\/v2\/product_brand?post=8622"},{"taxonomy":"product_cat","embeddable":true,"href":"https:\/\/site.astrofoto.com.pt\/welcome\/wp-json\/wp\/v2\/product_cat?post=8622"},{"taxonomy":"product_tag","embeddable":true,"href":"https:\/\/site.astrofoto.com.pt\/welcome\/wp-json\/wp\/v2\/product_tag?post=8622"}],"curies":[{"name":"wp","href":"https:\/\/api.w.org\/{rel}","templated":true}]}}