{"id":8592,"date":"2022-10-14T16:46:12","date_gmt":"2022-10-14T16:46:12","guid":{"rendered":"https:\/\/site.astrofoto.com.pt\/welcome\/?post_type=product&#038;p=8592"},"modified":"2025-11-27T12:49:03","modified_gmt":"2025-11-27T12:49:03","slug":"modulo-sw-wifi-synscan","status":"publish","type":"product","link":"https:\/\/site.astrofoto.com.pt\/welcome\/produto\/modulo-sw-wifi-synscan\/","title":{"rendered":"modulo SW WiFi Synscan"},"content":{"rendered":"<p><strong>modulo SW WiFi Synscan<\/strong><\/p>\n<p>\u25baPermite conduzir as montagens synscan sem comando de m\u00e3o<\/p>\n<p>\u2022 controlador gratuito Synscan app (android e IOS)<br \/>\n\u25ba<span class=\"VIiyi\" lang=\"pt\"><span class=\"JLqJ4b\" data-language-for-alternatives=\"pt\" data-language-to-translate-into=\"auto\" data-phrase-index=\"0\"> Isso \u00e9 feito por meio da WLAN (WiFi) integrada. A montagem gera um sinal Wi-Fi que permite a liga\u00e7\u00e3o ao seu smartphone ou tablet. Pode controlar o telesc\u00f3pio via aplicativo SynScan do Skywatcher para Android ou via iOS.<\/span><\/span><br \/>\n\u2022 linguagem multipla (portugues)<\/p>\n<p>&nbsp;<\/p>\n<p>\u25baVer no <a href=\"https:\/\/www.youtube.com\/watch?v=l72CO3vxX2g\">Youtube<\/a><\/p>\n","protected":false},"excerpt":{"rendered":"<p>modulo SW WiFi Synscan \u25baPermite conduzir as montagens synscan sem comando de m\u00e3o \u2022 controlador gratuito Synscan app (android e IOS) \u25ba Isso \u00e9 feito por meio da WLAN (WiFi) integrada. A montagem gera um sinal Wi-Fi que permite a liga\u00e7\u00e3o ao seu smartphone ou tablet. Pode controlar o telesc\u00f3pio via aplicativo SynScan do Skywatcher<\/p>\n<div class=\"more-link\">\n\t\t\t\t <a href=\"https:\/\/site.astrofoto.com.pt\/welcome\/produto\/modulo-sw-wifi-synscan\/\" class=\"btn theme-btn inverted\"><span>Continuar a Ler <\/span><\/a>\n\t\t\t<\/div>\n","protected":false},"featured_media":8594,"comment_status":"closed","ping_status":"closed","template":"","meta":[],"product_brand":[],"product_cat":[81,62,67,68],"product_tag":[],"class_list":{"0":"post-8592","1":"product","2":"type-product","3":"status-publish","4":"has-post-thumbnail","6":"product_cat-acessorios-de-montagens","7":"product_cat-manutencao","8":"product_cat-https-site-astrofoto-com-pt-welcome-categoria-produto-novidade","9":"product_cat-wi-fi","11":"first","12":"outofstock","13":"shipping-taxable","14":"purchasable","15":"product-type-simple"},"_links":{"self":[{"href":"https:\/\/site.astrofoto.com.pt\/welcome\/wp-json\/wp\/v2\/product\/8592","targetHints":{"allow":["GET"]}}],"collection":[{"href":"https:\/\/site.astrofoto.com.pt\/welcome\/wp-json\/wp\/v2\/product"}],"about":[{"href":"https:\/\/site.astrofoto.com.pt\/welcome\/wp-json\/wp\/v2\/types\/product"}],"replies":[{"embeddable":true,"href":"https:\/\/site.astrofoto.com.pt\/welcome\/wp-json\/wp\/v2\/comments?post=8592"}],"wp:featuredmedia":[{"embeddable":true,"href":"https:\/\/site.astrofoto.com.pt\/welcome\/wp-json\/wp\/v2\/media\/8594"}],"wp:attachment":[{"href":"https:\/\/site.astrofoto.com.pt\/welcome\/wp-json\/wp\/v2\/media?parent=8592"}],"wp:term":[{"taxonomy":"product_brand","embeddable":true,"href":"https:\/\/site.astrofoto.com.pt\/welcome\/wp-json\/wp\/v2\/product_brand?post=8592"},{"taxonomy":"product_cat","embeddable":true,"href":"https:\/\/site.astrofoto.com.pt\/welcome\/wp-json\/wp\/v2\/product_cat?post=8592"},{"taxonomy":"product_tag","embeddable":true,"href":"https:\/\/site.astrofoto.com.pt\/welcome\/wp-json\/wp\/v2\/product_tag?post=8592"}],"curies":[{"name":"wp","href":"https:\/\/api.w.org\/{rel}","templated":true}]}}