{"id":854,"date":"2015-09-09T16:48:56","date_gmt":"2015-09-09T16:48:56","guid":{"rendered":"http:\/\/site.astrofoto.com.pt\/welcome\/?post_type=product&#038;p=854"},"modified":"2023-04-27T12:31:58","modified_gmt":"2023-04-27T12:31:58","slug":"adaptador-meade-projeccao-variavel","status":"publish","type":"product","link":"https:\/\/site.astrofoto.com.pt\/welcome\/produto\/adaptador-meade-projeccao-variavel\/","title":{"rendered":"Adaptador MEADE projec\u00e7\u00e3o vari\u00e1vel"},"content":{"rendered":"<p><a href=\"http:\/\/site.astrofoto.com.pt\/welcome\/wp-content\/uploads\/2015\/09\/f7.png\"><img decoding=\"async\" class=\"alignleft size-full wp-image-855\" src=\"http:\/\/site.astrofoto.com.pt\/welcome\/wp-content\/uploads\/2015\/09\/f7.png\" alt=\"f7\" width=\"150\" height=\"76\" \/><\/a><span style=\"font-family: arial,helvetica,sans-serif; font-size: xx-small;\">\u2022 Adapta a sa\u00edda do porta-oculares (Visual back) \u00e0 rosca T<br \/>\n\u2022 Vari\u00e1vel na extens\u00e3o<br \/>\n\u2022 Leva ocular PL 26mm no interior para foto por projec\u00e7\u00e3o<\/span><\/p>\n","protected":false},"excerpt":{"rendered":"<p>\u2022 Adapta a sa\u00edda do porta-oculares (Visual back) \u00e0 rosca T \u2022 Vari\u00e1vel na extens\u00e3o \u2022 Leva ocular PL 26mm no interior para foto por projec\u00e7\u00e3o<\/p>\n","protected":false},"featured_media":855,"comment_status":"open","ping_status":"closed","template":"","meta":[],"product_brand":[],"product_cat":[34],"product_tag":[],"class_list":{"0":"post-854","1":"product","2":"type-product","3":"status-publish","4":"has-post-thumbnail","6":"product_cat-acessoriosfotografia","8":"first","9":"outofstock","10":"shipping-taxable","11":"purchasable","12":"product-type-simple"},"_links":{"self":[{"href":"https:\/\/site.astrofoto.com.pt\/welcome\/wp-json\/wp\/v2\/product\/854","targetHints":{"allow":["GET"]}}],"collection":[{"href":"https:\/\/site.astrofoto.com.pt\/welcome\/wp-json\/wp\/v2\/product"}],"about":[{"href":"https:\/\/site.astrofoto.com.pt\/welcome\/wp-json\/wp\/v2\/types\/product"}],"replies":[{"embeddable":true,"href":"https:\/\/site.astrofoto.com.pt\/welcome\/wp-json\/wp\/v2\/comments?post=854"}],"wp:featuredmedia":[{"embeddable":true,"href":"https:\/\/site.astrofoto.com.pt\/welcome\/wp-json\/wp\/v2\/media\/855"}],"wp:attachment":[{"href":"https:\/\/site.astrofoto.com.pt\/welcome\/wp-json\/wp\/v2\/media?parent=854"}],"wp:term":[{"taxonomy":"product_brand","embeddable":true,"href":"https:\/\/site.astrofoto.com.pt\/welcome\/wp-json\/wp\/v2\/product_brand?post=854"},{"taxonomy":"product_cat","embeddable":true,"href":"https:\/\/site.astrofoto.com.pt\/welcome\/wp-json\/wp\/v2\/product_cat?post=854"},{"taxonomy":"product_tag","embeddable":true,"href":"https:\/\/site.astrofoto.com.pt\/welcome\/wp-json\/wp\/v2\/product_tag?post=854"}],"curies":[{"name":"wp","href":"https:\/\/api.w.org\/{rel}","templated":true}]}}