{"id":8538,"date":"2022-09-20T12:42:34","date_gmt":"2022-09-20T12:42:34","guid":{"rendered":"https:\/\/site.astrofoto.com.pt\/welcome\/?post_type=product&#038;p=8538"},"modified":"2022-09-20T12:42:34","modified_gmt":"2022-09-20T12:42:34","slug":"dovetail-em-l-star-adventurer","status":"publish","type":"product","link":"https:\/\/site.astrofoto.com.pt\/welcome\/produto\/dovetail-em-l-star-adventurer\/","title":{"rendered":"Dovetail em L Star Adventurer"},"content":{"rendered":"<p><strong>Dovetail em L Star Adventurer<\/strong><\/p>\n<p>\u25ba dovetail de montagem standard\u00a0 usada principalmente para montar um tubo \u00f3ptico ou uma objetiva, permitindo uma rota\u00e7\u00e3o microm\u00e9trica acima de 90\u00b0 (no eixo correspondente \u00e0 declina\u00e7\u00e3o).<br \/>\n\u2022 A resist\u00eancia da rota\u00e7\u00e3o \u00e9 ajustada usando um trav\u00e3o e o movimento microm\u00e9trico \u00e9 controlado por um parafuso serrilhado.<br \/>\n\u2022 A dovetail microm\u00e9trica, equipada com uma rosca Kodak (1\/4&#8243;-20), \u00e9 remov\u00edvel.<\/p>\n<p>\u25baDesencaixa uma cauda de andorinha equipada com 2 parafusos (3\/8&#8243;-16) em cada extremidade, permitindo a fixa\u00e7\u00e3o de 2 r\u00f3tulas independentes, ou uma r\u00f3tula e um tubo \u00f3ptico.<br \/>\n\u2022 \u00c9 poss\u00edvel usar a placa microm\u00e9trica de um lado e uma r\u00f3tula cl\u00e1ssica do outro lado. A cauda de andorinha, a placa microm\u00e9trica e os 2 parafusos 3\/8&#8243; oferecem uma ampla variedade de montagens para se adaptar a todas as necessidades.<\/p>\n","protected":false},"excerpt":{"rendered":"<p>Dovetail em L Star Adventurer \u25ba dovetail de montagem standard\u00a0 usada principalmente para montar um tubo \u00f3ptico ou uma objetiva, permitindo uma rota\u00e7\u00e3o microm\u00e9trica acima de 90\u00b0 (no eixo correspondente \u00e0 declina\u00e7\u00e3o). \u2022 A resist\u00eancia da rota\u00e7\u00e3o \u00e9 ajustada usando um trav\u00e3o e o movimento microm\u00e9trico \u00e9 controlado por um parafuso serrilhado. \u2022 A dovetail<\/p>\n<div class=\"more-link\">\n\t\t\t\t <a href=\"https:\/\/site.astrofoto.com.pt\/welcome\/produto\/dovetail-em-l-star-adventurer\/\" class=\"btn theme-btn inverted\"><span>Continuar a Ler <\/span><\/a>\n\t\t\t<\/div>\n","protected":false},"featured_media":8539,"comment_status":"closed","ping_status":"closed","template":"","meta":[],"product_brand":[],"product_cat":[34],"product_tag":[],"class_list":{"0":"post-8538","1":"product","2":"type-product","3":"status-publish","4":"has-post-thumbnail","6":"product_cat-acessoriosfotografia","8":"first","9":"onbackorder","10":"shipping-taxable","11":"purchasable","12":"product-type-simple"},"_links":{"self":[{"href":"https:\/\/site.astrofoto.com.pt\/welcome\/wp-json\/wp\/v2\/product\/8538","targetHints":{"allow":["GET"]}}],"collection":[{"href":"https:\/\/site.astrofoto.com.pt\/welcome\/wp-json\/wp\/v2\/product"}],"about":[{"href":"https:\/\/site.astrofoto.com.pt\/welcome\/wp-json\/wp\/v2\/types\/product"}],"replies":[{"embeddable":true,"href":"https:\/\/site.astrofoto.com.pt\/welcome\/wp-json\/wp\/v2\/comments?post=8538"}],"wp:featuredmedia":[{"embeddable":true,"href":"https:\/\/site.astrofoto.com.pt\/welcome\/wp-json\/wp\/v2\/media\/8539"}],"wp:attachment":[{"href":"https:\/\/site.astrofoto.com.pt\/welcome\/wp-json\/wp\/v2\/media?parent=8538"}],"wp:term":[{"taxonomy":"product_brand","embeddable":true,"href":"https:\/\/site.astrofoto.com.pt\/welcome\/wp-json\/wp\/v2\/product_brand?post=8538"},{"taxonomy":"product_cat","embeddable":true,"href":"https:\/\/site.astrofoto.com.pt\/welcome\/wp-json\/wp\/v2\/product_cat?post=8538"},{"taxonomy":"product_tag","embeddable":true,"href":"https:\/\/site.astrofoto.com.pt\/welcome\/wp-json\/wp\/v2\/product_tag?post=8538"}],"curies":[{"name":"wp","href":"https:\/\/api.w.org\/{rel}","templated":true}]}}