{"id":8525,"date":"2022-09-19T15:19:06","date_gmt":"2022-09-19T15:19:06","guid":{"rendered":"https:\/\/site.astrofoto.com.pt\/welcome\/?post_type=product&#038;p=8525"},"modified":"2023-07-13T10:02:34","modified_gmt":"2023-07-13T10:02:34","slug":"telescopio-omegon-150-750-eq3-usado","status":"publish","type":"product","link":"https:\/\/site.astrofoto.com.pt\/welcome\/produto\/telescopio-omegon-150-750-eq3-usado\/","title":{"rendered":"TELESCOPIO OMEGON 150\/750 EQ3 USADO"},"content":{"rendered":"<p><strong>TELESCOPIO OMEGON 150\/750 EQ3<\/strong><\/p>\n<p><em>\u25baAs negocia\u00e7\u00f5es ser\u00e3o diretas entre vendedor e comprador<br \/>\nApenas garantimos o estado do equipamento e, em alguns casos, a idoneidade do vendedor.<br \/>\n\u25baN\u00e3o\u00a0 efetue pagamentos antes da conclus\u00e3o das negocia\u00e7\u00f5es.<\/em><\/p>\n<p>\u25ba ver no <a href=\"https:\/\/youtu.be\/I37d6MVjbHw\">youtube<\/a><\/p>\n<p class=\"f-default\">\u2022 Telesc\u00f3pio Reflector (Newton)<br \/>\n\u2022 Di\u00e2metro:150mm (6&#8243;)<br \/>\n\u2022 Focal:\u00a0750\u00a0F\/5<br \/>\n\u2022 Montagem: EQ3<br \/>\n\u2022 Oculares: 25mm e PL6,5mm<br \/>\n\u2022 Buscador: 6x30mm<br \/>\n\u2022 Barlow 2X<\/p>\n<p>\u25ba ver no <a href=\"https:\/\/youtu.be\/I37d6MVjbHw\">youtube<\/a><\/p>\n<p>&nbsp;<\/p>\n<p>*Malhao<\/p>\n<p class=\"f-default\">\n","protected":false},"excerpt":{"rendered":"<p>TELESCOPIO OMEGON 150\/750 EQ3 \u25baAs negocia\u00e7\u00f5es ser\u00e3o diretas entre vendedor e comprador Apenas garantimos o estado do equipamento e, em alguns casos, a idoneidade do vendedor. \u25baN\u00e3o\u00a0 efetue pagamentos antes da conclus\u00e3o das negocia\u00e7\u00f5es. \u25ba ver no youtube \u2022 Telesc\u00f3pio Reflector (Newton) \u2022 Di\u00e2metro:150mm (6&#8243;) \u2022 Focal:\u00a0750\u00a0F\/5 \u2022 Montagem: EQ3 \u2022 Oculares: 25mm e PL6,5mm<\/p>\n<div class=\"more-link\">\n\t\t\t\t <a href=\"https:\/\/site.astrofoto.com.pt\/welcome\/produto\/telescopio-omegon-150-750-eq3-usado\/\" class=\"btn theme-btn inverted\"><span>Continuar a Ler <\/span><\/a>\n\t\t\t<\/div>\n","protected":false},"featured_media":8531,"comment_status":"open","ping_status":"closed","template":"","meta":[],"product_brand":[],"product_cat":[15,46],"product_tag":[],"class_list":{"0":"post-8525","1":"product","2":"type-product","3":"status-publish","4":"has-post-thumbnail","6":"product_cat-telescopios-reflectores","7":"product_cat-usados","9":"first","10":"instock","11":"sale","12":"shipping-taxable","13":"purchasable","14":"product-type-simple"},"_links":{"self":[{"href":"https:\/\/site.astrofoto.com.pt\/welcome\/wp-json\/wp\/v2\/product\/8525","targetHints":{"allow":["GET"]}}],"collection":[{"href":"https:\/\/site.astrofoto.com.pt\/welcome\/wp-json\/wp\/v2\/product"}],"about":[{"href":"https:\/\/site.astrofoto.com.pt\/welcome\/wp-json\/wp\/v2\/types\/product"}],"replies":[{"embeddable":true,"href":"https:\/\/site.astrofoto.com.pt\/welcome\/wp-json\/wp\/v2\/comments?post=8525"}],"wp:featuredmedia":[{"embeddable":true,"href":"https:\/\/site.astrofoto.com.pt\/welcome\/wp-json\/wp\/v2\/media\/8531"}],"wp:attachment":[{"href":"https:\/\/site.astrofoto.com.pt\/welcome\/wp-json\/wp\/v2\/media?parent=8525"}],"wp:term":[{"taxonomy":"product_brand","embeddable":true,"href":"https:\/\/site.astrofoto.com.pt\/welcome\/wp-json\/wp\/v2\/product_brand?post=8525"},{"taxonomy":"product_cat","embeddable":true,"href":"https:\/\/site.astrofoto.com.pt\/welcome\/wp-json\/wp\/v2\/product_cat?post=8525"},{"taxonomy":"product_tag","embeddable":true,"href":"https:\/\/site.astrofoto.com.pt\/welcome\/wp-json\/wp\/v2\/product_tag?post=8525"}],"curies":[{"name":"wp","href":"https:\/\/api.w.org\/{rel}","templated":true}]}}