{"id":849,"date":"2015-09-09T16:35:50","date_gmt":"2015-09-09T16:35:50","guid":{"rendered":"http:\/\/site.astrofoto.com.pt\/welcome\/?post_type=product&#038;p=849"},"modified":"2016-10-14T16:48:29","modified_gmt":"2016-10-14T16:48:29","slug":"adaptador-digiscoping-5","status":"publish","type":"product","link":"https:\/\/site.astrofoto.com.pt\/welcome\/produto\/adaptador-digiscoping-5\/","title":{"rendered":"Adaptador DigiScoping"},"content":{"rendered":"<p><a href=\"http:\/\/site.astrofoto.com.pt\/welcome\/wp-content\/uploads\/2015\/09\/f5.png\"><img fetchpriority=\"high\" decoding=\"async\" class=\"alignleft size-medium wp-image-850\" src=\"http:\/\/site.astrofoto.com.pt\/welcome\/wp-content\/uploads\/2015\/09\/f5-300x300.png\" alt=\"f5\" width=\"300\" height=\"300\" srcset=\"https:\/\/site.astrofoto.com.pt\/welcome\/wp-content\/uploads\/2015\/09\/f5-300x300.png 300w, https:\/\/site.astrofoto.com.pt\/welcome\/wp-content\/uploads\/2015\/09\/f5-100x100.png 100w, https:\/\/site.astrofoto.com.pt\/welcome\/wp-content\/uploads\/2015\/09\/f5-150x150.png 150w, https:\/\/site.astrofoto.com.pt\/welcome\/wp-content\/uploads\/2015\/09\/f5.png 400w\" sizes=\"(max-width: 300px) 100vw, 300px\" \/><\/a><\/p>\n<p>\u2022 Adaptador universal robust<br \/>\n\u2022 Para oculares de 1,25&#8243;\u00a0 (di\u00e2metros de 28mm a 45mm)<br \/>\n\u2022 M\u00faltiplos acertos e afina\u00e7\u00f5es<br \/>\n\u2022 Adapta qualquer c\u00e2mara n\u00e3o SLR (a objectiva n\u00e3o sai)<\/p>\n<ul>\n<li><em>\u2022 <\/em><a title=\"Pedro R\u00e9\" href=\"http:\/\/astrosurf.com\/re\/universal_digiscoping_adapter_20041106.jpg\" target=\"_blank\">ver aplica\u00e7\u00e3o (Pedro R\u00e9)<\/a><\/li>\n<\/ul>\n","protected":false},"excerpt":{"rendered":"<p>\u2022 Adaptador universal robust \u2022 Para oculares de 1,25&#8243;\u00a0 (di\u00e2metros de 28mm a 45mm) \u2022 M\u00faltiplos acertos e afina\u00e7\u00f5es \u2022 Adapta qualquer c\u00e2mara n\u00e3o SLR (a objectiva n\u00e3o sai) \u2022 ver aplica\u00e7\u00e3o (Pedro R\u00e9)<\/p>\n","protected":false},"featured_media":850,"comment_status":"open","ping_status":"closed","template":"","meta":[],"product_brand":[],"product_cat":[34],"product_tag":[],"class_list":{"0":"post-849","1":"product","2":"type-product","3":"status-publish","4":"has-post-thumbnail","6":"product_cat-acessoriosfotografia","8":"first","9":"onbackorder","10":"shipping-taxable","11":"purchasable","12":"product-type-simple"},"_links":{"self":[{"href":"https:\/\/site.astrofoto.com.pt\/welcome\/wp-json\/wp\/v2\/product\/849","targetHints":{"allow":["GET"]}}],"collection":[{"href":"https:\/\/site.astrofoto.com.pt\/welcome\/wp-json\/wp\/v2\/product"}],"about":[{"href":"https:\/\/site.astrofoto.com.pt\/welcome\/wp-json\/wp\/v2\/types\/product"}],"replies":[{"embeddable":true,"href":"https:\/\/site.astrofoto.com.pt\/welcome\/wp-json\/wp\/v2\/comments?post=849"}],"wp:featuredmedia":[{"embeddable":true,"href":"https:\/\/site.astrofoto.com.pt\/welcome\/wp-json\/wp\/v2\/media\/850"}],"wp:attachment":[{"href":"https:\/\/site.astrofoto.com.pt\/welcome\/wp-json\/wp\/v2\/media?parent=849"}],"wp:term":[{"taxonomy":"product_brand","embeddable":true,"href":"https:\/\/site.astrofoto.com.pt\/welcome\/wp-json\/wp\/v2\/product_brand?post=849"},{"taxonomy":"product_cat","embeddable":true,"href":"https:\/\/site.astrofoto.com.pt\/welcome\/wp-json\/wp\/v2\/product_cat?post=849"},{"taxonomy":"product_tag","embeddable":true,"href":"https:\/\/site.astrofoto.com.pt\/welcome\/wp-json\/wp\/v2\/product_tag?post=849"}],"curies":[{"name":"wp","href":"https:\/\/api.w.org\/{rel}","templated":true}]}}