{"id":8485,"date":"2022-09-12T12:05:46","date_gmt":"2022-09-12T12:05:46","guid":{"rendered":"https:\/\/site.astrofoto.com.pt\/welcome\/?post_type=product&#038;p=8485"},"modified":"2022-09-12T12:06:19","modified_gmt":"2022-09-12T12:06:19","slug":"saco-mochila-evscope","status":"publish","type":"product","link":"https:\/\/site.astrofoto.com.pt\/welcome\/produto\/saco-mochila-evscope\/","title":{"rendered":"Saco\/Mochila Evscope"},"content":{"rendered":"<p><strong>Saco\/Mochila Evscope<\/strong><\/p>\n<p>\u2022 Molde de espuma ao formato do seu eVscope<br \/>\n\u2022 Correia para prender o instrumento com seguran\u00e7a durante o transporte<br \/>\n\u2022 Capa de chuva remov\u00edvel que protege da chuva e da humidade<br \/>\n\u2022 Al\u00e7as acolchoadas ajust\u00e1veis \u200b\u200be refor\u00e7adas<br \/>\n\u2022 5 bolsos internos: 2 com fecho eclair, 2 para segurar a tampa do telesc\u00f3pio e a tampa da ocular durante a observa\u00e7\u00e3o e um extra<br \/>\n\u2022 2 bolsos externos grandes e 1 bolso frontal com fecho eclair<\/p>\n<p>&nbsp;<\/p>\n","protected":false},"excerpt":{"rendered":"<p>Saco\/Mochila Evscope \u2022 Molde de espuma ao formato do seu eVscope \u2022 Correia para prender o instrumento com seguran\u00e7a durante o transporte \u2022 Capa de chuva remov\u00edvel que protege da chuva e da humidade \u2022 Al\u00e7as acolchoadas ajust\u00e1veis \u200b\u200be refor\u00e7adas \u2022 5 bolsos internos: 2 com fecho eclair, 2 para segurar a tampa do telesc\u00f3pio<\/p>\n<div class=\"more-link\">\n\t\t\t\t <a href=\"https:\/\/site.astrofoto.com.pt\/welcome\/produto\/saco-mochila-evscope\/\" class=\"btn theme-btn inverted\"><span>Continuar a Ler <\/span><\/a>\n\t\t\t<\/div>\n","protected":false},"featured_media":8486,"comment_status":"closed","ping_status":"closed","template":"","meta":[],"product_brand":[],"product_cat":[65],"product_tag":[],"class_list":{"0":"post-8485","1":"product","2":"type-product","3":"status-publish","4":"has-post-thumbnail","6":"product_cat-sacos-e-malas","8":"first","9":"onbackorder","10":"shipping-taxable","11":"purchasable","12":"product-type-simple"},"_links":{"self":[{"href":"https:\/\/site.astrofoto.com.pt\/welcome\/wp-json\/wp\/v2\/product\/8485","targetHints":{"allow":["GET"]}}],"collection":[{"href":"https:\/\/site.astrofoto.com.pt\/welcome\/wp-json\/wp\/v2\/product"}],"about":[{"href":"https:\/\/site.astrofoto.com.pt\/welcome\/wp-json\/wp\/v2\/types\/product"}],"replies":[{"embeddable":true,"href":"https:\/\/site.astrofoto.com.pt\/welcome\/wp-json\/wp\/v2\/comments?post=8485"}],"wp:featuredmedia":[{"embeddable":true,"href":"https:\/\/site.astrofoto.com.pt\/welcome\/wp-json\/wp\/v2\/media\/8486"}],"wp:attachment":[{"href":"https:\/\/site.astrofoto.com.pt\/welcome\/wp-json\/wp\/v2\/media?parent=8485"}],"wp:term":[{"taxonomy":"product_brand","embeddable":true,"href":"https:\/\/site.astrofoto.com.pt\/welcome\/wp-json\/wp\/v2\/product_brand?post=8485"},{"taxonomy":"product_cat","embeddable":true,"href":"https:\/\/site.astrofoto.com.pt\/welcome\/wp-json\/wp\/v2\/product_cat?post=8485"},{"taxonomy":"product_tag","embeddable":true,"href":"https:\/\/site.astrofoto.com.pt\/welcome\/wp-json\/wp\/v2\/product_tag?post=8485"}],"curies":[{"name":"wp","href":"https:\/\/api.w.org\/{rel}","templated":true}]}}