{"id":8474,"date":"2022-09-02T11:23:16","date_gmt":"2022-09-02T11:23:16","guid":{"rendered":"https:\/\/site.astrofoto.com.pt\/welcome\/?post_type=product&#038;p=8474"},"modified":"2023-10-20T10:17:22","modified_gmt":"2023-10-20T10:17:22","slug":"8474","status":"publish","type":"product","link":"https:\/\/site.astrofoto.com.pt\/welcome\/produto\/8474\/","title":{"rendered":"Telescopio OMEGON Ritchey Chretien 10\u2033 f\/8"},"content":{"rendered":"<p><strong>Telescopio OMEGON Ritchey Chretien 10\u2033 f\/8<\/strong><\/p>\n<p><u><strong>\u2022 Genuino R\/C com prim\u00e1rio e secund\u00e1rio hiperb\u00f3licos<br \/>\n<\/strong><\/u><\/p>\n<p>\u2022 Abertura: 254mm.<br \/>\n\u2022 Focal: 2000mm.<br \/>\n\u2022 Rela\u00e7\u00e3o focal: f\/8<br \/>\n\u2022 \u00d3tica do Primario: Quartzo \u2013 precis\u00e3o inferior a 1\/12 Lambda<br \/>\n\u2022 \u00d3tica do Secundario: Quartzo com 99% de cobertura (Dielectrico).<br \/>\n\u2022 Diametro do secundario: 85mm<br \/>\n\u2022 Obstru\u00e7\u00e3o central: 18%<br \/>\n\u2022 Focador: Monorail 2&#8243; com microfocus 1:10<br \/>\n\u2022 Comprimento do Tubo: 735mm<br \/>\n\u2022 Diametro do Tubo: 294mm<br \/>\n\u2022 Inclui redutores a 2\u2033 e 1,25\u2033<br \/>\n\u2022 Peso do tubo:\u00a015,7kg.<br \/>\n\u2022 Inclui dovetail tipo vixen<\/p>\n","protected":false},"excerpt":{"rendered":"<p>Telescopio OMEGON Ritchey Chretien 10\u2033 f\/8 \u2022 Genuino R\/C com prim\u00e1rio e secund\u00e1rio hiperb\u00f3licos \u2022 Abertura: 254mm. \u2022 Focal: 2000mm. \u2022 Rela\u00e7\u00e3o focal: f\/8 \u2022 \u00d3tica do Primario: Quartzo \u2013 precis\u00e3o inferior a 1\/12 Lambda \u2022 \u00d3tica do Secundario: Quartzo com 99% de cobertura (Dielectrico). \u2022 Diametro do secundario: 85mm \u2022 Obstru\u00e7\u00e3o central: 18% \u2022<\/p>\n<div class=\"more-link\">\n\t\t\t\t <a href=\"https:\/\/site.astrofoto.com.pt\/welcome\/produto\/8474\/\" class=\"btn theme-btn inverted\"><span>Continuar a Ler <\/span><\/a>\n\t\t\t<\/div>\n","protected":false},"featured_media":8475,"comment_status":"closed","ping_status":"closed","template":"","meta":[],"product_brand":[],"product_cat":[17],"product_tag":[],"class_list":{"0":"post-8474","1":"product","2":"type-product","3":"status-publish","4":"has-post-thumbnail","6":"product_cat-telescopios-catadioptricos","8":"first","9":"onbackorder","10":"shipping-taxable","11":"purchasable","12":"product-type-simple"},"_links":{"self":[{"href":"https:\/\/site.astrofoto.com.pt\/welcome\/wp-json\/wp\/v2\/product\/8474","targetHints":{"allow":["GET"]}}],"collection":[{"href":"https:\/\/site.astrofoto.com.pt\/welcome\/wp-json\/wp\/v2\/product"}],"about":[{"href":"https:\/\/site.astrofoto.com.pt\/welcome\/wp-json\/wp\/v2\/types\/product"}],"replies":[{"embeddable":true,"href":"https:\/\/site.astrofoto.com.pt\/welcome\/wp-json\/wp\/v2\/comments?post=8474"}],"wp:featuredmedia":[{"embeddable":true,"href":"https:\/\/site.astrofoto.com.pt\/welcome\/wp-json\/wp\/v2\/media\/8475"}],"wp:attachment":[{"href":"https:\/\/site.astrofoto.com.pt\/welcome\/wp-json\/wp\/v2\/media?parent=8474"}],"wp:term":[{"taxonomy":"product_brand","embeddable":true,"href":"https:\/\/site.astrofoto.com.pt\/welcome\/wp-json\/wp\/v2\/product_brand?post=8474"},{"taxonomy":"product_cat","embeddable":true,"href":"https:\/\/site.astrofoto.com.pt\/welcome\/wp-json\/wp\/v2\/product_cat?post=8474"},{"taxonomy":"product_tag","embeddable":true,"href":"https:\/\/site.astrofoto.com.pt\/welcome\/wp-json\/wp\/v2\/product_tag?post=8474"}],"curies":[{"name":"wp","href":"https:\/\/api.w.org\/{rel}","templated":true}]}}