{"id":8439,"date":"2022-08-11T19:56:16","date_gmt":"2022-08-11T19:56:16","guid":{"rendered":"https:\/\/site.astrofoto.com.pt\/welcome\/?post_type=product&#038;p=8439"},"modified":"2023-10-20T10:19:45","modified_gmt":"2023-10-20T10:19:45","slug":"wedge-equatorial-omegon-deluxe","status":"publish","type":"product","link":"https:\/\/site.astrofoto.com.pt\/welcome\/produto\/wedge-equatorial-omegon-deluxe\/","title":{"rendered":"Wedge equatorial Omegon Deluxe"},"content":{"rendered":"<p><strong>Wedge equatorial Omegon Deluxe<\/strong><\/p>\n<p>\u2022 Eleva\u00e7\u00e3o de latitude: 10\u00ba &#8211; 60\u00ba<br \/>\n\u2022 Tipo de encaixe: Vixen\/SW<br \/>\n\u2022 Liga\u00e7\u00e3o ao trip\u00e9\/base: 3\/8&#8243;<br \/>\n\u2022 Peso: 670g<\/p>\n","protected":false},"excerpt":{"rendered":"<p>Wedge equatorial Omegon Deluxe \u2022 Eleva\u00e7\u00e3o de latitude: 10\u00ba &#8211; 60\u00ba \u2022 Tipo de encaixe: Vixen\/SW \u2022 Liga\u00e7\u00e3o ao trip\u00e9\/base: 3\/8&#8243; \u2022 Peso: 670g<\/p>\n","protected":false},"featured_media":8440,"comment_status":"closed","ping_status":"closed","template":"","meta":[],"product_brand":[],"product_cat":[34],"product_tag":[],"class_list":{"0":"post-8439","1":"product","2":"type-product","3":"status-publish","4":"has-post-thumbnail","6":"product_cat-acessoriosfotografia","8":"first","9":"onbackorder","10":"shipping-taxable","11":"purchasable","12":"product-type-simple"},"_links":{"self":[{"href":"https:\/\/site.astrofoto.com.pt\/welcome\/wp-json\/wp\/v2\/product\/8439","targetHints":{"allow":["GET"]}}],"collection":[{"href":"https:\/\/site.astrofoto.com.pt\/welcome\/wp-json\/wp\/v2\/product"}],"about":[{"href":"https:\/\/site.astrofoto.com.pt\/welcome\/wp-json\/wp\/v2\/types\/product"}],"replies":[{"embeddable":true,"href":"https:\/\/site.astrofoto.com.pt\/welcome\/wp-json\/wp\/v2\/comments?post=8439"}],"wp:featuredmedia":[{"embeddable":true,"href":"https:\/\/site.astrofoto.com.pt\/welcome\/wp-json\/wp\/v2\/media\/8440"}],"wp:attachment":[{"href":"https:\/\/site.astrofoto.com.pt\/welcome\/wp-json\/wp\/v2\/media?parent=8439"}],"wp:term":[{"taxonomy":"product_brand","embeddable":true,"href":"https:\/\/site.astrofoto.com.pt\/welcome\/wp-json\/wp\/v2\/product_brand?post=8439"},{"taxonomy":"product_cat","embeddable":true,"href":"https:\/\/site.astrofoto.com.pt\/welcome\/wp-json\/wp\/v2\/product_cat?post=8439"},{"taxonomy":"product_tag","embeddable":true,"href":"https:\/\/site.astrofoto.com.pt\/welcome\/wp-json\/wp\/v2\/product_tag?post=8439"}],"curies":[{"name":"wp","href":"https:\/\/api.w.org\/{rel}","templated":true}]}}