{"id":8410,"date":"2022-08-04T18:01:51","date_gmt":"2022-08-04T18:01:51","guid":{"rendered":"https:\/\/site.astrofoto.com.pt\/welcome\/?post_type=product&#038;p=8410"},"modified":"2025-09-19T15:09:06","modified_gmt":"2025-09-19T15:09:06","slug":"montagem-skywatcher-staradventurer-gti-wi-fi-goto","status":"publish","type":"product","link":"https:\/\/site.astrofoto.com.pt\/welcome\/produto\/montagem-skywatcher-staradventurer-gti-wi-fi-goto\/","title":{"rendered":"Montagem Skywatcher StarAdventurer GTi Wi-Fi GoTo Trip\u00e9"},"content":{"rendered":"<p><strong>Montagem Skywatcher StarAdventurer GTi Wi-Fi GoTo Trip\u00e9<br \/>\n<\/strong>\u2022 Capacidade de carga 5kg<br \/>\n\u2022 Ajuste de latitude 0\u00b0 a 70\u00b0<br \/>\n\u2022 Motoriza\u00e7\u00e3o de eixo duplo<br \/>\n\u2022 Velocidades de seguimento sideral, lunar e solar.<br \/>\n\u2022 Apontamento autom\u00e1tico: GOTO SynScan.<br \/>\n\u2022 Interfaces de controle Wi-Fi, USB (cabo opcional) e controlador de m\u00e3o SynScan (opcional)<br \/>\n\u2022 Fonte de alimenta\u00e7\u00e3o 8 baterias LR6 (n\u00e3o inclu\u00eddas) ou 12V externo<br \/>\n\u2022 Visor polar fornecido<br \/>\n\u2022 Dovetail F\u00eamea tipo Vixen<br \/>\n\u2022 Extens\u00e3o de trip\u00e9 com 21,6cm<br \/>\n\u2022 Rosca de trip\u00e9: 3\/8&#8243;-16<br \/>\n\u2022 Barra de contrapeso Di\u00e2metro 20 mm, comprimento 213 mm<br \/>\n\u2022 Contrapeso de 2,3Kg<br \/>\n\u2022 Peso da montagem, excluindo contrapeso 2,6 kg<br \/>\n\u2022 Peso Total: 7,5Kg<\/p>\n<p>\u25ba <a href=\"http:\/\/www.skywatcher.com\/download\/software\/\">Downloads<\/a><\/p>\n<p>\u25ba revis\u00e3o de Pedro Re: <a href=\"https:\/\/pedroreastrophotography.com\/ZWO_ASIAIR_MINI_SW_Gti_WIDE-FIELD_ASTROPHOTOGRAPHY_20250919.pdf\">VER<\/a><\/p>\n<p>&nbsp;<\/p>\n","protected":false},"excerpt":{"rendered":"<p>Montagem Skywatcher StarAdventurer GTi Wi-Fi GoTo Trip\u00e9 \u2022 Capacidade de carga 5kg \u2022 Ajuste de latitude 0\u00b0 a 70\u00b0 \u2022 Motoriza\u00e7\u00e3o de eixo duplo \u2022 Velocidades de seguimento sideral, lunar e solar. \u2022 Apontamento autom\u00e1tico: GOTO SynScan. \u2022 Interfaces de controle Wi-Fi, USB (cabo opcional) e controlador de m\u00e3o SynScan (opcional) \u2022 Fonte de alimenta\u00e7\u00e3o<\/p>\n<div class=\"more-link\">\n\t\t\t\t <a href=\"https:\/\/site.astrofoto.com.pt\/welcome\/produto\/montagem-skywatcher-staradventurer-gti-wi-fi-goto\/\" class=\"btn theme-btn inverted\"><span>Continuar a Ler <\/span><\/a>\n\t\t\t<\/div>\n","protected":false},"featured_media":8422,"comment_status":"closed","ping_status":"closed","template":"","meta":[],"product_brand":[],"product_cat":[79,67],"product_tag":[],"class_list":{"0":"post-8410","1":"product","2":"type-product","3":"status-publish","4":"has-post-thumbnail","6":"product_cat-montagens-goto","7":"product_cat-https-site-astrofoto-com-pt-welcome-categoria-produto-novidade","9":"first","10":"onbackorder","11":"sale","12":"shipping-taxable","13":"purchasable","14":"product-type-simple"},"_links":{"self":[{"href":"https:\/\/site.astrofoto.com.pt\/welcome\/wp-json\/wp\/v2\/product\/8410","targetHints":{"allow":["GET"]}}],"collection":[{"href":"https:\/\/site.astrofoto.com.pt\/welcome\/wp-json\/wp\/v2\/product"}],"about":[{"href":"https:\/\/site.astrofoto.com.pt\/welcome\/wp-json\/wp\/v2\/types\/product"}],"replies":[{"embeddable":true,"href":"https:\/\/site.astrofoto.com.pt\/welcome\/wp-json\/wp\/v2\/comments?post=8410"}],"wp:featuredmedia":[{"embeddable":true,"href":"https:\/\/site.astrofoto.com.pt\/welcome\/wp-json\/wp\/v2\/media\/8422"}],"wp:attachment":[{"href":"https:\/\/site.astrofoto.com.pt\/welcome\/wp-json\/wp\/v2\/media?parent=8410"}],"wp:term":[{"taxonomy":"product_brand","embeddable":true,"href":"https:\/\/site.astrofoto.com.pt\/welcome\/wp-json\/wp\/v2\/product_brand?post=8410"},{"taxonomy":"product_cat","embeddable":true,"href":"https:\/\/site.astrofoto.com.pt\/welcome\/wp-json\/wp\/v2\/product_cat?post=8410"},{"taxonomy":"product_tag","embeddable":true,"href":"https:\/\/site.astrofoto.com.pt\/welcome\/wp-json\/wp\/v2\/product_tag?post=8410"}],"curies":[{"name":"wp","href":"https:\/\/api.w.org\/{rel}","templated":true}]}}