{"id":8385,"date":"2022-07-27T13:53:44","date_gmt":"2022-07-27T13:53:44","guid":{"rendered":"https:\/\/site.astrofoto.com.pt\/welcome\/?post_type=product&#038;p=8385"},"modified":"2024-08-08T12:32:17","modified_gmt":"2024-08-08T12:32:17","slug":"telescopio-levenhuk-blaze-pro-100","status":"publish","type":"product","link":"https:\/\/site.astrofoto.com.pt\/welcome\/produto\/telescopio-levenhuk-blaze-pro-100\/","title":{"rendered":"Telescopio Levenhuk Blaze Pro 100"},"content":{"rendered":"<p><strong>Telescopio Levenhuk Blaze Pro 100<\/strong><\/p>\n<p>Di\u00e2metro da objetiva: 100mm<br \/>\nAmplia\u00e7\u00e3o: 25-75x Zoom<br \/>\nCampo de vis\u00e3o: 2.2-1.1\u00ba<br \/>\nDist\u00e2ncia \u00e0 pupila: 4-1.33mm<br \/>\nFoca a partir de: 10m<br \/>\nCampo de vis\u00e3o a 1000m: 36-16m<br \/>\nMaterial do corpo: pl\u00e1stico<br \/>\nRevestimento optico: Fully multicoated<br \/>\n\u00c0 prova de \u00e1gua e embaciamento<br \/>\nBolsa de transporte: incluida<br \/>\nTrip\u00e9: de mesa em metal<br \/>\nPupila de sa\u00edda: 4-1.3mm<br \/>\nRosca: 1\/4 (de tripe fotografico)<\/p>\n<p>\u25ba tambem para ver a lua e os aneis de saturno<br \/>\n\u25ba sugest\u00e3o de trip\u00e9 alto: <a href=\"https:\/\/site.astrofoto.com.pt\/welcome\/produto\/tripe-helios-evolution\/\"><em>ver<\/em><\/a><\/p>\n<p>&nbsp;<\/p>\n<p>#60927<\/p>\n","protected":false},"excerpt":{"rendered":"<p>Telescopio Levenhuk Blaze Pro 100 Di\u00e2metro da objetiva: 100mm Amplia\u00e7\u00e3o: 25-75x Zoom Campo de vis\u00e3o: 2.2-1.1\u00ba Dist\u00e2ncia \u00e0 pupila: 4-1.33mm Foca a partir de: 10m Campo de vis\u00e3o a 1000m: 36-16m Material do corpo: pl\u00e1stico Revestimento optico: Fully multicoated \u00c0 prova de \u00e1gua e embaciamento Bolsa de transporte: incluida Trip\u00e9: de mesa em metal Pupila<\/p>\n<div class=\"more-link\">\n\t\t\t\t <a href=\"https:\/\/site.astrofoto.com.pt\/welcome\/produto\/telescopio-levenhuk-blaze-pro-100\/\" class=\"btn theme-btn inverted\"><span>Continuar a Ler <\/span><\/a>\n\t\t\t<\/div>\n","protected":false},"featured_media":8386,"comment_status":"closed","ping_status":"closed","template":"","meta":[],"product_brand":[],"product_cat":[22],"product_tag":[],"class_list":{"0":"post-8385","1":"product","2":"type-product","3":"status-publish","4":"has-post-thumbnail","6":"product_cat-spotting-scopes","8":"first","9":"onbackorder","10":"sale","11":"shipping-taxable","12":"purchasable","13":"product-type-simple"},"_links":{"self":[{"href":"https:\/\/site.astrofoto.com.pt\/welcome\/wp-json\/wp\/v2\/product\/8385","targetHints":{"allow":["GET"]}}],"collection":[{"href":"https:\/\/site.astrofoto.com.pt\/welcome\/wp-json\/wp\/v2\/product"}],"about":[{"href":"https:\/\/site.astrofoto.com.pt\/welcome\/wp-json\/wp\/v2\/types\/product"}],"replies":[{"embeddable":true,"href":"https:\/\/site.astrofoto.com.pt\/welcome\/wp-json\/wp\/v2\/comments?post=8385"}],"wp:featuredmedia":[{"embeddable":true,"href":"https:\/\/site.astrofoto.com.pt\/welcome\/wp-json\/wp\/v2\/media\/8386"}],"wp:attachment":[{"href":"https:\/\/site.astrofoto.com.pt\/welcome\/wp-json\/wp\/v2\/media?parent=8385"}],"wp:term":[{"taxonomy":"product_brand","embeddable":true,"href":"https:\/\/site.astrofoto.com.pt\/welcome\/wp-json\/wp\/v2\/product_brand?post=8385"},{"taxonomy":"product_cat","embeddable":true,"href":"https:\/\/site.astrofoto.com.pt\/welcome\/wp-json\/wp\/v2\/product_cat?post=8385"},{"taxonomy":"product_tag","embeddable":true,"href":"https:\/\/site.astrofoto.com.pt\/welcome\/wp-json\/wp\/v2\/product_tag?post=8385"}],"curies":[{"name":"wp","href":"https:\/\/api.w.org\/{rel}","templated":true}]}}