{"id":8370,"date":"2022-07-19T19:11:36","date_gmt":"2022-07-19T19:11:36","guid":{"rendered":"https:\/\/site.astrofoto.com.pt\/welcome\/?post_type=product&#038;p=8370"},"modified":"2023-11-13T09:18:08","modified_gmt":"2023-11-13T09:18:08","slug":"camara-ccd-atik-infinity-usada","status":"publish","type":"product","link":"https:\/\/site.astrofoto.com.pt\/welcome\/produto\/camara-ccd-atik-infinity-usada\/","title":{"rendered":"C\u00e2mara CCD ATIK INFINITY COR usada"},"content":{"rendered":"<p><strong>CAMARA ATIK INFINITY COR usada<br \/>\n<\/strong><\/p>\n<p><em>\u25baAs negocia\u00e7\u00f5es ser\u00e3o diretas entre vendedor e comprador<br \/>\nApenas garantimos o estado do equipamento e, em alguns casos, a idoneidade do vendedor.<br \/>\n\u25baN\u00e3o\u00a0 efetue pagamentos antes da conclus\u00e3o das negocia\u00e7\u00f5es.<\/em><\/p>\n<p><u>a<strong><em> c\u00e2mara com &#8220;stack&#8221; continuo!!! <\/em><\/strong><\/u><\/p>\n<p><em><strong><a href=\"https:\/\/www.youtube.com\/watch?v=JheW2PHKwcY\">Ver no youtube <\/a><\/strong><\/em><\/p>\n<ul>\n<li>Sensor Type: CCD &#8211; Sony ICX825<\/li>\n<li>Horizontal Resolution: 1392 pixels<\/li>\n<li>Vertical Resolution: 1040 pixels<\/li>\n<li>Pixel Size: 6.45 \u00b5M x 6.45 \u00b5M<\/li>\n<li>ADC: 16 bit<\/li>\n<li>Readout Noise: 6e- typical value<\/li>\n<li>Speed: 2-3 frames per second<\/li>\n<li>Interface: USB 2.0 High Speed and ST4 compatible guide port<\/li>\n<li>Power: 12v DC 1A<\/li>\n<li>Maximum Exposure Length: 120 s<\/li>\n<li>Minimum Exposure Length: 1\/1000 s<\/li>\n<li>Cooling: Passive<\/li>\n<li>Weight: approx.\u00a0 340 gr<\/li>\n<li>Backfocus: 13mm<\/li>\n<li>Available as mono or colour<\/li>\n<li><\/li>\n<\/ul>\n<p><strong>Atik Infinity<\/strong><br \/>\nThe Atik Infinity is the first Atik Camera dedicated to video astronomy, boasting both the speed and sensitivity required for this rewarding technique. Through new, intuitive, in-house software, the Infinity brings the wonders of the deep sky to a screen in just seconds.<br \/>\nThe Infinity features a Sony ICX825 sensor embedded with EXview HAD CCD II\u2122 technology for outstanding sensitivity and Quantum Efficiency at a resolution suited to near real time viewing. The generous 6,45 \u00b5m pixel size is well-suited to a broad range of telescopes while the slim, rectangular design ensures the camera can clear the base on fork-mounted scopes. This makes the Infinity well-suited to a huge variety of setups, from those just starting out right through to the professional observatory.<br \/>\n<strong>New Software<\/strong><br \/>\nAlongside the Infinity is a custom software application dedicated to video astronomy. It features a simple, intuitive user interface for optimum usability without compromising on camera control or performance. Live continuous stacking removes background noise so you see more of what matters, and flexible histogram adjustments make sure you never miss a detail.<br \/>\nIntegrated broadcasting features take the hassle out of sharing your sky, and voiceover and live web chat create a truly interactive experience, straight out the box. The software also features session record and interactive replay so you remain in full control of the display when sharing your sessions with family and friends.<br \/>\n\u2022\u00a0\u00a0\u00a0 Live continuous stacking<br \/>\n\u2022\u00a0\u00a0\u00a0 Flexible histogram control, including auto-stretch functions<br \/>\n\u2022\u00a0\u00a0\u00a0 Live YouTube broadcast integration<br \/>\n\u2022\u00a0\u00a0\u00a0 Interactive session replay<br \/>\n\u2022\u00a0\u00a0\u00a0 Focus assist and monitoring tools<br \/>\n\u2022\u00a0\u00a0\u00a0 Save to FITs, PNG and JPG formats<br \/>\n<strong>The Perfect Outreach Tool<\/strong><br \/>\nVideo astronomy is ideally suited for use in public outreach programs and educational settings. It allows faint objects to be seen in incredible detail by all involved, and maintains that \u2018at the telescope\u2019 feeling without the need to queue up and crowd round an eyepiece.<br \/>\nWith a choice of either a mono or a colour sensor, the Infinity caters for those who prioritise absolute detail, as well as those who want to explore the universe in colour beyond the sensitivity of the unaided human eye.<\/p>\n<p><strong>Multi-purpose<\/strong><br \/>\nWhile other video astronomy cameras are often scaled up versions of guide cameras or cameras used in security applications, the Infinity is based on a high-end, fully-fledged 16bit camera originally developed for OEM use in microscopy and inspection applications. This makes it a no compromise solution for capturing high quality images at live view frame rates, designed with even the most demanding user in mind.<br \/>\nThis said, the Infinity can still then be used as an exceptional guide camera, featuring a standard ST4 guide port for direct connection to your mount. And if video astronomy and high-end guiding aren\u2019t enough, the Infinity is also fully compatible with all of our existing software packages, making it suitable for use as an entry-level imaging camera.<\/p>\n<p><a href=\"https:\/\/www.youtube.com\/watch?v=qqAN-M8T0X8\"><em><strong>ver no youtube\u00a0 <\/strong><\/em><\/a><\/p>\n<p>\u25ba<a href=\"https:\/\/www.atik-cameras.com\/\"><strong><em>mais info ATIK<\/em><\/strong><\/a><\/p>\n<p>*Anselmo<\/p>\n","protected":false},"excerpt":{"rendered":"<p>CAMARA ATIK INFINITY COR usada \u25baAs negocia\u00e7\u00f5es ser\u00e3o diretas entre vendedor e comprador Apenas garantimos o estado do equipamento e, em alguns casos, a idoneidade do vendedor. \u25baN\u00e3o\u00a0 efetue pagamentos antes da conclus\u00e3o das negocia\u00e7\u00f5es. a c\u00e2mara com &#8220;stack&#8221; continuo!!! Ver no youtube Sensor Type: CCD &#8211; Sony ICX825 Horizontal Resolution: 1392 pixels Vertical Resolution:<\/p>\n<div class=\"more-link\">\n\t\t\t\t <a href=\"https:\/\/site.astrofoto.com.pt\/welcome\/produto\/camara-ccd-atik-infinity-usada\/\" class=\"btn theme-btn inverted\"><span>Continuar a Ler <\/span><\/a>\n\t\t\t<\/div>\n","protected":false},"featured_media":1289,"comment_status":"open","ping_status":"closed","template":"","meta":[],"product_brand":[],"product_cat":[24,46],"product_tag":[],"class_list":{"0":"post-8370","1":"product","2":"type-product","3":"status-publish","4":"has-post-thumbnail","6":"product_cat-fotografia-astronomica","7":"product_cat-usados","9":"first","10":"onbackorder","11":"sale","12":"shipping-taxable","13":"purchasable","14":"product-type-simple"},"_links":{"self":[{"href":"https:\/\/site.astrofoto.com.pt\/welcome\/wp-json\/wp\/v2\/product\/8370","targetHints":{"allow":["GET"]}}],"collection":[{"href":"https:\/\/site.astrofoto.com.pt\/welcome\/wp-json\/wp\/v2\/product"}],"about":[{"href":"https:\/\/site.astrofoto.com.pt\/welcome\/wp-json\/wp\/v2\/types\/product"}],"replies":[{"embeddable":true,"href":"https:\/\/site.astrofoto.com.pt\/welcome\/wp-json\/wp\/v2\/comments?post=8370"}],"wp:featuredmedia":[{"embeddable":true,"href":"https:\/\/site.astrofoto.com.pt\/welcome\/wp-json\/wp\/v2\/media\/1289"}],"wp:attachment":[{"href":"https:\/\/site.astrofoto.com.pt\/welcome\/wp-json\/wp\/v2\/media?parent=8370"}],"wp:term":[{"taxonomy":"product_brand","embeddable":true,"href":"https:\/\/site.astrofoto.com.pt\/welcome\/wp-json\/wp\/v2\/product_brand?post=8370"},{"taxonomy":"product_cat","embeddable":true,"href":"https:\/\/site.astrofoto.com.pt\/welcome\/wp-json\/wp\/v2\/product_cat?post=8370"},{"taxonomy":"product_tag","embeddable":true,"href":"https:\/\/site.astrofoto.com.pt\/welcome\/wp-json\/wp\/v2\/product_tag?post=8370"}],"curies":[{"name":"wp","href":"https:\/\/api.w.org\/{rel}","templated":true}]}}