{"id":836,"date":"2015-09-09T16:00:57","date_gmt":"2015-09-09T16:00:57","guid":{"rendered":"http:\/\/site.astrofoto.com.pt\/welcome\/?post_type=product&#038;p=836"},"modified":"2020-06-05T11:16:46","modified_gmt":"2020-06-05T11:16:46","slug":"adaptador-c-a-125","status":"publish","type":"product","link":"https:\/\/site.astrofoto.com.pt\/welcome\/produto\/adaptador-c-a-125\/","title":{"rendered":"Adaptador C a 1,25&#8243;"},"content":{"rendered":"<p><a href=\"http:\/\/site.astrofoto.com.pt\/welcome\/wp-content\/uploads\/2015\/09\/f2.png\"><img decoding=\"async\" class=\"alignleft size-full wp-image-837\" src=\"http:\/\/site.astrofoto.com.pt\/welcome\/wp-content\/uploads\/2015\/09\/f2.png\" alt=\"f2\" width=\"220\" height=\"200\" srcset=\"https:\/\/site.astrofoto.com.pt\/welcome\/wp-content\/uploads\/2015\/09\/f2.png 220w, https:\/\/site.astrofoto.com.pt\/welcome\/wp-content\/uploads\/2015\/09\/f2-150x136.png 150w\" sizes=\"(max-width: 220px) 100vw, 220px\" \/><\/a>\u2022 Em metal<br \/>\n\u2022 Adapta a rosca C-Mount a focadores de 1,25&#8243;<br \/>\n\u2022 Aplic\u00e1vel \u00e0 Mintron, watec e a todas as c\u00e2maras de vigil\u00e2ncia (CCTV)<\/p>\n","protected":false},"excerpt":{"rendered":"<p>\u2022 Em metal \u2022 Adapta a rosca C-Mount a focadores de 1,25&#8243; \u2022 Aplic\u00e1vel \u00e0 Mintron, watec e a todas as c\u00e2maras de vigil\u00e2ncia (CCTV)<\/p>\n","protected":false},"featured_media":837,"comment_status":"open","ping_status":"closed","template":"","meta":[],"product_brand":[],"product_cat":[34],"product_tag":[],"class_list":{"0":"post-836","1":"product","2":"type-product","3":"status-publish","4":"has-post-thumbnail","6":"product_cat-acessoriosfotografia","8":"first","9":"onbackorder","10":"shipping-taxable","11":"purchasable","12":"product-type-simple"},"_links":{"self":[{"href":"https:\/\/site.astrofoto.com.pt\/welcome\/wp-json\/wp\/v2\/product\/836","targetHints":{"allow":["GET"]}}],"collection":[{"href":"https:\/\/site.astrofoto.com.pt\/welcome\/wp-json\/wp\/v2\/product"}],"about":[{"href":"https:\/\/site.astrofoto.com.pt\/welcome\/wp-json\/wp\/v2\/types\/product"}],"replies":[{"embeddable":true,"href":"https:\/\/site.astrofoto.com.pt\/welcome\/wp-json\/wp\/v2\/comments?post=836"}],"wp:featuredmedia":[{"embeddable":true,"href":"https:\/\/site.astrofoto.com.pt\/welcome\/wp-json\/wp\/v2\/media\/837"}],"wp:attachment":[{"href":"https:\/\/site.astrofoto.com.pt\/welcome\/wp-json\/wp\/v2\/media?parent=836"}],"wp:term":[{"taxonomy":"product_brand","embeddable":true,"href":"https:\/\/site.astrofoto.com.pt\/welcome\/wp-json\/wp\/v2\/product_brand?post=836"},{"taxonomy":"product_cat","embeddable":true,"href":"https:\/\/site.astrofoto.com.pt\/welcome\/wp-json\/wp\/v2\/product_cat?post=836"},{"taxonomy":"product_tag","embeddable":true,"href":"https:\/\/site.astrofoto.com.pt\/welcome\/wp-json\/wp\/v2\/product_tag?post=836"}],"curies":[{"name":"wp","href":"https:\/\/api.w.org\/{rel}","templated":true}]}}