{"id":8338,"date":"2022-07-05T11:30:44","date_gmt":"2022-07-05T11:30:44","guid":{"rendered":"https:\/\/site.astrofoto.com.pt\/welcome\/?post_type=product&#038;p=8338"},"modified":"2024-02-17T21:12:11","modified_gmt":"2024-02-17T21:12:11","slug":"bateria-powerbank-omegon-10k-37wh-12v","status":"publish","type":"product","link":"https:\/\/site.astrofoto.com.pt\/welcome\/produto\/bateria-powerbank-omegon-10k-37wh-12v\/","title":{"rendered":"Bateria Powerbank Omegon 10k 37Wh 12V"},"content":{"rendered":"<p><strong>Bateria Powerbank Omegon 10k 37Wh 12V<\/strong><\/p>\n<p>Capacidade: 3 (@12V, 37Wh)<br \/>\nSaida: 12V (5.5 x 2.1 positivo ao centro)<br \/>\nAmperagem: max. 1,5A<br \/>\nTemperatura de opera\u00e7\u00e3o: -20\u00b0 &#8211; +50\u00b0<br \/>\nEntrada\/Carregamento: 5V (USB)<br \/>\nTamanho: 135 x 68 x 15mm<br \/>\nPeso: 200g<\/p>\n<p>\u25ba<span class=\"VIiyi\" lang=\"pt\"><span class=\"JLqJ4b ChMk0b\" data-language-for-alternatives=\"pt\" data-language-to-translate-into=\"es\" data-phrase-index=\"0\" data-number-of-phrases=\"5\"><span class=\"Q4iAWc\">Dentro do Powerbank h\u00e1 uma bateria Li-ion com capacidade de 10.000 mAh (@3,7V).<\/span><\/span> <span class=\"JLqJ4b ChMk0b\" data-language-for-alternatives=\"pt\" data-language-to-translate-into=\"es\" data-phrase-index=\"1\" data-number-of-phrases=\"5\"><span class=\"Q4iAWc\">Isso \u00e9 equivalente a 37Wh ou 3Ah em 12V.<\/span><\/span> <span class=\"JLqJ4b ChMk0b\" data-language-for-alternatives=\"pt\" data-language-to-translate-into=\"es\" data-phrase-index=\"2\" data-number-of-phrases=\"5\"><span class=\"Q4iAWc\">Uma pequena montagem pode, assim, ser operada por cerca de 4-6 horas.<\/span><\/span><br \/>\n<span class=\"JLqJ4b ChMk0b\" data-language-for-alternatives=\"pt\" data-language-to-translate-into=\"es\" data-phrase-index=\"4\" data-number-of-phrases=\"5\"><span class=\"Q4iAWc\">A prote\u00e7\u00e3o integrada contra curto-circuito, sobrecarga, descarga profunda e sobrecarga protege n\u00e3o apenas o pr\u00f3prio Powerbank, mas tamb\u00e9m o telesc\u00f3pio ligado.<\/span><\/span><\/span><\/p>\n<p>Compatibilidade:<\/p>\n<ul>\n<li>Skywatcher AZ-S<\/li>\n<li>Skywatcher Star Discovery<\/li>\n<li>Skywatcher AZ-GTi<\/li>\n<li>Skywatcher AZ-GTe<\/li>\n<li>Skywatcher Solarquest AZ<\/li>\n<li>Skywatcher AZ Merlin<\/li>\n<li>Orion StarSeeker IV<\/li>\n<li>Celestron Nexstar SLT<\/li>\n<li>Celestron Nexstar GT<\/li>\n<li>Celestron Nexstar SE<\/li>\n<li>Celestron LCM<\/li>\n<li>Celestron SkyProdigy<\/li>\n<li>Omegon Push+<\/li>\n<li>Omegon Push+ mini<\/li>\n<\/ul>\n","protected":false},"excerpt":{"rendered":"<p>Bateria Powerbank Omegon 10k 37Wh 12V Capacidade: 3 (@12V, 37Wh) Saida: 12V (5.5 x 2.1 positivo ao centro) Amperagem: max. 1,5A Temperatura de opera\u00e7\u00e3o: -20\u00b0 &#8211; +50\u00b0 Entrada\/Carregamento: 5V (USB) Tamanho: 135 x 68 x 15mm Peso: 200g \u25baDentro do Powerbank h\u00e1 uma bateria Li-ion com capacidade de 10.000 mAh (@3,7V). Isso \u00e9 equivalente a<\/p>\n<div class=\"more-link\">\n\t\t\t\t <a href=\"https:\/\/site.astrofoto.com.pt\/welcome\/produto\/bateria-powerbank-omegon-10k-37wh-12v\/\" class=\"btn theme-btn inverted\"><span>Continuar a Ler <\/span><\/a>\n\t\t\t<\/div>\n","protected":false},"featured_media":8339,"comment_status":"closed","ping_status":"closed","template":"","meta":[],"product_brand":[],"product_cat":[75],"product_tag":[],"class_list":{"0":"post-8338","1":"product","2":"type-product","3":"status-publish","4":"has-post-thumbnail","6":"product_cat-baterias","8":"first","9":"onbackorder","10":"shipping-taxable","11":"purchasable","12":"product-type-simple"},"_links":{"self":[{"href":"https:\/\/site.astrofoto.com.pt\/welcome\/wp-json\/wp\/v2\/product\/8338","targetHints":{"allow":["GET"]}}],"collection":[{"href":"https:\/\/site.astrofoto.com.pt\/welcome\/wp-json\/wp\/v2\/product"}],"about":[{"href":"https:\/\/site.astrofoto.com.pt\/welcome\/wp-json\/wp\/v2\/types\/product"}],"replies":[{"embeddable":true,"href":"https:\/\/site.astrofoto.com.pt\/welcome\/wp-json\/wp\/v2\/comments?post=8338"}],"wp:featuredmedia":[{"embeddable":true,"href":"https:\/\/site.astrofoto.com.pt\/welcome\/wp-json\/wp\/v2\/media\/8339"}],"wp:attachment":[{"href":"https:\/\/site.astrofoto.com.pt\/welcome\/wp-json\/wp\/v2\/media?parent=8338"}],"wp:term":[{"taxonomy":"product_brand","embeddable":true,"href":"https:\/\/site.astrofoto.com.pt\/welcome\/wp-json\/wp\/v2\/product_brand?post=8338"},{"taxonomy":"product_cat","embeddable":true,"href":"https:\/\/site.astrofoto.com.pt\/welcome\/wp-json\/wp\/v2\/product_cat?post=8338"},{"taxonomy":"product_tag","embeddable":true,"href":"https:\/\/site.astrofoto.com.pt\/welcome\/wp-json\/wp\/v2\/product_tag?post=8338"}],"curies":[{"name":"wp","href":"https:\/\/api.w.org\/{rel}","templated":true}]}}