{"id":8286,"date":"2022-06-03T18:08:49","date_gmt":"2022-06-03T18:08:49","guid":{"rendered":"https:\/\/site.astrofoto.com.pt\/welcome\/?post_type=product&#038;p=8286"},"modified":"2024-10-16T18:43:04","modified_gmt":"2024-10-16T18:43:04","slug":"telescopio-skywatcher-evolux-82ed","status":"publish","type":"product","link":"https:\/\/site.astrofoto.com.pt\/welcome\/produto\/telescopio-skywatcher-evolux-82ed\/","title":{"rendered":"Telescopio SkyWatcher Evolux 82ED"},"content":{"rendered":"<p><strong>Telescopio SkyWatcher Evolux 82ED<\/strong><\/p>\n<p>\u2022Refractor apocrom\u00e1tico ED<br \/>\n\u2022Abertura: 82mm<br \/>\n\u20222 elementos multirevestidos com vidro FPL-53 (Schott)<br \/>\n\u2022Dist\u00e2ncia focal: 530mm<br \/>\n\u2022Raz\u00e3o focal: f\/6.46<br \/>\n\u2022Parassol retr\u00e1til<br \/>\n\u2022Comprimento: 295mm\/370mm (aberto)<br \/>\n\u2022Amplia\u00e7\u00e3o m\u00e1xima: 164x<br \/>\n\u2022Peso do tubo: 2.92Kg com bra\u00e7adeira e dovetail<br \/>\n\u2022Focador: Cremalheira 2.4\u2033 dupla velocidade (1:11) anel compressor<br \/>\n\u2022Microfocador: 1\/11<br \/>\n\u2022Saida: 50.8mm<br \/>\n\u2022Bra\u00e7adeiras e dovetail (45mm)<br \/>\n\u20222 bases de buscador<br \/>\n\u2022Mala de Transporte<\/p>\n","protected":false},"excerpt":{"rendered":"<p>Telescopio SkyWatcher Evolux 82ED \u2022Refractor apocrom\u00e1tico ED \u2022Abertura: 82mm \u20222 elementos multirevestidos com vidro FPL-53 (Schott) \u2022Dist\u00e2ncia focal: 530mm \u2022Raz\u00e3o focal: f\/6.46 \u2022Parassol retr\u00e1til \u2022Comprimento: 295mm\/370mm (aberto) \u2022Amplia\u00e7\u00e3o m\u00e1xima: 164x \u2022Peso do tubo: 2.92Kg com bra\u00e7adeira e dovetail \u2022Focador: Cremalheira 2.4\u2033 dupla velocidade (1:11) anel compressor \u2022Microfocador: 1\/11 \u2022Saida: 50.8mm \u2022Bra\u00e7adeiras e dovetail (45mm) \u20222<\/p>\n<div class=\"more-link\">\n\t\t\t\t <a href=\"https:\/\/site.astrofoto.com.pt\/welcome\/produto\/telescopio-skywatcher-evolux-82ed\/\" class=\"btn theme-btn inverted\"><span>Continuar a Ler <\/span><\/a>\n\t\t\t<\/div>\n","protected":false},"featured_media":8282,"comment_status":"closed","ping_status":"closed","template":"","meta":[],"product_brand":[],"product_cat":[67,16],"product_tag":[],"class_list":{"0":"post-8286","1":"product","2":"type-product","3":"status-publish","4":"has-post-thumbnail","6":"product_cat-https-site-astrofoto-com-pt-welcome-categoria-produto-novidade","7":"product_cat-telescopios-refractores","9":"first","10":"onbackorder","11":"sale","12":"shipping-taxable","13":"purchasable","14":"product-type-simple"},"_links":{"self":[{"href":"https:\/\/site.astrofoto.com.pt\/welcome\/wp-json\/wp\/v2\/product\/8286","targetHints":{"allow":["GET"]}}],"collection":[{"href":"https:\/\/site.astrofoto.com.pt\/welcome\/wp-json\/wp\/v2\/product"}],"about":[{"href":"https:\/\/site.astrofoto.com.pt\/welcome\/wp-json\/wp\/v2\/types\/product"}],"replies":[{"embeddable":true,"href":"https:\/\/site.astrofoto.com.pt\/welcome\/wp-json\/wp\/v2\/comments?post=8286"}],"wp:featuredmedia":[{"embeddable":true,"href":"https:\/\/site.astrofoto.com.pt\/welcome\/wp-json\/wp\/v2\/media\/8282"}],"wp:attachment":[{"href":"https:\/\/site.astrofoto.com.pt\/welcome\/wp-json\/wp\/v2\/media?parent=8286"}],"wp:term":[{"taxonomy":"product_brand","embeddable":true,"href":"https:\/\/site.astrofoto.com.pt\/welcome\/wp-json\/wp\/v2\/product_brand?post=8286"},{"taxonomy":"product_cat","embeddable":true,"href":"https:\/\/site.astrofoto.com.pt\/welcome\/wp-json\/wp\/v2\/product_cat?post=8286"},{"taxonomy":"product_tag","embeddable":true,"href":"https:\/\/site.astrofoto.com.pt\/welcome\/wp-json\/wp\/v2\/product_tag?post=8286"}],"curies":[{"name":"wp","href":"https:\/\/api.w.org\/{rel}","templated":true}]}}