{"id":8277,"date":"2022-06-02T15:06:54","date_gmt":"2022-06-02T15:06:54","guid":{"rendered":"https:\/\/site.astrofoto.com.pt\/welcome\/?post_type=product&#038;p=8277"},"modified":"2023-10-20T10:23:46","modified_gmt":"2023-10-20T10:23:46","slug":"camara-omegon-vetec-533-c-color","status":"publish","type":"product","link":"https:\/\/site.astrofoto.com.pt\/welcome\/produto\/camara-omegon-vetec-533-c-color\/","title":{"rendered":"Camara Omegon veTEC 533 C Color"},"content":{"rendered":"<p><strong>Camara Omegon veTEC 533 C Color<\/strong><\/p>\n<p>\u2022 Sensor CMOS Chip (Sony IMX533)<br \/>\n\u2022 Tamanho do chip: 11.3 x 11.3mm(APS-C)<br \/>\n\u2022 Chip \u2013 Diagonal 16mm<br \/>\n\u2022 Pixel size: 3.8<br \/>\n\u2022 Resolu\u00e7\u00e3o fotografica: 3008 x 3008 pixel<br \/>\n\u2022 Megapixeis: 9Mp<br \/>\n\u2022 Bit: 14Bit<br \/>\n\u2022 Imagens\/Seg: 20 (at full resolution)<br \/>\n\u2022 Camara a cores<br \/>\n\u2022 Arrefecimento activo<br \/>\n\u2022 Arrefecimento Max: -40\u00b0C<br \/>\n\u2022 Alimenta\u00e7\u00e3o: 12 (3A)<br \/>\n\u2022 Interfaces USB 3.0 (2x USB2.0 Hub)<br \/>\n\u2022 SO possiveis: Windows 7\/8\/10 (Linux &amp; Mac through INDI)<br \/>\n\u2022 Liga\u00e7\u00e3o ao telescopio: 2\u2033<br \/>\n\u2022 Rosca para filtros: 48mm<br \/>\n\u2022 Tolerancia ao foco: 17.5mm<br \/>\n\u2022 Software: incluido<br \/>\n\u2022 Temperatura de opera\u00e7\u00e3o: -10\u00b0C \u2013 +50\u00b0C<br \/>\n\u2022 Binning: 2\u00d72, 3\u00d73, 4\u00d74 (Digital)<br \/>\n\u2022 &#8220;Buffer&#8221;: 512Mb<br \/>\n\u2022 Memoria Interna: DDR3 RAM<br \/>\n\u2022 Disparador: Rolling Shutter<br \/>\n\u2022 Liga\u00e7\u00e3o ao telescopio: T2<br \/>\n\u2022 Alimentac\u00e3o incluida<br \/>\n\u2022 Series veTEC<br \/>\n\u2022 Comprimento: 104mm<br \/>\n\u2022 Diametro: 84mm<br \/>\n\u2022 Peso: 540g<br \/>\n\u2022 Cor: Bronze<br \/>\n\u2022 Mala de transporte<\/p>\n<p>\u25ba com a c\u00e2mara:<br \/>\nAdaptador T2 a 2\u2033 adapter<br \/>\nCabo USB 3.0<br \/>\nTransformador: 12V 3A<br \/>\nMala rigida<br \/>\nEntrada para dessecante<\/p>\n<p>\u25baCompatibilidade:<br \/>\nAs c\u00e2maras Omegon Pro s\u00e3o compat\u00edveis com uma ampla gama de programas de astrofotografia dispon\u00edveis<br \/>\natrav\u00e9s das interfaces comuns ASCOM e INDI.<br \/>\nA compatibilidade nativa tamb\u00e9m est\u00e1 sendo adicionada a um n\u00famero crescente de programas,<br \/>\ncomo PHD2 e N.I.N.A.<\/p>\n<p>&nbsp;<\/p>\n<p>&nbsp;<\/p>\n","protected":false},"excerpt":{"rendered":"<p>Camara Omegon veTEC 533 C Color \u2022 Sensor CMOS Chip (Sony IMX533) \u2022 Tamanho do chip: 11.3 x 11.3mm(APS-C) \u2022 Chip \u2013 Diagonal 16mm \u2022 Pixel size: 3.8 \u2022 Resolu\u00e7\u00e3o fotografica: 3008 x 3008 pixel \u2022 Megapixeis: 9Mp \u2022 Bit: 14Bit \u2022 Imagens\/Seg: 20 (at full resolution) \u2022 Camara a cores \u2022 Arrefecimento activo \u2022<\/p>\n<div class=\"more-link\">\n\t\t\t\t <a href=\"https:\/\/site.astrofoto.com.pt\/welcome\/produto\/camara-omegon-vetec-533-c-color\/\" class=\"btn theme-btn inverted\"><span>Continuar a Ler <\/span><\/a>\n\t\t\t<\/div>\n","protected":false},"featured_media":8279,"comment_status":"closed","ping_status":"closed","template":"","meta":[],"product_brand":[],"product_cat":[24],"product_tag":[],"class_list":{"0":"post-8277","1":"product","2":"type-product","3":"status-publish","4":"has-post-thumbnail","6":"product_cat-fotografia-astronomica","8":"first","9":"onbackorder","10":"shipping-taxable","11":"purchasable","12":"product-type-simple"},"_links":{"self":[{"href":"https:\/\/site.astrofoto.com.pt\/welcome\/wp-json\/wp\/v2\/product\/8277","targetHints":{"allow":["GET"]}}],"collection":[{"href":"https:\/\/site.astrofoto.com.pt\/welcome\/wp-json\/wp\/v2\/product"}],"about":[{"href":"https:\/\/site.astrofoto.com.pt\/welcome\/wp-json\/wp\/v2\/types\/product"}],"replies":[{"embeddable":true,"href":"https:\/\/site.astrofoto.com.pt\/welcome\/wp-json\/wp\/v2\/comments?post=8277"}],"wp:featuredmedia":[{"embeddable":true,"href":"https:\/\/site.astrofoto.com.pt\/welcome\/wp-json\/wp\/v2\/media\/8279"}],"wp:attachment":[{"href":"https:\/\/site.astrofoto.com.pt\/welcome\/wp-json\/wp\/v2\/media?parent=8277"}],"wp:term":[{"taxonomy":"product_brand","embeddable":true,"href":"https:\/\/site.astrofoto.com.pt\/welcome\/wp-json\/wp\/v2\/product_brand?post=8277"},{"taxonomy":"product_cat","embeddable":true,"href":"https:\/\/site.astrofoto.com.pt\/welcome\/wp-json\/wp\/v2\/product_cat?post=8277"},{"taxonomy":"product_tag","embeddable":true,"href":"https:\/\/site.astrofoto.com.pt\/welcome\/wp-json\/wp\/v2\/product_tag?post=8277"}],"curies":[{"name":"wp","href":"https:\/\/api.w.org\/{rel}","templated":true}]}}