{"id":8244,"date":"2022-05-26T20:43:07","date_gmt":"2022-05-26T20:43:07","guid":{"rendered":"https:\/\/site.astrofoto.com.pt\/welcome\/?post_type=product&#038;p=8244"},"modified":"2022-10-17T10:23:41","modified_gmt":"2022-10-17T10:23:41","slug":"cabeca-de-tripe-omegon-pd80-pro","status":"publish","type":"product","link":"https:\/\/site.astrofoto.com.pt\/welcome\/produto\/cabeca-de-tripe-omegon-pd80-pro\/","title":{"rendered":"Cabe\u00e7a de trip\u00e9 Omegon PD80 Pro"},"content":{"rendered":"<p><strong>Cabe\u00e7a de trip\u00e9 Omegon PD80 Pro<\/strong><\/p>\n<p>\u2022 Capacidade: 10Kg<br \/>\n\u2022 Liga\u00e7\u00e3o ao trip\u00e9: 3\/8&#8243;<br \/>\n\u2022 Liga\u00e7\u00e3o ao instrumento: 1\/4&#8243;<br \/>\n\u2022 Rota\u00e7\u00e3o: 360\u00ba<br \/>\n\u2022 Sapata com retirada facil e trav\u00e3o c\/80x50mm<br \/>\n\u2022 Altura: 11cm<\/p>\n<p>&nbsp;<\/p>\n<p>&nbsp;<\/p>\n","protected":false},"excerpt":{"rendered":"<p>Cabe\u00e7a de trip\u00e9 Omegon PD80 Pro \u2022 Capacidade: 10Kg \u2022 Liga\u00e7\u00e3o ao trip\u00e9: 3\/8&#8243; \u2022 Liga\u00e7\u00e3o ao instrumento: 1\/4&#8243; \u2022 Rota\u00e7\u00e3o: 360\u00ba \u2022 Sapata com retirada facil e trav\u00e3o c\/80x50mm \u2022 Altura: 11cm &nbsp; &nbsp;<\/p>\n","protected":false},"featured_media":8247,"comment_status":"closed","ping_status":"closed","template":"","meta":[],"product_brand":[],"product_cat":[34,25],"product_tag":[],"class_list":{"0":"post-8244","1":"product","2":"type-product","3":"status-publish","4":"has-post-thumbnail","6":"product_cat-acessoriosfotografia","7":"product_cat-tripes","9":"first","10":"onbackorder","11":"shipping-taxable","12":"purchasable","13":"product-type-simple"},"_links":{"self":[{"href":"https:\/\/site.astrofoto.com.pt\/welcome\/wp-json\/wp\/v2\/product\/8244","targetHints":{"allow":["GET"]}}],"collection":[{"href":"https:\/\/site.astrofoto.com.pt\/welcome\/wp-json\/wp\/v2\/product"}],"about":[{"href":"https:\/\/site.astrofoto.com.pt\/welcome\/wp-json\/wp\/v2\/types\/product"}],"replies":[{"embeddable":true,"href":"https:\/\/site.astrofoto.com.pt\/welcome\/wp-json\/wp\/v2\/comments?post=8244"}],"wp:featuredmedia":[{"embeddable":true,"href":"https:\/\/site.astrofoto.com.pt\/welcome\/wp-json\/wp\/v2\/media\/8247"}],"wp:attachment":[{"href":"https:\/\/site.astrofoto.com.pt\/welcome\/wp-json\/wp\/v2\/media?parent=8244"}],"wp:term":[{"taxonomy":"product_brand","embeddable":true,"href":"https:\/\/site.astrofoto.com.pt\/welcome\/wp-json\/wp\/v2\/product_brand?post=8244"},{"taxonomy":"product_cat","embeddable":true,"href":"https:\/\/site.astrofoto.com.pt\/welcome\/wp-json\/wp\/v2\/product_cat?post=8244"},{"taxonomy":"product_tag","embeddable":true,"href":"https:\/\/site.astrofoto.com.pt\/welcome\/wp-json\/wp\/v2\/product_tag?post=8244"}],"curies":[{"name":"wp","href":"https:\/\/api.w.org\/{rel}","templated":true}]}}