{"id":8230,"date":"2022-05-25T14:12:42","date_gmt":"2022-05-25T14:12:42","guid":{"rendered":"https:\/\/site.astrofoto.com.pt\/welcome\/?post_type=product&#038;p=8230"},"modified":"2022-11-16T10:55:43","modified_gmt":"2022-11-16T10:55:43","slug":"helios-lightquest-hr-20x80","status":"publish","type":"product","link":"https:\/\/site.astrofoto.com.pt\/welcome\/produto\/helios-lightquest-hr-20x80\/","title":{"rendered":"Bin\u00f3culo Helios Lightquest HR 20\u00d780"},"content":{"rendered":"<p>&nbsp;<\/p>\n<p><strong>Bin\u00f3culo Helios Lightquest HR 20\u00d780<\/strong><\/p>\n<p>\u2022 Amplia\u00e7\u00e3o 20x<br \/>\n\u2022 Di\u00e2metro da objectiva: 80mm<br \/>\n\u2022 <strong>Prismas Bak4<\/strong><br \/>\n\u2022 Di\u00e2metro de pupila de sa\u00edda: 4mm<br \/>\n\u2022 \u00c2ngulo de vis\u00e3o de Vis\u00e3o: 3.3\u00ba<br \/>\n\u2022 Campo de vis\u00e3o a 1000m: 58m<br \/>\n\u2022 Focagem a partir de 23 metros<br \/>\n\u2022 Dist\u00e2ncia interpupilar: 56 a 74mm<br \/>\n\u2022 Acerto de diopterias: -10 a +10<br \/>\n\u2022 Dist\u00e2ncia \u00e0 pupila (eye relief): 16mm<br \/>\n\u2022 <strong>\u00c0 prova de \u00e1gua<\/strong><br \/>\n\u2022 Dimens\u00f5es: 300x245x98mm<br \/>\n\u2022 Peso: 2,490kgs<\/p>\n<p>\u25baBin\u00f3culos de observa\u00e7\u00e3o de alta qualidade, com focagem individual das oculares (IF), projetados para observa\u00e7\u00f5es terrestres e astron\u00f3micas de m\u00e9dio e longo alcance.<br \/>\n\u25baEles s\u00e3o totalmente \u00e0 prova de \u00e1gua (padr\u00e3o IPX7, 1m de profundidade por 30 minutos) e cheios com nitrog\u00eanio para uma opera\u00e7\u00e3o livre de embaciamentos. Design \u00e0 prova de choque com constru\u00e7\u00e3o robusta, mas leve, em liga de magn\u00e9sio, coberta por uma elegante blindagem de pele sintetica preta<br \/>\n\u25baOs prismas BaK-4 (alta qualidade do Barium) e as lentes totalmente multirrevestidas com multicapas de banda larga. O sistema \u00f3ptico possui lentes de alta transmiss\u00e3o e revestimentos de prisma, permitindo 90% de transmiss\u00e3o de luz.<br \/>\n\u25baO design da ocular apresenta elementos superdimensionados, generosos eye-relief e prote\u00e7\u00e3o das oculares de borracha dobr\u00e1veis para utilizadores de \u00f3culos.<br \/>\n\u25baPossui coluna de adapta\u00e7\u00e3o a trip\u00e9 integral com barra estabilizadora central. Fornecido em estojo de transporte suave com al\u00e7a de pesco\u00e7o acolchoada, protector de ocular e tampas das objetivas.<\/p>\n","protected":false},"excerpt":{"rendered":"<p>&nbsp; Bin\u00f3culo Helios Lightquest HR 20\u00d780 \u2022 Amplia\u00e7\u00e3o 20x \u2022 Di\u00e2metro da objectiva: 80mm \u2022 Prismas Bak4 \u2022 Di\u00e2metro de pupila de sa\u00edda: 4mm \u2022 \u00c2ngulo de vis\u00e3o de Vis\u00e3o: 3.3\u00ba \u2022 Campo de vis\u00e3o a 1000m: 58m \u2022 Focagem a partir de 23 metros \u2022 Dist\u00e2ncia interpupilar: 56 a 74mm \u2022 Acerto de diopterias:<\/p>\n<div class=\"more-link\">\n\t\t\t\t <a href=\"https:\/\/site.astrofoto.com.pt\/welcome\/produto\/helios-lightquest-hr-20x80\/\" class=\"btn theme-btn inverted\"><span>Continuar a Ler <\/span><\/a>\n\t\t\t<\/div>\n","protected":false},"featured_media":8231,"comment_status":"closed","ping_status":"closed","template":"","meta":[],"product_brand":[],"product_cat":[13],"product_tag":[],"class_list":{"0":"post-8230","1":"product","2":"type-product","3":"status-publish","4":"has-post-thumbnail","6":"product_cat-binoculos","8":"first","9":"outofstock","10":"shipping-taxable","11":"purchasable","12":"product-type-simple"},"_links":{"self":[{"href":"https:\/\/site.astrofoto.com.pt\/welcome\/wp-json\/wp\/v2\/product\/8230","targetHints":{"allow":["GET"]}}],"collection":[{"href":"https:\/\/site.astrofoto.com.pt\/welcome\/wp-json\/wp\/v2\/product"}],"about":[{"href":"https:\/\/site.astrofoto.com.pt\/welcome\/wp-json\/wp\/v2\/types\/product"}],"replies":[{"embeddable":true,"href":"https:\/\/site.astrofoto.com.pt\/welcome\/wp-json\/wp\/v2\/comments?post=8230"}],"wp:featuredmedia":[{"embeddable":true,"href":"https:\/\/site.astrofoto.com.pt\/welcome\/wp-json\/wp\/v2\/media\/8231"}],"wp:attachment":[{"href":"https:\/\/site.astrofoto.com.pt\/welcome\/wp-json\/wp\/v2\/media?parent=8230"}],"wp:term":[{"taxonomy":"product_brand","embeddable":true,"href":"https:\/\/site.astrofoto.com.pt\/welcome\/wp-json\/wp\/v2\/product_brand?post=8230"},{"taxonomy":"product_cat","embeddable":true,"href":"https:\/\/site.astrofoto.com.pt\/welcome\/wp-json\/wp\/v2\/product_cat?post=8230"},{"taxonomy":"product_tag","embeddable":true,"href":"https:\/\/site.astrofoto.com.pt\/welcome\/wp-json\/wp\/v2\/product_tag?post=8230"}],"curies":[{"name":"wp","href":"https:\/\/api.w.org\/{rel}","templated":true}]}}