{"id":8196,"date":"2022-05-11T12:42:08","date_gmt":"2022-05-11T12:42:08","guid":{"rendered":"https:\/\/site.astrofoto.com.pt\/welcome\/?post_type=product&#038;p=8196"},"modified":"2025-10-02T14:00:51","modified_gmt":"2025-10-02T14:00:51","slug":"degrau-para-binoculo-de-miradouro","status":"publish","type":"product","link":"https:\/\/site.astrofoto.com.pt\/welcome\/produto\/degrau-para-binoculo-de-miradouro\/","title":{"rendered":"Degrau para binoculo de Miradouro"},"content":{"rendered":"<p><strong>Degrau para binoculo de Miradouro Omegon Bonview 20&#215;100<\/strong><\/p>\n<p>\u2022 Totalmente feito de metal: Est\u00e1vel, dur\u00e1vel e resiste a todas as condi\u00e7\u00f5es climat\u00e9ricas<br \/>\n\u2022 Dist\u00e2ncia entre a ocular e o pedestal: 125cm<br \/>\n\u2022 Capacidade: at\u00e9 150 quilos<\/p>\n<p>\u25baDegrau para crian\u00e7as<br \/>\n\u2022 Placa do piso em a\u00e7o de 10 mm de espessura com uma superf\u00edcie de alum\u00ednio anti derrapagem<br \/>\n\u2022 Montagem facilitada pelas ferramentas fornecidas<\/p>\n","protected":false},"excerpt":{"rendered":"<p>Degrau para binoculo de Miradouro Omegon Bonview 20&#215;100 \u2022 Totalmente feito de metal: Est\u00e1vel, dur\u00e1vel e resiste a todas as condi\u00e7\u00f5es climat\u00e9ricas \u2022 Dist\u00e2ncia entre a ocular e o pedestal: 125cm \u2022 Capacidade: at\u00e9 150 quilos \u25baDegrau para crian\u00e7as \u2022 Placa do piso em a\u00e7o de 10 mm de espessura com uma superf\u00edcie de alum\u00ednio<\/p>\n<div class=\"more-link\">\n\t\t\t\t <a href=\"https:\/\/site.astrofoto.com.pt\/welcome\/produto\/degrau-para-binoculo-de-miradouro\/\" class=\"btn theme-btn inverted\"><span>Continuar a Ler <\/span><\/a>\n\t\t\t<\/div>\n","protected":false},"featured_media":8197,"comment_status":"closed","ping_status":"closed","template":"","meta":[],"product_brand":[],"product_cat":[29,51],"product_tag":[],"class_list":{"0":"post-8196","1":"product","2":"type-product","3":"status-publish","4":"has-post-thumbnail","6":"product_cat-acessorios","7":"product_cat-acessorios-para-telescopios","9":"first","10":"outofstock","11":"shipping-taxable","12":"purchasable","13":"product-type-simple"},"_links":{"self":[{"href":"https:\/\/site.astrofoto.com.pt\/welcome\/wp-json\/wp\/v2\/product\/8196","targetHints":{"allow":["GET"]}}],"collection":[{"href":"https:\/\/site.astrofoto.com.pt\/welcome\/wp-json\/wp\/v2\/product"}],"about":[{"href":"https:\/\/site.astrofoto.com.pt\/welcome\/wp-json\/wp\/v2\/types\/product"}],"replies":[{"embeddable":true,"href":"https:\/\/site.astrofoto.com.pt\/welcome\/wp-json\/wp\/v2\/comments?post=8196"}],"wp:featuredmedia":[{"embeddable":true,"href":"https:\/\/site.astrofoto.com.pt\/welcome\/wp-json\/wp\/v2\/media\/8197"}],"wp:attachment":[{"href":"https:\/\/site.astrofoto.com.pt\/welcome\/wp-json\/wp\/v2\/media?parent=8196"}],"wp:term":[{"taxonomy":"product_brand","embeddable":true,"href":"https:\/\/site.astrofoto.com.pt\/welcome\/wp-json\/wp\/v2\/product_brand?post=8196"},{"taxonomy":"product_cat","embeddable":true,"href":"https:\/\/site.astrofoto.com.pt\/welcome\/wp-json\/wp\/v2\/product_cat?post=8196"},{"taxonomy":"product_tag","embeddable":true,"href":"https:\/\/site.astrofoto.com.pt\/welcome\/wp-json\/wp\/v2\/product_tag?post=8196"}],"curies":[{"name":"wp","href":"https:\/\/api.w.org\/{rel}","templated":true}]}}