{"id":8189,"date":"2022-05-11T12:23:46","date_gmt":"2022-05-11T12:23:46","guid":{"rendered":"https:\/\/site.astrofoto.com.pt\/welcome\/?post_type=product&#038;p=8189"},"modified":"2025-09-12T12:44:19","modified_gmt":"2025-09-12T12:44:19","slug":"binoculo-de-miradouro-omegon-bonview-20x100","status":"publish","type":"product","link":"https:\/\/site.astrofoto.com.pt\/welcome\/produto\/binoculo-de-miradouro-omegon-bonview-20x100\/","title":{"rendered":"Binoculo de miradouro Omegon Bonview 20&#215;100"},"content":{"rendered":"<p><strong>Binoculo de miradouro Omegon Bonview 20&#215;100 com moedeiro<br \/>\n<\/strong><\/p>\n<p>\u2022 Amplia\u00e7\u00e3o 20x<br \/>\n\u2022 Di\u00e2metro das objectivas acrom\u00e1ticas: 100mm<br \/>\n\u2022 Revestimento das superficies opticas: fully multi-coated<br \/>\n\u2022 Prismas Bak4<br \/>\n\u2022 Di\u00e2metro de pupila de sa\u00edda: 5mm<br \/>\n\u2022 \u00c2ngulo de vis\u00e3o: 3.5\u00ba<br \/>\n\u2022 Campo de vis\u00e3o a 1000m: 61m<br \/>\n\u2022 Dist\u00e2ncia interpupilar: 63mm<br \/>\n\u2022 Dist\u00e2ncia \u00e0 pupila: 21,5mm<br \/>\n\u2022 Focagem a partir de: 87m<br \/>\n\u2022 Focagem fixa<br \/>\n\u2022 Rota\u00e7\u00e3o: 300\u00ba<br \/>\n\u2022 Amplitude vertical: -45\u00ba a +65\u00ba<br \/>\n\u2022 \u00c0 prova de \u00e1gua (IP7 Standard\u00a0 Q\/KYD01-2010)<br \/>\n\u2022 \u00c0 prova de embaciamento (cheio a azoto)<br \/>\n\u2022 Temperaturas do ar admitidas: -20\u2103\uff5e+70\u2103<br \/>\n\u2022 Cor: cinza<br \/>\n\u2022 Comprimento: 1540mm<br \/>\n\u2022 A<span class=\"VIiyi\" lang=\"pt\"><span class=\"JLqJ4b ChMk0b\" data-language-for-alternatives=\"pt\" data-language-to-translate-into=\"de\" data-phrase-index=\"10\" data-number-of-phrases=\"13\"><span class=\"Q4iAWc\">ltura de visualiza\u00e7\u00e3o: 1465mm (degrau a pedido)<\/span><\/span><br \/>\n\u2022 C<span class=\"JLqJ4b ChMk0b\" data-language-for-alternatives=\"pt\" data-language-to-translate-into=\"de\" data-phrase-index=\"12\" data-number-of-phrases=\"13\"><span class=\"Q4iAWc\">oluna est\u00e1vel para montagem em funda\u00e7\u00e3o<br \/>\n\u2022 Peso: ~60kg<\/span><\/span><\/span><\/p>\n<p>\u25ba <strong>Moedeiro<\/strong>: A quantidade e o intervalo de tempo podem ser selecionados livremente, embora por defeito uma moeda de 50 c\u00eantimos permite 2m de vis\u00e3o<br \/>\n<em><strong>\u2022Medidas das moedas utiliz\u00e1veis:<\/strong> di\u00e2metro 18 a 29 mm e espessura 1,2 a 3 mm<\/em><br \/>\n\u25bapode ser desligado e funcionar livremente<\/p>\n<p>\u25baExtra:<strong> degrau<\/strong> para crian\u00e7as<a href=\"https:\/\/site.astrofoto.com.pt\/welcome\/produto\/degrau-para-binoculo-de-miradouro\/\"><em> ver<\/em><\/a><\/p>\n<p>\u25ba <em>O transporte n\u00e3o est\u00e1 inclu\u00eddo na &#8220;Taxa Fixa&#8221; e ter\u00e1 de ser calculado\u25c4<\/em><\/p>\n","protected":false},"excerpt":{"rendered":"<p>Binoculo de miradouro Omegon Bonview 20&#215;100 com moedeiro \u2022 Amplia\u00e7\u00e3o 20x \u2022 Di\u00e2metro das objectivas acrom\u00e1ticas: 100mm \u2022 Revestimento das superficies opticas: fully multi-coated \u2022 Prismas Bak4 \u2022 Di\u00e2metro de pupila de sa\u00edda: 5mm \u2022 \u00c2ngulo de vis\u00e3o: 3.5\u00ba \u2022 Campo de vis\u00e3o a 1000m: 61m \u2022 Dist\u00e2ncia interpupilar: 63mm \u2022 Dist\u00e2ncia \u00e0 pupila: 21,5mm<\/p>\n<div class=\"more-link\">\n\t\t\t\t <a href=\"https:\/\/site.astrofoto.com.pt\/welcome\/produto\/binoculo-de-miradouro-omegon-bonview-20x100\/\" class=\"btn theme-btn inverted\"><span>Continuar a Ler <\/span><\/a>\n\t\t\t<\/div>\n","protected":false},"featured_media":8190,"comment_status":"closed","ping_status":"closed","template":"","meta":[],"product_brand":[],"product_cat":[13],"product_tag":[],"class_list":{"0":"post-8189","1":"product","2":"type-product","3":"status-publish","4":"has-post-thumbnail","6":"product_cat-binoculos","8":"first","9":"onbackorder","10":"shipping-taxable","11":"purchasable","12":"product-type-simple"},"_links":{"self":[{"href":"https:\/\/site.astrofoto.com.pt\/welcome\/wp-json\/wp\/v2\/product\/8189","targetHints":{"allow":["GET"]}}],"collection":[{"href":"https:\/\/site.astrofoto.com.pt\/welcome\/wp-json\/wp\/v2\/product"}],"about":[{"href":"https:\/\/site.astrofoto.com.pt\/welcome\/wp-json\/wp\/v2\/types\/product"}],"replies":[{"embeddable":true,"href":"https:\/\/site.astrofoto.com.pt\/welcome\/wp-json\/wp\/v2\/comments?post=8189"}],"wp:featuredmedia":[{"embeddable":true,"href":"https:\/\/site.astrofoto.com.pt\/welcome\/wp-json\/wp\/v2\/media\/8190"}],"wp:attachment":[{"href":"https:\/\/site.astrofoto.com.pt\/welcome\/wp-json\/wp\/v2\/media?parent=8189"}],"wp:term":[{"taxonomy":"product_brand","embeddable":true,"href":"https:\/\/site.astrofoto.com.pt\/welcome\/wp-json\/wp\/v2\/product_brand?post=8189"},{"taxonomy":"product_cat","embeddable":true,"href":"https:\/\/site.astrofoto.com.pt\/welcome\/wp-json\/wp\/v2\/product_cat?post=8189"},{"taxonomy":"product_tag","embeddable":true,"href":"https:\/\/site.astrofoto.com.pt\/welcome\/wp-json\/wp\/v2\/product_tag?post=8189"}],"curies":[{"name":"wp","href":"https:\/\/api.w.org\/{rel}","templated":true}]}}