{"id":8163,"date":"2022-05-03T13:29:53","date_gmt":"2022-05-03T13:29:53","guid":{"rendered":"https:\/\/site.astrofoto.com.pt\/welcome\/?post_type=product&#038;p=8163"},"modified":"2024-02-06T17:33:14","modified_gmt":"2024-02-06T17:33:14","slug":"camara-zwo-asi485-usb3-0-cor-8-28-megapixeis","status":"publish","type":"product","link":"https:\/\/site.astrofoto.com.pt\/welcome\/produto\/camara-zwo-asi485-usb3-0-cor-8-28-megapixeis\/","title":{"rendered":"C\u00e2mara ZWO ASI485MC USB3.0 Cor 8.28 megapixeis"},"content":{"rendered":"<p><strong>C\u00e2mara ZWO ASI485 MC USB3.0 Cor<\/strong><\/p>\n<p>Sensor: 1\/1.2&#8243; CMOS IMX485 color<br \/>\nResolu\u00e7\u00e3o: 3840 x 2160 pixels, 8.28 megapixels<br \/>\nPixel tamanho: 2.9 \u00b5m<br \/>\nTamanho do Sensor: 11.1 mm x 6.2 mm<br \/>\nSensor diagonal: 12.86 mm<br \/>\nTempo de Exposi\u00e7\u00e3o: de 32 \u00b5s &#8211; 1000 s<br \/>\nVelocidade de captura: at\u00e9 39 fps na Resolu\u00e7\u00e3o 4K UHD , at\u00e9 76 fps em Full HD<br \/>\nROI: Suportado<br \/>\nPorta ST4<br \/>\nDistancia da rosca T2 femea ao sensor: 17.5mm<br \/>\nDistancia da rosca T2 macho ao sensor:: 6.5mm (a rosca macho n\u00e3o conta)<br \/>\nDisparador: Rolling shutter<br \/>\nJanela optica: prote\u00e7\u00e3o da poeira(luz UV e IR s\u00e3o transmitidas)<br \/>\nSistemas: Mac, Windows, Linux<br \/>\nLiga\u00e7\u00e3o: USB3.0\/USB2.0<br \/>\nResolu\u00e7\u00e3o dinamica: 12 bit output (12 bit ADC)<br \/>\nLiga\u00e7\u00e3o do Telescopio: 2\u2033 \/ 1.25\u2033 \/ M42x0.75<br \/>\nDimens\u00f5es: \u2300 62 mm x 36 mm<br \/>\nPeso: 120g<br \/>\nTemperatura de opera\u00e7\u00e3o: -5 \u00b0C a +45 \u00b0C<br \/>\nHumidade de opera\u00e7\u00e3o: 20% a 80%<br \/>\nRequisitos do sistema: USB 3.0\u00a0 &#8211; Windows 8 e acima, Mac OS X 10.8, Linux Kernel 2.6.31<\/p>\n<p>\u25ba<a href=\"http:\/\/astronomy-imaging-camera.com\/software-drivers\">Drivers<\/a><\/p>\n<p>&nbsp;<\/p>\n","protected":false},"excerpt":{"rendered":"<p>C\u00e2mara ZWO ASI485 MC USB3.0 Cor Sensor: 1\/1.2&#8243; CMOS IMX485 color Resolu\u00e7\u00e3o: 3840 x 2160 pixels, 8.28 megapixels Pixel tamanho: 2.9 \u00b5m Tamanho do Sensor: 11.1 mm x 6.2 mm Sensor diagonal: 12.86 mm Tempo de Exposi\u00e7\u00e3o: de 32 \u00b5s &#8211; 1000 s Velocidade de captura: at\u00e9 39 fps na Resolu\u00e7\u00e3o 4K UHD , at\u00e9<\/p>\n<div class=\"more-link\">\n\t\t\t\t <a href=\"https:\/\/site.astrofoto.com.pt\/welcome\/produto\/camara-zwo-asi485-usb3-0-cor-8-28-megapixeis\/\" class=\"btn theme-btn inverted\"><span>Continuar a Ler <\/span><\/a>\n\t\t\t<\/div>\n","protected":false},"featured_media":8166,"comment_status":"closed","ping_status":"closed","template":"","meta":[],"product_brand":[],"product_cat":[24],"product_tag":[],"class_list":{"0":"post-8163","1":"product","2":"type-product","3":"status-publish","4":"has-post-thumbnail","6":"product_cat-fotografia-astronomica","8":"first","9":"outofstock","10":"shipping-taxable","11":"purchasable","12":"product-type-simple"},"_links":{"self":[{"href":"https:\/\/site.astrofoto.com.pt\/welcome\/wp-json\/wp\/v2\/product\/8163","targetHints":{"allow":["GET"]}}],"collection":[{"href":"https:\/\/site.astrofoto.com.pt\/welcome\/wp-json\/wp\/v2\/product"}],"about":[{"href":"https:\/\/site.astrofoto.com.pt\/welcome\/wp-json\/wp\/v2\/types\/product"}],"replies":[{"embeddable":true,"href":"https:\/\/site.astrofoto.com.pt\/welcome\/wp-json\/wp\/v2\/comments?post=8163"}],"wp:featuredmedia":[{"embeddable":true,"href":"https:\/\/site.astrofoto.com.pt\/welcome\/wp-json\/wp\/v2\/media\/8166"}],"wp:attachment":[{"href":"https:\/\/site.astrofoto.com.pt\/welcome\/wp-json\/wp\/v2\/media?parent=8163"}],"wp:term":[{"taxonomy":"product_brand","embeddable":true,"href":"https:\/\/site.astrofoto.com.pt\/welcome\/wp-json\/wp\/v2\/product_brand?post=8163"},{"taxonomy":"product_cat","embeddable":true,"href":"https:\/\/site.astrofoto.com.pt\/welcome\/wp-json\/wp\/v2\/product_cat?post=8163"},{"taxonomy":"product_tag","embeddable":true,"href":"https:\/\/site.astrofoto.com.pt\/welcome\/wp-json\/wp\/v2\/product_tag?post=8163"}],"curies":[{"name":"wp","href":"https:\/\/api.w.org\/{rel}","templated":true}]}}