{"id":8152,"date":"2022-04-29T13:00:17","date_gmt":"2022-04-29T13:00:17","guid":{"rendered":"https:\/\/site.astrofoto.com.pt\/welcome\/?post_type=product&#038;p=8152"},"modified":"2022-04-29T13:00:17","modified_gmt":"2022-04-29T13:00:17","slug":"visor-binocular-auriga-binoviewer","status":"publish","type":"product","link":"https:\/\/site.astrofoto.com.pt\/welcome\/produto\/visor-binocular-auriga-binoviewer\/","title":{"rendered":"Visor Binocular Auriga binoviewer"},"content":{"rendered":"<p><strong>Visor Binocular Auriga binoviewer<\/strong><\/p>\n<p><strong>\u25baO novo visor binocular Auriga Bino Viewer<\/strong> representa uma verdadeira revolu\u00e7\u00e3o no mundo da astronomia visual amadora e profissional. Por que raz\u00e3o? Pensamos em tudo para poder lhe fornecer um produto de qualidade,<br \/>\n<strong>Corretor de vis\u00e3o<\/strong><br \/>\nAt\u00e9 agora, a maioria visores binoculares no mercado n\u00e3o permitia o uso com instrumentos de foco curto, como telesc\u00f3pios newtonianos. Muitas vezes, mesmo esses corretores modificam excessivamente a dist\u00e2ncia focal efetiva do instrumento, introduzindo tamb\u00e9m aberra\u00e7\u00f5es ou defeitos em termos de qualidade \u00f3ptica devido \u00e0s geometrias utilizadas. Por esta raz\u00e3o decidimos equipar o nosso visor binocular Auriga Bino Viewer com um corretor eficaz que permitiria a sua utiliza\u00e7\u00e3o em todos os desenhos \u00f3pticos poss\u00edveis do mercado, desde o refrator de foco curto, ao Schmidt-Cassegrain at\u00e9 ao Newtonianos e ao Maksutov-Cassegrain. Esque\u00e7a as irritantes aberra\u00e7\u00f5es crom\u00e1ticas laterais e longitudinais ou imagens fantasmas que podem perturbar a vis\u00e3o das belezas do nosso Cosmos.<br \/>\n<strong>Imagem direita<\/strong><br \/>\nO visor binocular Auriga Bino Viewer produz imagens perfeitamente\u00a0 direitas sem o uso de diagonais a 90\u00ba \u00b0. Como a imagem resultante \u00e9 direita, voc\u00ea tamb\u00e9m pode desfrutar de observa\u00e7\u00f5es terrestres excepcionais. Simplesmente insira a torre Binoview dentro do focador de 1.25\u201d aperte-o com cuidado, insira as oculares e aproveite a imensid\u00e3o do Universo. A abertura livre dos prismas \u00e9 de 17,3mm, portanto, observa\u00e7\u00f5es verdadeiramente inesquec\u00edveis esperam por voc\u00ea.<\/p>\n<p><strong>Sistema de bloqueio r\u00e1pido eficaz<\/strong><br \/>\nVoc\u00ea tem oculares grandes e pesadas de 31,8 mm e deseja us\u00e1-las com o visor binocular Auriga Bino Viewer? O confort\u00e1vel e eficaz sistema Quick Lock em cada um dos dois acoplamentos permite um aperto seguro em cada barril de qualquer ocular. Simplesmente desaparafuse e aperte a porca para travar a ocular na posi\u00e7\u00e3o desejada. As serrilhas permitem um aperto seguro em cada anel.<br \/>\n<strong>Ajuste de dioptrias<\/strong><br \/>\nO ajuste de dioptrias no Visor Binocular Auriga Bino Viewer \u00e9 feito simplesmente girando a ocular direita no sentido hor\u00e1rio e anti-hor\u00e1rio. S\u00e3o poss\u00edveis ajustes di\u00f3ptricos at\u00e9 +\/- 4. Qualquer pessoa, mesmo pessoas com grandes diferen\u00e7as di\u00f3ptricas, poder\u00e1 usar seu telesc\u00f3pio em vis\u00e3o binocular sem problemas.<\/p>\n<p><strong>Ajuste da dist\u00e2ncia interpupilar<\/strong><br \/>\nO ajuste da dist\u00e2ncia interpupilar \u00e9 poss\u00edvel simplesmente atuando nos dois aneis \u00f3pticos do binoviewer. O ajuste \u00e9 em linha, portanto, sem inclina\u00e7\u00f5es e permite que seja utilizado por observadores com uma faixa de dist\u00e2ncias interpupilar entre 58mm e 74mm.<\/p>\n<p><strong>Estojo R\u00edgido Herm\u00e9tico<\/strong><br \/>\nO visor binocular Auriga Bino Viewer \u00e9 fornecido com um \u00a0estojo r\u00edgido com enchimento interno remov\u00edvel que lhe permitir\u00e1 transportar tanto o visor binocular Auriga como mais pares de oculares, de qualquer tamanho e peso. Tamb\u00e9m est\u00e1 inclu\u00eddo um pano de limpeza e manual de instru\u00e7\u00f5es.<\/p>\n","protected":false},"excerpt":{"rendered":"<p>Visor Binocular Auriga binoviewer \u25baO novo visor binocular Auriga Bino Viewer representa uma verdadeira revolu\u00e7\u00e3o no mundo da astronomia visual amadora e profissional. Por que raz\u00e3o? Pensamos em tudo para poder lhe fornecer um produto de qualidade, Corretor de vis\u00e3o At\u00e9 agora, a maioria visores binoculares no mercado n\u00e3o permitia o uso com instrumentos de<\/p>\n<div class=\"more-link\">\n\t\t\t\t <a href=\"https:\/\/site.astrofoto.com.pt\/welcome\/produto\/visor-binocular-auriga-binoviewer\/\" class=\"btn theme-btn inverted\"><span>Continuar a Ler <\/span><\/a>\n\t\t\t<\/div>\n","protected":false},"featured_media":8155,"comment_status":"closed","ping_status":"closed","template":"","meta":[],"product_brand":[],"product_cat":[51,23],"product_tag":[],"class_list":{"0":"post-8152","1":"product","2":"type-product","3":"status-publish","4":"has-post-thumbnail","6":"product_cat-acessorios-para-telescopios","7":"product_cat-oculares","9":"first","10":"onbackorder","11":"shipping-taxable","12":"purchasable","13":"product-type-simple"},"_links":{"self":[{"href":"https:\/\/site.astrofoto.com.pt\/welcome\/wp-json\/wp\/v2\/product\/8152","targetHints":{"allow":["GET"]}}],"collection":[{"href":"https:\/\/site.astrofoto.com.pt\/welcome\/wp-json\/wp\/v2\/product"}],"about":[{"href":"https:\/\/site.astrofoto.com.pt\/welcome\/wp-json\/wp\/v2\/types\/product"}],"replies":[{"embeddable":true,"href":"https:\/\/site.astrofoto.com.pt\/welcome\/wp-json\/wp\/v2\/comments?post=8152"}],"wp:featuredmedia":[{"embeddable":true,"href":"https:\/\/site.astrofoto.com.pt\/welcome\/wp-json\/wp\/v2\/media\/8155"}],"wp:attachment":[{"href":"https:\/\/site.astrofoto.com.pt\/welcome\/wp-json\/wp\/v2\/media?parent=8152"}],"wp:term":[{"taxonomy":"product_brand","embeddable":true,"href":"https:\/\/site.astrofoto.com.pt\/welcome\/wp-json\/wp\/v2\/product_brand?post=8152"},{"taxonomy":"product_cat","embeddable":true,"href":"https:\/\/site.astrofoto.com.pt\/welcome\/wp-json\/wp\/v2\/product_cat?post=8152"},{"taxonomy":"product_tag","embeddable":true,"href":"https:\/\/site.astrofoto.com.pt\/welcome\/wp-json\/wp\/v2\/product_tag?post=8152"}],"curies":[{"name":"wp","href":"https:\/\/api.w.org\/{rel}","templated":true}]}}