{"id":8135,"date":"2022-04-23T11:24:49","date_gmt":"2022-04-23T11:24:49","guid":{"rendered":"https:\/\/site.astrofoto.com.pt\/welcome\/?post_type=product&#038;p=8135"},"modified":"2025-09-19T10:36:35","modified_gmt":"2025-09-19T10:36:35","slug":"estacao-de-energia-orion-dynamo-pro-155wh-13ah","status":"publish","type":"product","link":"https:\/\/site.astrofoto.com.pt\/welcome\/produto\/estacao-de-energia-orion-dynamo-pro-155wh-13ah\/","title":{"rendered":"Esta\u00e7\u00e3o de Energia Orion Dynamo Pro 155Wh (13Ah)"},"content":{"rendered":"<p><strong>Esta\u00e7\u00e3o de Energia Orion Dynamo Pro 155Wh (13Ah)<\/strong><\/p>\n<p>\u2022 Saidas: 3x 5.5\/2.1mm + 3x ports USB<br \/>\n\u2022 L\u00e2mpada LED vermellha regul\u00e1vel.<br \/>\n\u2022 Indicador de consumo<br \/>\n\u2022 Cabos:\u00a0 1x cabo de isqueiro e \u00a01x cabo f\u00eamea<br \/>\n\u2022 Carregador\u00a0\u00a0\u00a0\u00a0\u00a0\u00a0\u00a0\u00a0 220V<br \/>\n\u2022 Peso: \u00a0\u00a0 1.5kg<\/p>\n<p>\u25baA nova Esta\u00e7\u00e3o de Energia Dynamo Pro 155Wh da Orion \u00e9 uma fonte de alimenta\u00e7\u00e3o<strong> com bateria de \u00edon de l\u00edtio<\/strong> que fornece energia suficiente para uso noturno do seu instrumento GOTO&#8230; e at\u00e9 mesmo de um PC! Na verdade com uma pot\u00eancia de 155Wh (equivalente a 13Ah em 12V) alimenta os equipamentos mais exigentes .<\/p>\n<p>\u25baDependendo do consumo e da dura\u00e7\u00e3o de uso durante uma sess\u00e3o de imagem, at\u00e9 um laptop pode ser ligado usando uma tomada de corrente (no formato EU).<\/p>\n","protected":false},"excerpt":{"rendered":"<p>Esta\u00e7\u00e3o de Energia Orion Dynamo Pro 155Wh (13Ah) \u2022 Saidas: 3x 5.5\/2.1mm + 3x ports USB \u2022 L\u00e2mpada LED vermellha regul\u00e1vel. \u2022 Indicador de consumo \u2022 Cabos:\u00a0 1x cabo de isqueiro e \u00a01x cabo f\u00eamea \u2022 Carregador\u00a0\u00a0\u00a0\u00a0\u00a0\u00a0\u00a0\u00a0 220V \u2022 Peso: \u00a0\u00a0 1.5kg \u25baA nova Esta\u00e7\u00e3o de Energia Dynamo Pro 155Wh da Orion \u00e9 uma fonte<\/p>\n<div class=\"more-link\">\n\t\t\t\t <a href=\"https:\/\/site.astrofoto.com.pt\/welcome\/produto\/estacao-de-energia-orion-dynamo-pro-155wh-13ah\/\" class=\"btn theme-btn inverted\"><span>Continuar a Ler <\/span><\/a>\n\t\t\t<\/div>\n","protected":false},"featured_media":8136,"comment_status":"closed","ping_status":"closed","template":"","meta":[],"product_brand":[],"product_cat":[75],"product_tag":[],"class_list":{"0":"post-8135","1":"product","2":"type-product","3":"status-publish","4":"has-post-thumbnail","6":"product_cat-baterias","8":"first","9":"outofstock","10":"shipping-taxable","11":"purchasable","12":"product-type-simple"},"_links":{"self":[{"href":"https:\/\/site.astrofoto.com.pt\/welcome\/wp-json\/wp\/v2\/product\/8135","targetHints":{"allow":["GET"]}}],"collection":[{"href":"https:\/\/site.astrofoto.com.pt\/welcome\/wp-json\/wp\/v2\/product"}],"about":[{"href":"https:\/\/site.astrofoto.com.pt\/welcome\/wp-json\/wp\/v2\/types\/product"}],"replies":[{"embeddable":true,"href":"https:\/\/site.astrofoto.com.pt\/welcome\/wp-json\/wp\/v2\/comments?post=8135"}],"wp:featuredmedia":[{"embeddable":true,"href":"https:\/\/site.astrofoto.com.pt\/welcome\/wp-json\/wp\/v2\/media\/8136"}],"wp:attachment":[{"href":"https:\/\/site.astrofoto.com.pt\/welcome\/wp-json\/wp\/v2\/media?parent=8135"}],"wp:term":[{"taxonomy":"product_brand","embeddable":true,"href":"https:\/\/site.astrofoto.com.pt\/welcome\/wp-json\/wp\/v2\/product_brand?post=8135"},{"taxonomy":"product_cat","embeddable":true,"href":"https:\/\/site.astrofoto.com.pt\/welcome\/wp-json\/wp\/v2\/product_cat?post=8135"},{"taxonomy":"product_tag","embeddable":true,"href":"https:\/\/site.astrofoto.com.pt\/welcome\/wp-json\/wp\/v2\/product_tag?post=8135"}],"curies":[{"name":"wp","href":"https:\/\/api.w.org\/{rel}","templated":true}]}}