{"id":8122,"date":"2022-04-19T13:55:58","date_gmt":"2022-04-19T13:55:58","guid":{"rendered":"https:\/\/site.astrofoto.com.pt\/welcome\/?post_type=product&#038;p=8122"},"modified":"2024-04-28T18:37:34","modified_gmt":"2024-04-28T18:37:34","slug":"telescopio-acuter-n-50-200-discovery","status":"publish","type":"product","link":"https:\/\/site.astrofoto.com.pt\/welcome\/produto\/telescopio-acuter-n-50-200-discovery\/","title":{"rendered":"Telescopio Acuter  N 50\/200 Newtony Discovery"},"content":{"rendered":"<p><strong>Telescopio Acuter N 50\/200 Newtony Discovery<\/strong><\/p>\n<p><strong><em>\u25baUm instrumento pedag\u00f3gico a baixo pre\u00e7o (Ciel et Espace)<\/em><\/strong><\/p>\n<p>\u2022 Reflector (Newton)<br \/>\n\u2022 Di\u00e2metro: 50mm<br \/>\n\u2022 Dist\u00e2ncia focal: 200mm f\/4<br \/>\n\u2022 Montagem: Altazimutal<br \/>\n\u2022 Ocular de 1.25&#8243;: 10mm<br \/>\n\u2022 Focador: helicoidal<br \/>\n\u2022 Magnitude limite: 10.5<br \/>\n\u2022 Peso do tubo: 0,5Kg<br \/>\n\u2022 Adaptador a smartphone<br \/>\n\u2022 Buscador\/mira por proje\u00e7\u00e3o em despolido<\/p>\n<p>\u25baOptimo para demonstrar a constru\u00e7\u00e3o &#8220;newton&#8221; (refletor) pela janela lateral (destac\u00e1vel).<\/p>\n","protected":false},"excerpt":{"rendered":"<p>Telescopio Acuter N 50\/200 Newtony Discovery \u25baUm instrumento pedag\u00f3gico a baixo pre\u00e7o (Ciel et Espace) \u2022 Reflector (Newton) \u2022 Di\u00e2metro: 50mm \u2022 Dist\u00e2ncia focal: 200mm f\/4 \u2022 Montagem: Altazimutal \u2022 Ocular de 1.25&#8243;: 10mm \u2022 Focador: helicoidal \u2022 Magnitude limite: 10.5 \u2022 Peso do tubo: 0,5Kg \u2022 Adaptador a smartphone \u2022 Buscador\/mira por proje\u00e7\u00e3o em<\/p>\n<div class=\"more-link\">\n\t\t\t\t <a href=\"https:\/\/site.astrofoto.com.pt\/welcome\/produto\/telescopio-acuter-n-50-200-discovery\/\" class=\"btn theme-btn inverted\"><span>Continuar a Ler <\/span><\/a>\n\t\t\t<\/div>\n","protected":false},"featured_media":8133,"comment_status":"closed","ping_status":"closed","template":"","meta":[],"product_brand":[],"product_cat":[67,15],"product_tag":[],"class_list":{"0":"post-8122","1":"product","2":"type-product","3":"status-publish","4":"has-post-thumbnail","6":"product_cat-https-site-astrofoto-com-pt-welcome-categoria-produto-novidade","7":"product_cat-telescopios-reflectores","9":"first","10":"onbackorder","11":"shipping-taxable","12":"purchasable","13":"product-type-simple"},"_links":{"self":[{"href":"https:\/\/site.astrofoto.com.pt\/welcome\/wp-json\/wp\/v2\/product\/8122","targetHints":{"allow":["GET"]}}],"collection":[{"href":"https:\/\/site.astrofoto.com.pt\/welcome\/wp-json\/wp\/v2\/product"}],"about":[{"href":"https:\/\/site.astrofoto.com.pt\/welcome\/wp-json\/wp\/v2\/types\/product"}],"replies":[{"embeddable":true,"href":"https:\/\/site.astrofoto.com.pt\/welcome\/wp-json\/wp\/v2\/comments?post=8122"}],"wp:featuredmedia":[{"embeddable":true,"href":"https:\/\/site.astrofoto.com.pt\/welcome\/wp-json\/wp\/v2\/media\/8133"}],"wp:attachment":[{"href":"https:\/\/site.astrofoto.com.pt\/welcome\/wp-json\/wp\/v2\/media?parent=8122"}],"wp:term":[{"taxonomy":"product_brand","embeddable":true,"href":"https:\/\/site.astrofoto.com.pt\/welcome\/wp-json\/wp\/v2\/product_brand?post=8122"},{"taxonomy":"product_cat","embeddable":true,"href":"https:\/\/site.astrofoto.com.pt\/welcome\/wp-json\/wp\/v2\/product_cat?post=8122"},{"taxonomy":"product_tag","embeddable":true,"href":"https:\/\/site.astrofoto.com.pt\/welcome\/wp-json\/wp\/v2\/product_tag?post=8122"}],"curies":[{"name":"wp","href":"https:\/\/api.w.org\/{rel}","templated":true}]}}