{"id":8113,"date":"2022-04-14T11:00:05","date_gmt":"2022-04-14T11:00:05","guid":{"rendered":"https:\/\/site.astrofoto.com.pt\/welcome\/?post_type=product&#038;p=8113"},"modified":"2024-08-06T13:21:25","modified_gmt":"2024-08-06T13:21:25","slug":"levenhuk-blaze-base-80-spotting-scope","status":"publish","type":"product","link":"https:\/\/site.astrofoto.com.pt\/welcome\/produto\/levenhuk-blaze-base-80-spotting-scope\/","title":{"rendered":"Levenhuk Blaze BASE 80 Spotting Scope"},"content":{"rendered":"<p><strong>Levenhuk Blaze BASE 80 Spotting Scope 20-60&#215;80<br \/>\n<\/strong><\/p>\n<p>Di\u00e2metro da objetiva: 80mm<br \/>\nAmplia\u00e7\u00e3o: 20-60x Zoom<br \/>\nCampo de vis\u00e3o: 2.2-1.1\u00ba<br \/>\nDist\u00e2ncia \u00e0 pupila: 21-15 mm<br \/>\nFoca a partir de: 8m<br \/>\nCampo de vis\u00e3o a 1000m: 38-19m<br \/>\nMaterial do corpo: pl\u00e1stico<br \/>\nRevestimento optico: Fully multicoated<br \/>\nBolsa de transporte: incluida<br \/>\nTrip\u00e9: de mesa em metal<br \/>\nPupila de sa\u00edda: 4-1.3mm<br \/>\nAjuste de dioptrias: \u00b14dioptrias<br \/>\nRosca: 1\/4 (de tripe fotografico)<\/p>\n<p>\u25ba tambem para ver a lua e os aneis de saturno<br \/>\n\u25ba sugest\u00e3o de trip\u00e9 alto: <a href=\"https:\/\/site.astrofoto.com.pt\/welcome\/produto\/tripe-fotomate-106\/\"><em>ver<\/em><\/a><\/p>\n<p>&nbsp;<\/p>\n<p>#63299<\/p>\n<p>&nbsp;<\/p>\n","protected":false},"excerpt":{"rendered":"<p>Levenhuk Blaze BASE 80 Spotting Scope 20-60&#215;80 Di\u00e2metro da objetiva: 80mm Amplia\u00e7\u00e3o: 20-60x Zoom Campo de vis\u00e3o: 2.2-1.1\u00ba Dist\u00e2ncia \u00e0 pupila: 21-15 mm Foca a partir de: 8m Campo de vis\u00e3o a 1000m: 38-19m Material do corpo: pl\u00e1stico Revestimento optico: Fully multicoated Bolsa de transporte: incluida Trip\u00e9: de mesa em metal Pupila de sa\u00edda: 4-1.3mm<\/p>\n<div class=\"more-link\">\n\t\t\t\t <a href=\"https:\/\/site.astrofoto.com.pt\/welcome\/produto\/levenhuk-blaze-base-80-spotting-scope\/\" class=\"btn theme-btn inverted\"><span>Continuar a Ler <\/span><\/a>\n\t\t\t<\/div>\n","protected":false},"featured_media":8114,"comment_status":"closed","ping_status":"closed","template":"","meta":[],"product_brand":[],"product_cat":[22],"product_tag":[],"class_list":{"0":"post-8113","1":"product","2":"type-product","3":"status-publish","4":"has-post-thumbnail","6":"product_cat-spotting-scopes","8":"first","9":"onbackorder","10":"shipping-taxable","11":"purchasable","12":"product-type-simple"},"_links":{"self":[{"href":"https:\/\/site.astrofoto.com.pt\/welcome\/wp-json\/wp\/v2\/product\/8113","targetHints":{"allow":["GET"]}}],"collection":[{"href":"https:\/\/site.astrofoto.com.pt\/welcome\/wp-json\/wp\/v2\/product"}],"about":[{"href":"https:\/\/site.astrofoto.com.pt\/welcome\/wp-json\/wp\/v2\/types\/product"}],"replies":[{"embeddable":true,"href":"https:\/\/site.astrofoto.com.pt\/welcome\/wp-json\/wp\/v2\/comments?post=8113"}],"wp:featuredmedia":[{"embeddable":true,"href":"https:\/\/site.astrofoto.com.pt\/welcome\/wp-json\/wp\/v2\/media\/8114"}],"wp:attachment":[{"href":"https:\/\/site.astrofoto.com.pt\/welcome\/wp-json\/wp\/v2\/media?parent=8113"}],"wp:term":[{"taxonomy":"product_brand","embeddable":true,"href":"https:\/\/site.astrofoto.com.pt\/welcome\/wp-json\/wp\/v2\/product_brand?post=8113"},{"taxonomy":"product_cat","embeddable":true,"href":"https:\/\/site.astrofoto.com.pt\/welcome\/wp-json\/wp\/v2\/product_cat?post=8113"},{"taxonomy":"product_tag","embeddable":true,"href":"https:\/\/site.astrofoto.com.pt\/welcome\/wp-json\/wp\/v2\/product_tag?post=8113"}],"curies":[{"name":"wp","href":"https:\/\/api.w.org\/{rel}","templated":true}]}}