{"id":8101,"date":"2022-04-07T16:59:09","date_gmt":"2022-04-07T16:59:09","guid":{"rendered":"https:\/\/site.astrofoto.com.pt\/welcome\/?post_type=product&#038;p=8101"},"modified":"2024-04-11T20:49:47","modified_gmt":"2024-04-11T20:49:47","slug":"camara-arrefecida-a-cores-zwo-asi-533mc-p","status":"publish","type":"product","link":"https:\/\/site.astrofoto.com.pt\/welcome\/produto\/camara-arrefecida-a-cores-zwo-asi-533mc-p\/","title":{"rendered":"Camara arrefecida a cores ZWO ASI 533MC-P"},"content":{"rendered":"<p><strong>C\u00e2mara arrefecida a cores ZWO ASI 533MC-P<\/strong><\/p>\n<p>\u2022 Sensor CMOS colorido IMX533 (9 milh\u00f5es de pixels)<br \/>\n\u2022 Tamanho do pixel: 3,76\u00b5<br \/>\n\u2022 Resolu\u00e7\u00e3o: 3008 x 3008px \/ 11,31mm x 11,31mm<br \/>\n\u2022 \u00c1rea: 127,91mm\u00b2<br \/>\n\u2022 Read noise: 1.0-3.8e<br \/>\n\u2022 QE Peak: 80%<br \/>\n\u2022 Full Well: 50000e<br \/>\n\u2022 ADC: 14bits<br \/>\n\u2022 Back focus: 6,5mm\/17,5mm<br \/>\n\u2022 Diagonal: 15,968mm<br \/>\n\u2022 Arrefecimento integrado para imagens de longa exposi\u00e7\u00e3o<br \/>\n\u2022 Entrada rosca f\u00eamea de 50,8 mm ou M42<br \/>\n\u2022 Em imagens planet\u00e1rias, permite obter uma resolu\u00e7\u00e3o de 3008 x 3008px na velocidade de 20 imagens\/segundo, a 14 bits.<br \/>\n\u2022 A velocidade de aquisi\u00e7\u00e3o atinge 216 imagens\/segundo em resolu\u00e7\u00e3o de 320 x 240px a 14 bits.<br \/>\n\u2022 A ASI1533MC-Pro possui uma rosca de entrada tipo M42 f\u00eamea. V\u00e1rios cabos e adaptadores s\u00e3o fornecidos para v\u00e1rias combina\u00e7\u00f5es<\/p>\n<p><strong>Software<\/strong><br \/>\n\u2022 Os drivers, o software de aquisi\u00e7\u00e3o e o manual do usu\u00e1rio (em ingl\u00eas) est\u00e3o dispon\u00edveis para download no site da ZWO<br \/>\n\u2022 Software ZWO. O ASI533MC-P \u00e9 compat\u00edvel com Windows, Linux, Arm-linux, Mac OSX. Um driver ASCOM est\u00e1 dispon\u00edvel. No entanto, requer a instala\u00e7\u00e3o pr\u00e9via do SDK (Software Development Kit) da ZWO, que pode ser baixado gratuitamente em seu site.<\/p>\n<p>\u25baPara a aquisi\u00e7\u00e3o de v\u00eddeos planet\u00e1rios, o software <a href=\"http:\/\/www.firecapture.de\/\"><strong>FireCapture<\/strong><\/a>, oferecido gratuitamente por Torsten Edelmann, suporta nativamente as c\u00e2maras ZWO.<\/p>\n<p>\u25ba<a href=\"http:\/\/astronomy-imaging-camera.com\/software-drivers\">Drivers<\/a><\/p>\n","protected":false},"excerpt":{"rendered":"<p>C\u00e2mara arrefecida a cores ZWO ASI 533MC-P \u2022 Sensor CMOS colorido IMX533 (9 milh\u00f5es de pixels) \u2022 Tamanho do pixel: 3,76\u00b5 \u2022 Resolu\u00e7\u00e3o: 3008 x 3008px \/ 11,31mm x 11,31mm \u2022 \u00c1rea: 127,91mm\u00b2 \u2022 Read noise: 1.0-3.8e \u2022 QE Peak: 80% \u2022 Full Well: 50000e \u2022 ADC: 14bits \u2022 Back focus: 6,5mm\/17,5mm \u2022 Diagonal: 15,968mm<\/p>\n<div class=\"more-link\">\n\t\t\t\t <a href=\"https:\/\/site.astrofoto.com.pt\/welcome\/produto\/camara-arrefecida-a-cores-zwo-asi-533mc-p\/\" class=\"btn theme-btn inverted\"><span>Continuar a Ler <\/span><\/a>\n\t\t\t<\/div>\n","protected":false},"featured_media":8102,"comment_status":"closed","ping_status":"closed","template":"","meta":[],"product_brand":[],"product_cat":[24],"product_tag":[],"class_list":{"0":"post-8101","1":"product","2":"type-product","3":"status-publish","4":"has-post-thumbnail","6":"product_cat-fotografia-astronomica","8":"first","9":"onbackorder","10":"sale","11":"shipping-taxable","12":"purchasable","13":"product-type-simple"},"_links":{"self":[{"href":"https:\/\/site.astrofoto.com.pt\/welcome\/wp-json\/wp\/v2\/product\/8101","targetHints":{"allow":["GET"]}}],"collection":[{"href":"https:\/\/site.astrofoto.com.pt\/welcome\/wp-json\/wp\/v2\/product"}],"about":[{"href":"https:\/\/site.astrofoto.com.pt\/welcome\/wp-json\/wp\/v2\/types\/product"}],"replies":[{"embeddable":true,"href":"https:\/\/site.astrofoto.com.pt\/welcome\/wp-json\/wp\/v2\/comments?post=8101"}],"wp:featuredmedia":[{"embeddable":true,"href":"https:\/\/site.astrofoto.com.pt\/welcome\/wp-json\/wp\/v2\/media\/8102"}],"wp:attachment":[{"href":"https:\/\/site.astrofoto.com.pt\/welcome\/wp-json\/wp\/v2\/media?parent=8101"}],"wp:term":[{"taxonomy":"product_brand","embeddable":true,"href":"https:\/\/site.astrofoto.com.pt\/welcome\/wp-json\/wp\/v2\/product_brand?post=8101"},{"taxonomy":"product_cat","embeddable":true,"href":"https:\/\/site.astrofoto.com.pt\/welcome\/wp-json\/wp\/v2\/product_cat?post=8101"},{"taxonomy":"product_tag","embeddable":true,"href":"https:\/\/site.astrofoto.com.pt\/welcome\/wp-json\/wp\/v2\/product_tag?post=8101"}],"curies":[{"name":"wp","href":"https:\/\/api.w.org\/{rel}","templated":true}]}}