{"id":8048,"date":"2022-03-22T15:04:18","date_gmt":"2022-03-22T15:04:18","guid":{"rendered":"https:\/\/site.astrofoto.com.pt\/welcome\/?post_type=product&#038;p=8048"},"modified":"2024-01-05T17:19:28","modified_gmt":"2024-01-05T17:19:28","slug":"lanterna-de-infravermelhos-vastfire-nv","status":"publish","type":"product","link":"https:\/\/site.astrofoto.com.pt\/welcome\/produto\/lanterna-de-infravermelhos-vastfire-nv\/","title":{"rendered":"Lanterna de Infra-vermelhos Vastfire NV"},"content":{"rendered":"<p><strong>Lanterna de Infra-vermelhos Vastfire NV<\/strong><\/p>\n<p>\u25baLanterna de vis\u00e3o noturna com l\u00e2mpada infra-vermelha 850nm com foco zoom<br \/>\n\u2022Luz IR invis\u00edvel: emite luz infravermelha com comprimento de onda de 850nm<br \/>\n\u2022Adequado para uso com equipamentos de vis\u00e3o noturna, nvs, nvg diy, telefones de c\u00e2mara, monocular, \u00f3culos de prote\u00e7\u00e3o e c\u00e2maras que n\u00e3o bloqueiam a luz infravermelha.<br \/>\n\u2022Lanterna de ca\u00e7a com vis\u00e3o noturna de foco ajust\u00e1vel<br \/>\n\u2022Intensificador de ilumina\u00e7\u00e3o perfeito para o seu dispositivo de vis\u00e3o noturna<br \/>\n\u2022Com o-ring selado, pode ser usado em dias h\u00famidos<br \/>\n\u2022Use o tipo de bateria: 1&#215;18650 3.7v recarreg\u00e1vel ou bateria normal (opcional)<\/p>\n<p>\u25baBateria recarreg\u00e1vel de \u00edon-l\u00edtio 3.7v #18650 mah.<br \/>\n\u2022Sem efeito de mem\u00f3ria, recarrega at\u00e9 500 ciclos.<\/p>\n<p>&nbsp;<\/p>\n","protected":false},"excerpt":{"rendered":"<p>Lanterna de Infra-vermelhos Vastfire NV \u25baLanterna de vis\u00e3o noturna com l\u00e2mpada infra-vermelha 850nm com foco zoom \u2022Luz IR invis\u00edvel: emite luz infravermelha com comprimento de onda de 850nm \u2022Adequado para uso com equipamentos de vis\u00e3o noturna, nvs, nvg diy, telefones de c\u00e2mara, monocular, \u00f3culos de prote\u00e7\u00e3o e c\u00e2maras que n\u00e3o bloqueiam a luz infravermelha. \u2022Lanterna<\/p>\n<div class=\"more-link\">\n\t\t\t\t <a href=\"https:\/\/site.astrofoto.com.pt\/welcome\/produto\/lanterna-de-infravermelhos-vastfire-nv\/\" class=\"btn theme-btn inverted\"><span>Continuar a Ler <\/span><\/a>\n\t\t\t<\/div>\n","protected":false},"featured_media":8051,"comment_status":"closed","ping_status":"closed","template":"","meta":[],"product_brand":[],"product_cat":[21],"product_tag":[],"class_list":{"0":"post-8048","1":"product","2":"type-product","3":"status-publish","4":"has-post-thumbnail","6":"product_cat-visao-nocturna","8":"first","9":"outofstock","10":"shipping-taxable","11":"purchasable","12":"product-type-simple"},"_links":{"self":[{"href":"https:\/\/site.astrofoto.com.pt\/welcome\/wp-json\/wp\/v2\/product\/8048","targetHints":{"allow":["GET"]}}],"collection":[{"href":"https:\/\/site.astrofoto.com.pt\/welcome\/wp-json\/wp\/v2\/product"}],"about":[{"href":"https:\/\/site.astrofoto.com.pt\/welcome\/wp-json\/wp\/v2\/types\/product"}],"replies":[{"embeddable":true,"href":"https:\/\/site.astrofoto.com.pt\/welcome\/wp-json\/wp\/v2\/comments?post=8048"}],"wp:featuredmedia":[{"embeddable":true,"href":"https:\/\/site.astrofoto.com.pt\/welcome\/wp-json\/wp\/v2\/media\/8051"}],"wp:attachment":[{"href":"https:\/\/site.astrofoto.com.pt\/welcome\/wp-json\/wp\/v2\/media?parent=8048"}],"wp:term":[{"taxonomy":"product_brand","embeddable":true,"href":"https:\/\/site.astrofoto.com.pt\/welcome\/wp-json\/wp\/v2\/product_brand?post=8048"},{"taxonomy":"product_cat","embeddable":true,"href":"https:\/\/site.astrofoto.com.pt\/welcome\/wp-json\/wp\/v2\/product_cat?post=8048"},{"taxonomy":"product_tag","embeddable":true,"href":"https:\/\/site.astrofoto.com.pt\/welcome\/wp-json\/wp\/v2\/product_tag?post=8048"}],"curies":[{"name":"wp","href":"https:\/\/api.w.org\/{rel}","templated":true}]}}