{"id":802,"date":"2015-09-04T19:07:09","date_gmt":"2015-09-04T19:07:09","guid":{"rendered":"http:\/\/site.astrofoto.com.pt\/welcome\/?post_type=product&#038;p=802"},"modified":"2024-02-07T15:12:27","modified_gmt":"2024-02-07T15:12:27","slug":"camara-atik-383-l","status":"publish","type":"product","link":"https:\/\/site.astrofoto.com.pt\/welcome\/produto\/camara-atik-383-l\/","title":{"rendered":"C\u00e2mara Atik 383 L+"},"content":{"rendered":"<p><a href=\"http:\/\/site.astrofoto.com.pt\/welcome\/wp-content\/uploads\/2015\/09\/f4.jpg\"><img fetchpriority=\"high\" decoding=\"async\" class=\"alignleft size-medium wp-image-803\" src=\"http:\/\/site.astrofoto.com.pt\/welcome\/wp-content\/uploads\/2015\/09\/f4-300x300.jpg\" alt=\"f4\" width=\"300\" height=\"300\" srcset=\"https:\/\/site.astrofoto.com.pt\/welcome\/wp-content\/uploads\/2015\/09\/f4-300x300.jpg 300w, https:\/\/site.astrofoto.com.pt\/welcome\/wp-content\/uploads\/2015\/09\/f4-100x100.jpg 100w, https:\/\/site.astrofoto.com.pt\/welcome\/wp-content\/uploads\/2015\/09\/f4-150x150.jpg 150w, https:\/\/site.astrofoto.com.pt\/welcome\/wp-content\/uploads\/2015\/09\/f4.jpg 325w\" sizes=\"(max-width: 300px) 100vw, 300px\" \/><\/a><strong>Atik 383L+ Mono<\/strong><\/p>\n<p>\u2022 Sensor: CCD &#8211; KAF-8300 (datasheet)<br \/>\n\u2022 Resolu\u00e7\u00e3o Horizontal: 3362 pixels<br \/>\n\u2022 Resolu\u00e7\u00e3o Vertical;\u00a0 2504 pixels<br \/>\n\u2022\u00a0 Tamanho do Pixel: 5.40\u00b5M x 5.40\u00b5M<br \/>\n\u2022 ADC 16 bit<br \/>\n\u2022 Readout Noise 7 e-<br \/>\n\u2022 Interface USB 2.0 High Speed<br \/>\n\u2022 Alimenta\u00e7\u00e3o: 12v DC 0.55A<br \/>\n\u2022 Tempo m\u00e1ximo de Exposi\u00e7\u00e3o: Ilimitado<br \/>\n\u2022 Tempo minimo de exposi\u00e7\u00e3o:\u00a0 3\/10 s<br \/>\n\u2022 Arrefecimento Termoel\u00e9trico max \u0394T=-40\u00b0C<br \/>\n\u2022 Backfocus: 17mm<br \/>\n\u2022 Rosca frontal: T (M42x0.75)<br \/>\n\u2022 Dimens\u00f5es: 112mm x 112mm, 79mm fundo<br \/>\n\u2022 Peso: ~700 gr<\/p>\n<p class=\"style12\">The ATIK 383L+, the standard redefined in medium-resolution cooled astronomy cameras The new Atik 383L+ is an 8 Megapixel camera using the Kodak KAF-8300 CCD. Over the last few months a huge amount has been written about this CCD, justifying its place in astronomer&#8217;s hearts. We can sum it up succinctly by saying it&#8217;s a fabulous CCD with a huge number of good-sized pixels that is currently available at an irresistible price. This sensor should redefine mid-range astro-imaging, making multi-megapixel, cooled cameras much more accessible. So what of ATIK&#8217;s implementation? In the past ATIK has prided itself on providing cameras with the very highest image quality but at reasonable cost- we see no reason to change. We have built on the success of our very highly regarded ATIK Platform 3 to support Kodak&#8217;s KAF-8300. This immediately offers a huge number of advantages including the very low read-noise circuits and the reliability from using this established design. The camera can be used with either the EFW-U or our new EFW2 and Off Axis Guider (coming soon). For focal ratios of f\/5 and above, standard 1.25 inch filters can be used without vignetting. Faster focal ratios will need flat-field correction or 36mm filters \u2022 8.3 Million 5.4\u03bcm square pixels for high-resolution imaging\u2022 Ultra low read-noise for great sensitivity\u2022 Lightweight &#8211; no flexure of the telescope focuser tube\u2022 Highly efficient setpoint cooling to 40 degrees max below ambient\u2022 Great software for image acquisition and pre-processing\u2022 Memory Buffer to reduce readout artifacts\u2022 High-Quality mechanical shutter\u2022 Externally accessible dessicant plugs \u2022 camera body with 2\u201d adaptor \u2022 3 meter USB cable<\/p>\n<p>\u2022 1.8 meter battery power connector (with car lighter plug) \u2022 universal (110-230V) power adaptor is included<br \/>\n\u2022 CD-ROM with drivers, software and user manual (PDF)<br \/>\n\u2022 quick start guide (printed)<\/p>\n<p>\u25ba<a href=\"https:\/\/www.atik-cameras.com\/\"><strong><em>mais info ATIK<\/em><\/strong><\/a><\/p>\n","protected":false},"excerpt":{"rendered":"<p>Atik 383L+ Mono \u2022 Sensor: CCD &#8211; KAF-8300 (datasheet) \u2022 Resolu\u00e7\u00e3o Horizontal: 3362 pixels \u2022 Resolu\u00e7\u00e3o Vertical;\u00a0 2504 pixels \u2022\u00a0 Tamanho do Pixel: 5.40\u00b5M x 5.40\u00b5M \u2022 ADC 16 bit \u2022 Readout Noise 7 e- \u2022 Interface USB 2.0 High Speed \u2022 Alimenta\u00e7\u00e3o: 12v DC 0.55A \u2022 Tempo m\u00e1ximo de Exposi\u00e7\u00e3o: Ilimitado \u2022 Tempo minimo<\/p>\n<div class=\"more-link\">\n\t\t\t\t <a href=\"https:\/\/site.astrofoto.com.pt\/welcome\/produto\/camara-atik-383-l\/\" class=\"btn theme-btn inverted\"><span>Continuar a Ler <\/span><\/a>\n\t\t\t<\/div>\n","protected":false},"featured_media":803,"comment_status":"open","ping_status":"closed","template":"","meta":[],"product_brand":[],"product_cat":[24],"product_tag":[],"class_list":{"0":"post-802","1":"product","2":"type-product","3":"status-publish","4":"has-post-thumbnail","6":"product_cat-fotografia-astronomica","8":"first","9":"onbackorder","10":"shipping-taxable","11":"purchasable","12":"product-type-simple"},"_links":{"self":[{"href":"https:\/\/site.astrofoto.com.pt\/welcome\/wp-json\/wp\/v2\/product\/802","targetHints":{"allow":["GET"]}}],"collection":[{"href":"https:\/\/site.astrofoto.com.pt\/welcome\/wp-json\/wp\/v2\/product"}],"about":[{"href":"https:\/\/site.astrofoto.com.pt\/welcome\/wp-json\/wp\/v2\/types\/product"}],"replies":[{"embeddable":true,"href":"https:\/\/site.astrofoto.com.pt\/welcome\/wp-json\/wp\/v2\/comments?post=802"}],"wp:featuredmedia":[{"embeddable":true,"href":"https:\/\/site.astrofoto.com.pt\/welcome\/wp-json\/wp\/v2\/media\/803"}],"wp:attachment":[{"href":"https:\/\/site.astrofoto.com.pt\/welcome\/wp-json\/wp\/v2\/media?parent=802"}],"wp:term":[{"taxonomy":"product_brand","embeddable":true,"href":"https:\/\/site.astrofoto.com.pt\/welcome\/wp-json\/wp\/v2\/product_brand?post=802"},{"taxonomy":"product_cat","embeddable":true,"href":"https:\/\/site.astrofoto.com.pt\/welcome\/wp-json\/wp\/v2\/product_cat?post=802"},{"taxonomy":"product_tag","embeddable":true,"href":"https:\/\/site.astrofoto.com.pt\/welcome\/wp-json\/wp\/v2\/product_tag?post=802"}],"curies":[{"name":"wp","href":"https:\/\/api.w.org\/{rel}","templated":true}]}}